{"id":145,"date":"2016-06-20T13:40:17","date_gmt":"2016-06-20T11:40:17","guid":{"rendered":"http:\/\/midtjylland.danmarksveteraner.dk\/wordpress\/?page_id=145"},"modified":"2017-12-09T17:37:00","modified_gmt":"2017-12-09T16:37:00","slug":"lokalforeningens-aktiviteter","status":"publish","type":"page","link":"https:\/\/midtjylland.danmarksveteraner.dk\/wordpress\/?page_id=145","title":{"rendered":"Lokalforeningens aktiviteter"},"content":{"rendered":"<p>Se lokalforeningen Midtjyllands <a href=\"http:\/\/midtjylland.danmarksveteraner.dk\/wordpress\/?page_id=17\">aktivitetskalender<\/a><\/p>\n<p>M\u00f8der og lokale arrangementer afholdes normalt ved<\/p>\n<p>HJVD \u00d8stjylland, Grimh\u00f8jvej 1, 8220 Brabrand<\/p>\n<p><a href=\"http:\/\/midtjylland.danmarksveteraner.dk\/wordpress\/wp-content\/uploads\/2016\/06\/Grimh\u00f8jvej-1.jpg\"><img loading=\"lazy\" decoding=\"async\" class=\"wp-image-192 alignleft\" src=\"http:\/\/midtjylland.danmarksveteraner.dk\/wordpress\/wp-content\/uploads\/2016\/06\/Grimh\u00f8jvej-1.jpg\" alt=\"Grimh\u00f8jvej 1\" width=\"173\" height=\"97\" \/><br \/>\n<\/a><\/p>\n<p>&nbsp;<\/p>\n<p>&nbsp;<\/p>\n<p>&nbsp;<\/p>\n<p>&nbsp;<\/p>\n<p>&nbsp;<\/p>\n<p>&nbsp;<\/p>\n<p>&nbsp;<\/p>\n<p>&nbsp;<\/p>\n","protected":false},"excerpt":{"rendered":"<p>Se lokalforeningen Midtjyllands aktivitetskalender M\u00f8der og lokale arrangementer afholdes normalt ved HJVD \u00d8stjylland, Grimh\u00f8jvej 1, 8220 Brabrand &nbsp; &nbsp; &nbsp;<\/p>\n","protected":false},"author":1,"featured_media":0,"parent":17,"menu_order":0,"comment_status":"closed","ping_status":"closed","template":"","meta":{"colormag_page_container_layout":"default_layout","colormag_page_sidebar_layout":"default_layout","footnotes":""},"class_list":["post-145","page","type-page","status-publish","hentry"],"_links":{"self":[{"href":"https:\/\/midtjylland.danmarksveteraner.dk\/wordpress\/index.php?rest_route=\/wp\/v2\/pages\/145"}],"collection":[{"href":"https:\/\/midtjylland.danmarksveteraner.dk\/wordpress\/index.php?rest_route=\/wp\/v2\/pages"}],"about":[{"href":"https:\/\/midtjylland.danmarksveteraner.dk\/wordpress\/index.php?rest_route=\/wp\/v2\/types\/page"}],"author":[{"embeddable":true,"href":"https:\/\/midtjylland.danmarksveteraner.dk\/wordpress\/index.php?rest_route=\/wp\/v2\/users\/1"}],"replies":[{"embeddable":true,"href":"https:\/\/midtjylland.danmarksveteraner.dk\/wordpress\/index.php?rest_route=%2Fwp%2Fv2%2Fcomments&post=145"}],"version-history":[{"count":8,"href":"https:\/\/midtjylland.danmarksveteraner.dk\/wordpress\/index.php?rest_route=\/wp\/v2\/pages\/145\/revisions"}],"predecessor-version":[{"id":1937,"href":"https:\/\/midtjylland.danmarksveteraner.dk\/wordpress\/index.php?rest_route=\/wp\/v2\/pages\/145\/revisions\/1937"}],"up":[{"embeddable":true,"href":"https:\/\/midtjylland.danmarksveteraner.dk\/wordpress\/index.php?rest_route=\/wp\/v2\/pages\/17"}],"wp:attachment":[{"href":"https:\/\/midtjylland.danmarksveteraner.dk\/wordpress\/index.php?rest_route=%2Fwp%2Fv2%2Fmedia&parent=145"}],"curies":[{"name":"wp","href":"https:\/\/api.w.org\/{rel}","templated":true}]}}