{"id":2106,"date":"2018-01-31T17:43:32","date_gmt":"2018-01-31T16:43:32","guid":{"rendered":"http:\/\/midtjylland.danmarksveteraner.dk\/wordpress\/?page_id=2106"},"modified":"2018-01-31T17:44:27","modified_gmt":"2018-01-31T16:44:27","slug":"fn-dag-d-24-oktober-2016","status":"publish","type":"page","link":"https:\/\/midtjylland.danmarksveteraner.dk\/wordpress\/?page_id=2106","title":{"rendered":"FN-dag, d. 24. oktober 2016"},"content":{"rendered":"<p>DV Midtjylland deltog p\u00e5 FN-dagen ved arrangementet p\u00e5 Rindsholm Kro ved Viborg med 14 medlemmer.<br \/>\nM\u00f8det startede kl. 18.00 i Mindelunden med taler af Viborgs formand, Ingerlise Klaris og krofatter Frode, blomsternedl\u00e6gning ved mindestenene og afsluttede som s\u00e6dvanligt med sidste vers af &#8220;Altid frejdig&#8221;<br \/>\nHerefter fortrak vi til krostuen, hvor krofatter serverede biksemad med spejl\u00e6g og \u00e6blekage for de fremm\u00f8dte 84 veteraner fra alle de omkringliggende lokalforeninger.<br \/>\n\n<table id=\"tablepress-5\" class=\"tablepress tablepress-id-5\">\n<tbody class=\"row-striping row-hover\">\n<tr class=\"row-1\">\n\t<td class=\"column-1\"><a href=\"http:\/\/midtjylland.danmarksveteraner.dk\/wordpress\/wp-content\/uploads\/2016\/10\/IMG_0010-e1477759055257.jpg\"><img loading=\"lazy\" decoding=\"async\" src=\"http:\/\/midtjylland.danmarksveteraner.dk\/wordpress\/wp-content\/uploads\/2016\/10\/IMG_0010-300x200.jpg\" alt=\"img_0010\" width=\"300\" height=\"200\" class=\"alignnone size-medium wp-image-469\" \/><\/a><\/td><td class=\"column-2\"><a href=\"http:\/\/midtjylland.danmarksveteraner.dk\/wordpress\/wp-content\/uploads\/2016\/10\/IMG_0012-e1477759080439.jpg\"><img loading=\"lazy\" decoding=\"async\" src=\"http:\/\/midtjylland.danmarksveteraner.dk\/wordpress\/wp-content\/uploads\/2016\/10\/IMG_0012-300x200.jpg\" alt=\"img_0012\" width=\"300\" height=\"200\" class=\"alignnone size-medium wp-image-467\" \/><\/a><\/td>\n<\/tr>\n<tr class=\"row-2\">\n\t<td class=\"column-1\"><a href=\"http:\/\/midtjylland.danmarksveteraner.dk\/wordpress\/wp-content\/uploads\/2016\/10\/IMG_0004-e1477759102724.jpg\"><img loading=\"lazy\" decoding=\"async\" src=\"http:\/\/midtjylland.danmarksveteraner.dk\/wordpress\/wp-content\/uploads\/2016\/10\/IMG_0004-300x200.jpg\" alt=\"img_0004\" width=\"300\" height=\"200\" class=\"alignnone size-medium wp-image-465\" \/><\/a><\/td><td class=\"column-2\"><a href=\"http:\/\/midtjylland.danmarksveteraner.dk\/wordpress\/wp-content\/uploads\/2016\/10\/IMG_0011-e1477758452232.jpg\"><img loading=\"lazy\" decoding=\"async\" src=\"http:\/\/midtjylland.danmarksveteraner.dk\/wordpress\/wp-content\/uploads\/2016\/10\/IMG_0011-300x200.jpg\" alt=\"img_0011\" width=\"300\" height=\"200\" class=\"alignnone size-medium wp-image-460\" \/><\/a><\/td>\n<\/tr>\n<tr class=\"row-3\">\n\t<td class=\"column-1\"><a href=\"http:\/\/midtjylland.danmarksveteraner.dk\/wordpress\/wp-content\/uploads\/2016\/10\/IMG_0007-e1477759092532.jpg\"><img loading=\"lazy\" decoding=\"async\" src=\"http:\/\/midtjylland.danmarksveteraner.dk\/wordpress\/wp-content\/uploads\/2016\/10\/IMG_0007-300x200.jpg\" alt=\"img_0007\" width=\"300\" height=\"200\" class=\"alignnone size-medium wp-image-466\" \/><\/a><\/td><td class=\"column-2\"><a href=\"http:\/\/midtjylland.danmarksveteraner.dk\/wordpress\/wp-content\/uploads\/2016\/10\/IMG_0006-e1477758437477.jpg\"><img loading=\"lazy\" decoding=\"async\" src=\"http:\/\/midtjylland.danmarksveteraner.dk\/wordpress\/wp-content\/uploads\/2016\/10\/IMG_0006-300x200.jpg\" alt=\"img_0006\" width=\"300\" height=\"200\" class=\"alignnone size-medium wp-image-459\" \/><\/a><\/td>\n<\/tr>\n<tr class=\"row-4\">\n\t<td class=\"column-1\"><a href=\"http:\/\/midtjylland.danmarksveteraner.dk\/wordpress\/wp-content\/uploads\/2016\/10\/2016-10-24-18.29.36-e1477758419841.jpg\"><img loading=\"lazy\" decoding=\"async\" src=\"http:\/\/midtjylland.danmarksveteraner.dk\/wordpress\/wp-content\/uploads\/2016\/10\/2016-10-24-18.29.36-300x169.jpg\" alt=\"2016-10-24-18-29-36\" width=\"300\" height=\"169\" class=\"alignnone size-medium wp-image-409\" \/><\/a><\/td><td class=\"column-2\"><a href=\"http:\/\/midtjylland.danmarksveteraner.dk\/wordpress\/wp-content\/uploads\/2016\/10\/IMG_0014-e1477759067473.jpg\"><img loading=\"lazy\" decoding=\"async\" src=\"http:\/\/midtjylland.danmarksveteraner.dk\/wordpress\/wp-content\/uploads\/2016\/10\/IMG_0014-300x200.jpg\" alt=\"img_0014\" width=\"300\" height=\"200\" class=\"alignnone size-medium wp-image-468\" \/><\/a><\/td>\n<\/tr>\n<tr class=\"row-5\">\n\t<td class=\"column-1\"><a href=\"http:\/\/midtjylland.danmarksveteraner.dk\/wordpress\/wp-content\/uploads\/2016\/10\/2016-10-24-18.40.22-e1477758373966.jpg\"><img loading=\"lazy\" decoding=\"async\" src=\"http:\/\/midtjylland.danmarksveteraner.dk\/wordpress\/wp-content\/uploads\/2016\/10\/2016-10-24-18.40.22-300x169.jpg\" alt=\"2016-10-24-18-40-22\" width=\"300\" height=\"169\" class=\"alignnone size-medium wp-image-411\" \/><\/a><\/td><td class=\"column-2\"><a href=\"http:\/\/midtjylland.danmarksveteraner.dk\/wordpress\/wp-content\/uploads\/2016\/10\/2016-10-24-18.39.54-e1477758400334.jpg\"><img loading=\"lazy\" decoding=\"async\" src=\"http:\/\/midtjylland.danmarksveteraner.dk\/wordpress\/wp-content\/uploads\/2016\/10\/2016-10-24-18.39.54-300x169.jpg\" alt=\"2016-10-24-18-39-54\" width=\"300\" height=\"169\" class=\"alignnone size-medium wp-image-410\" \/><\/a><\/td>\n<\/tr>\n<tr class=\"row-6\">\n\t<td class=\"column-1\"><a href=\"http:\/\/midtjylland.danmarksveteraner.dk\/wordpress\/wp-content\/uploads\/2016\/11\/WP_20161024_18_38_03_Pro-2.jpg\"><img loading=\"lazy\" decoding=\"async\" src=\"http:\/\/midtjylland.danmarksveteraner.dk\/wordpress\/wp-content\/uploads\/2016\/11\/WP_20161024_18_38_03_Pro-2-300x169.jpg\" alt=\"wp_20161024_18_38_03_pro-2\" width=\"300\" height=\"169\" class=\"alignnone size-medium wp-image-493\" srcset=\"https:\/\/midtjylland.danmarksveteraner.dk\/wordpress\/wp-content\/uploads\/2016\/11\/WP_20161024_18_38_03_Pro-2-300x169.jpg 300w, https:\/\/midtjylland.danmarksveteraner.dk\/wordpress\/wp-content\/uploads\/2016\/11\/WP_20161024_18_38_03_Pro-2-768x432.jpg 768w, https:\/\/midtjylland.danmarksveteraner.dk\/wordpress\/wp-content\/uploads\/2016\/11\/WP_20161024_18_38_03_Pro-2-1024x576.jpg 1024w, https:\/\/midtjylland.danmarksveteraner.dk\/wordpress\/wp-content\/uploads\/2016\/11\/WP_20161024_18_38_03_Pro-2.jpg 1277w\" sizes=\"(max-width: 300px) 100vw, 300px\" \/><\/a><\/td><td class=\"column-2\"><a href=\"http:\/\/midtjylland.danmarksveteraner.dk\/wordpress\/wp-content\/uploads\/2016\/11\/WP_20161024_18_37_47_Pro-2.jpg\"><img loading=\"lazy\" decoding=\"async\" src=\"http:\/\/midtjylland.danmarksveteraner.dk\/wordpress\/wp-content\/uploads\/2016\/11\/WP_20161024_18_37_47_Pro-2-300x169.jpg\" alt=\"wp_20161024_18_37_47_pro-2\" width=\"300\" height=\"169\" class=\"alignnone size-medium wp-image-492\" srcset=\"https:\/\/midtjylland.danmarksveteraner.dk\/wordpress\/wp-content\/uploads\/2016\/11\/WP_20161024_18_37_47_Pro-2-300x169.jpg 300w, https:\/\/midtjylland.danmarksveteraner.dk\/wordpress\/wp-content\/uploads\/2016\/11\/WP_20161024_18_37_47_Pro-2-768x432.jpg 768w, https:\/\/midtjylland.danmarksveteraner.dk\/wordpress\/wp-content\/uploads\/2016\/11\/WP_20161024_18_37_47_Pro-2-1024x576.jpg 1024w, https:\/\/midtjylland.danmarksveteraner.dk\/wordpress\/wp-content\/uploads\/2016\/11\/WP_20161024_18_37_47_Pro-2.jpg 1277w\" sizes=\"(max-width: 300px) 100vw, 300px\" \/><\/a><\/td>\n<\/tr>\n<tr class=\"row-7\">\n\t<td class=\"column-1\"><a href=\"http:\/\/midtjylland.danmarksveteraner.dk\/wordpress\/wp-content\/uploads\/2016\/11\/WP_20161024_18_37_12_Pro-2.jpg\"><img loading=\"lazy\" decoding=\"async\" src=\"http:\/\/midtjylland.danmarksveteraner.dk\/wordpress\/wp-content\/uploads\/2016\/11\/WP_20161024_18_37_12_Pro-2-225x300.jpg\" alt=\"wp_20161024_18_37_12_pro-2\" width=\"225\" height=\"300\" class=\"alignnone size-medium wp-image-491\" srcset=\"https:\/\/midtjylland.danmarksveteraner.dk\/wordpress\/wp-content\/uploads\/2016\/11\/WP_20161024_18_37_12_Pro-2-225x300.jpg 225w, https:\/\/midtjylland.danmarksveteraner.dk\/wordpress\/wp-content\/uploads\/2016\/11\/WP_20161024_18_37_12_Pro-2-768x1022.jpg 768w, https:\/\/midtjylland.danmarksveteraner.dk\/wordpress\/wp-content\/uploads\/2016\/11\/WP_20161024_18_37_12_Pro-2-769x1024.jpg 769w, https:\/\/midtjylland.danmarksveteraner.dk\/wordpress\/wp-content\/uploads\/2016\/11\/WP_20161024_18_37_12_Pro-2.jpg 960w\" sizes=\"(max-width: 225px) 100vw, 225px\" \/><\/a><\/td><td class=\"column-2\"><a href=\"http:\/\/midtjylland.danmarksveteraner.dk\/wordpress\/wp-content\/uploads\/2016\/11\/WP_20161024_18_37_12_Pro-1.jpg\"><img loading=\"lazy\" decoding=\"async\" src=\"http:\/\/midtjylland.danmarksveteraner.dk\/wordpress\/wp-content\/uploads\/2016\/11\/WP_20161024_18_37_12_Pro-1-300x169.jpg\" alt=\"wp_20161024_18_37_12_pro-1\" width=\"300\" height=\"169\" class=\"alignnone size-medium wp-image-490\" srcset=\"https:\/\/midtjylland.danmarksveteraner.dk\/wordpress\/wp-content\/uploads\/2016\/11\/WP_20161024_18_37_12_Pro-1-300x169.jpg 300w, https:\/\/midtjylland.danmarksveteraner.dk\/wordpress\/wp-content\/uploads\/2016\/11\/WP_20161024_18_37_12_Pro-1-768x432.jpg 768w, https:\/\/midtjylland.danmarksveteraner.dk\/wordpress\/wp-content\/uploads\/2016\/11\/WP_20161024_18_37_12_Pro-1-1024x576.jpg 1024w, https:\/\/midtjylland.danmarksveteraner.dk\/wordpress\/wp-content\/uploads\/2016\/11\/WP_20161024_18_37_12_Pro-1.jpg 1176w\" sizes=\"(max-width: 300px) 100vw, 300px\" \/><\/a><\/td>\n<\/tr>\n<\/tbody>\n<\/table>\n<!-- #tablepress-5 from cache --><br \/>\nUnder middagen blev der overrakt \u00e5rets fredsprismedaljer (til dem som havde ans\u00f8gt). Fra Midtjylland overrakte formand Per Ole Overgaard Nobels Fredsprismedalje til Michael Karlsen.<br \/>\n\n<table id=\"tablepress-7\" class=\"tablepress tablepress-id-7\">\n<thead>\n<tr class=\"row-1\">\n\t<th class=\"column-1\"><a href=\"http:\/\/midtjylland.danmarksveteraner.dk\/wordpress\/wp-content\/uploads\/2016\/10\/2016-10-24-19.33.30-e1477759154278.jpg\"><img loading=\"lazy\" decoding=\"async\" src=\"http:\/\/midtjylland.danmarksveteraner.dk\/wordpress\/wp-content\/uploads\/2016\/10\/2016-10-24-19.33.30-300x169.jpg\" alt=\"2016-10-24-19-33-30\" width=\"300\" height=\"169\" class=\"alignnone size-medium wp-image-412\" \/><\/a><\/th><th class=\"column-2\"><a href=\"http:\/\/midtjylland.danmarksveteraner.dk\/wordpress\/wp-content\/uploads\/2016\/10\/2016-10-24-19.34.21-e1477759141906.jpg\"><img loading=\"lazy\" decoding=\"async\" src=\"http:\/\/midtjylland.danmarksveteraner.dk\/wordpress\/wp-content\/uploads\/2016\/10\/2016-10-24-19.34.21-300x169.jpg\" alt=\"2016-10-24-19-34-21\" width=\"300\" height=\"169\" class=\"alignnone size-medium wp-image-413\" \/><\/a><\/th>\n<\/tr>\n<\/thead>\n<tbody class=\"row-striping row-hover\">\n<\/tbody>\n<\/table>\n<!-- #tablepress-7 from cache --><br \/>\nEfter middagen blev der holdt et (lidt l\u00e6ngere) foredrag af pensioneret vicepolitikommiss\u00e6r Orla Bech fra Silkeborg b\u00e5de om hans liv som politibetjent i Danmark og senere som udsendt til ex-Jugoslavien.<br \/>\nArrangementet sluttede ca. 21.30<\/p>\n","protected":false},"excerpt":{"rendered":"<p>DV Midtjylland deltog p\u00e5 FN-dagen ved arrangementet p\u00e5 Rindsholm Kro ved Viborg med 14 medlemmer. M\u00f8det startede kl. 18.00 i<\/p>\n","protected":false},"author":2,"featured_media":0,"parent":2005,"menu_order":3,"comment_status":"closed","ping_status":"closed","template":"","meta":{"colormag_page_container_layout":"default_layout","colormag_page_sidebar_layout":"default_layout","footnotes":""},"class_list":["post-2106","page","type-page","status-publish","hentry"],"_links":{"self":[{"href":"https:\/\/midtjylland.danmarksveteraner.dk\/wordpress\/index.php?rest_route=\/wp\/v2\/pages\/2106"}],"collection":[{"href":"https:\/\/midtjylland.danmarksveteraner.dk\/wordpress\/index.php?rest_route=\/wp\/v2\/pages"}],"about":[{"href":"https:\/\/midtjylland.danmarksveteraner.dk\/wordpress\/index.php?rest_route=\/wp\/v2\/types\/page"}],"author":[{"embeddable":true,"href":"https:\/\/midtjylland.danmarksveteraner.dk\/wordpress\/index.php?rest_route=\/wp\/v2\/users\/2"}],"replies":[{"embeddable":true,"href":"https:\/\/midtjylland.danmarksveteraner.dk\/wordpress\/index.php?rest_route=%2Fwp%2Fv2%2Fcomments&post=2106"}],"version-history":[{"count":2,"href":"https:\/\/midtjylland.danmarksveteraner.dk\/wordpress\/index.php?rest_route=\/wp\/v2\/pages\/2106\/revisions"}],"predecessor-version":[{"id":2108,"href":"https:\/\/midtjylland.danmarksveteraner.dk\/wordpress\/index.php?rest_route=\/wp\/v2\/pages\/2106\/revisions\/2108"}],"up":[{"embeddable":true,"href":"https:\/\/midtjylland.danmarksveteraner.dk\/wordpress\/index.php?rest_route=\/wp\/v2\/pages\/2005"}],"wp:attachment":[{"href":"https:\/\/midtjylland.danmarksveteraner.dk\/wordpress\/index.php?rest_route=%2Fwp%2Fv2%2Fmedia&parent=2106"}],"curies":[{"name":"wp","href":"https:\/\/api.w.org\/{rel}","templated":true}]}}