{"id":2121,"date":"2018-01-31T23:07:09","date_gmt":"2018-01-31T22:07:09","guid":{"rendered":"http:\/\/midtjylland.danmarksveteraner.dk\/wordpress\/?page_id=2121"},"modified":"2018-01-31T23:10:08","modified_gmt":"2018-01-31T22:10:08","slug":"22-december-2016","status":"publish","type":"page","link":"https:\/\/midtjylland.danmarksveteraner.dk\/wordpress\/?page_id=2121","title":{"rendered":"22. december 2016"},"content":{"rendered":"<p>22. december 2016<br \/>\nDer var samlet ca. 30 veteraner og p\u00e5r\u00f8rende til kransenedl\u00e6gning ved mindestenene i Danske Soldaters Mindelund ved Rindsholm Kro. Efter ceremonien i Mindelunden var der kaffe og kringle p\u00e5 kroen.<\/p>\n<p><a href=\"http:\/\/midtjylland.danmarksveteraner.dk\/wordpress\/wp-content\/uploads\/2016\/05\/Kransel\u00e6gning-22-december-16.jpg\"><img loading=\"lazy\" decoding=\"async\" class=\"alignnone wp-image-776\" src=\"http:\/\/midtjylland.danmarksveteraner.dk\/wordpress\/wp-content\/uploads\/2016\/05\/Kransel\u00e6gning-22-december-16-300x168.jpg\" alt=\"\" width=\"493\" height=\"276\" srcset=\"https:\/\/midtjylland.danmarksveteraner.dk\/wordpress\/wp-content\/uploads\/2016\/05\/Kransel\u00e6gning-22-december-16-300x168.jpg 300w, https:\/\/midtjylland.danmarksveteraner.dk\/wordpress\/wp-content\/uploads\/2016\/05\/Kransel\u00e6gning-22-december-16.jpg 550w\" sizes=\"(max-width: 493px) 100vw, 493px\" \/><\/a><\/p>\n<p><a href=\"http:\/\/www.dbbv.dk\/Nyheder\/nyhed_226.html\">Link til mere<\/a><\/p>\n","protected":false},"excerpt":{"rendered":"<p>22. december 2016 Der var samlet ca. 30 veteraner og p\u00e5r\u00f8rende til kransenedl\u00e6gning ved mindestenene i Danske Soldaters Mindelund ved<\/p>\n","protected":false},"author":2,"featured_media":0,"parent":2005,"menu_order":8,"comment_status":"closed","ping_status":"closed","template":"","meta":{"colormag_page_container_layout":"default_layout","colormag_page_sidebar_layout":"default_layout","footnotes":""},"class_list":["post-2121","page","type-page","status-publish","hentry"],"_links":{"self":[{"href":"https:\/\/midtjylland.danmarksveteraner.dk\/wordpress\/index.php?rest_route=\/wp\/v2\/pages\/2121"}],"collection":[{"href":"https:\/\/midtjylland.danmarksveteraner.dk\/wordpress\/index.php?rest_route=\/wp\/v2\/pages"}],"about":[{"href":"https:\/\/midtjylland.danmarksveteraner.dk\/wordpress\/index.php?rest_route=\/wp\/v2\/types\/page"}],"author":[{"embeddable":true,"href":"https:\/\/midtjylland.danmarksveteraner.dk\/wordpress\/index.php?rest_route=\/wp\/v2\/users\/2"}],"replies":[{"embeddable":true,"href":"https:\/\/midtjylland.danmarksveteraner.dk\/wordpress\/index.php?rest_route=%2Fwp%2Fv2%2Fcomments&post=2121"}],"version-history":[{"count":4,"href":"https:\/\/midtjylland.danmarksveteraner.dk\/wordpress\/index.php?rest_route=\/wp\/v2\/pages\/2121\/revisions"}],"predecessor-version":[{"id":2125,"href":"https:\/\/midtjylland.danmarksveteraner.dk\/wordpress\/index.php?rest_route=\/wp\/v2\/pages\/2121\/revisions\/2125"}],"up":[{"embeddable":true,"href":"https:\/\/midtjylland.danmarksveteraner.dk\/wordpress\/index.php?rest_route=\/wp\/v2\/pages\/2005"}],"wp:attachment":[{"href":"https:\/\/midtjylland.danmarksveteraner.dk\/wordpress\/index.php?rest_route=%2Fwp%2Fv2%2Fmedia&parent=2121"}],"curies":[{"name":"wp","href":"https:\/\/api.w.org\/{rel}","templated":true}]}}