{"id":2139,"date":"2018-01-31T23:23:48","date_gmt":"2018-01-31T22:23:48","guid":{"rendered":"http:\/\/midtjylland.danmarksveteraner.dk\/wordpress\/?page_id=2139"},"modified":"2018-01-31T23:23:48","modified_gmt":"2018-01-31T22:23:48","slug":"valdemarsdag-15-juni-2017","status":"publish","type":"page","link":"https:\/\/midtjylland.danmarksveteraner.dk\/wordpress\/?page_id=2139","title":{"rendered":"Valdemarsdag 15. juni 2017"},"content":{"rendered":"<p>Valdemarsdag 15. juni 2017<br \/>\nTorsdag d. 15. juni 2017 fejredes Valdemarsdag med gudstjeneste i Vor Frue Kirke. Derefter marcherede de 22 fremm\u00f8dte faner gennem byen til r\u00e5dhuset til flagets fest. P\u00e5 r\u00e5dhuset blev man budt velkommen af 2. viceborgmester Marc Perera Christensen og talen for flaget blev holdt af forfatteren Leif Hjern\u00f8e. Efter f\u00e6llessang uddelte Danmarks-Samfundet flaggaver til ans\u00f8gene foreninger. Midlerne til flag og faner stammer fra salget af de sm\u00e5 dannebrogsflag til 2 kr. stykket. Efter dette uddeltes Sankt Georg Gildernes flagpris 2017. Til slut f\u00e6llessang og derefter blev fanerne f\u00f8rt ud.<br \/>\n\n<table id=\"tablepress-34\" class=\"tablepress tablepress-id-34\">\n<thead>\n<tr class=\"row-1\">\n\t<th class=\"column-1\"><a href=\"http:\/\/midtjylland.danmarksveteraner.dk\/wordpress\/wp-content\/uploads\/2017\/06\/WP_20170615_19_59_20_Pro.jpg\"><img loading=\"lazy\" decoding=\"async\" src=\"http:\/\/midtjylland.danmarksveteraner.dk\/wordpress\/wp-content\/uploads\/2017\/06\/WP_20170615_19_59_20_Pro-300x169.jpg\" alt=\"\" width=\"300\" height=\"169\" class=\"alignnone size-medium wp-image-1263\" srcset=\"https:\/\/midtjylland.danmarksveteraner.dk\/wordpress\/wp-content\/uploads\/2017\/06\/WP_20170615_19_59_20_Pro-300x169.jpg 300w, https:\/\/midtjylland.danmarksveteraner.dk\/wordpress\/wp-content\/uploads\/2017\/06\/WP_20170615_19_59_20_Pro-768x432.jpg 768w, https:\/\/midtjylland.danmarksveteraner.dk\/wordpress\/wp-content\/uploads\/2017\/06\/WP_20170615_19_59_20_Pro-1024x576.jpg 1024w, https:\/\/midtjylland.danmarksveteraner.dk\/wordpress\/wp-content\/uploads\/2017\/06\/WP_20170615_19_59_20_Pro.jpg 1277w\" sizes=\"(max-width: 300px) 100vw, 300px\" \/><\/a><\/th><th class=\"column-2\"><a href=\"http:\/\/midtjylland.danmarksveteraner.dk\/wordpress\/wp-content\/uploads\/2017\/06\/WP_20170615_19_59_12_Pro.jpg\"><img loading=\"lazy\" decoding=\"async\" src=\"http:\/\/midtjylland.danmarksveteraner.dk\/wordpress\/wp-content\/uploads\/2017\/06\/WP_20170615_19_59_12_Pro-300x169.jpg\" alt=\"\" width=\"300\" height=\"169\" class=\"alignnone size-medium wp-image-1261\" srcset=\"https:\/\/midtjylland.danmarksveteraner.dk\/wordpress\/wp-content\/uploads\/2017\/06\/WP_20170615_19_59_12_Pro-300x169.jpg 300w, https:\/\/midtjylland.danmarksveteraner.dk\/wordpress\/wp-content\/uploads\/2017\/06\/WP_20170615_19_59_12_Pro-768x432.jpg 768w, https:\/\/midtjylland.danmarksveteraner.dk\/wordpress\/wp-content\/uploads\/2017\/06\/WP_20170615_19_59_12_Pro.jpg 868w\" sizes=\"(max-width: 300px) 100vw, 300px\" \/><\/a><\/th>\n<\/tr>\n<\/thead>\n<tbody class=\"row-striping row-hover\">\n<tr class=\"row-2\">\n\t<td class=\"column-1\"><a href=\"http:\/\/midtjylland.danmarksveteraner.dk\/wordpress\/wp-content\/uploads\/2017\/06\/WP_20170615_18_18_38_Pro.jpg\"><img loading=\"lazy\" decoding=\"async\" src=\"http:\/\/midtjylland.danmarksveteraner.dk\/wordpress\/wp-content\/uploads\/2017\/06\/WP_20170615_18_18_38_Pro-300x169.jpg\" alt=\"\" width=\"300\" height=\"169\" class=\"alignnone size-medium wp-image-1260\" srcset=\"https:\/\/midtjylland.danmarksveteraner.dk\/wordpress\/wp-content\/uploads\/2017\/06\/WP_20170615_18_18_38_Pro-300x169.jpg 300w, https:\/\/midtjylland.danmarksveteraner.dk\/wordpress\/wp-content\/uploads\/2017\/06\/WP_20170615_18_18_38_Pro-768x432.jpg 768w, https:\/\/midtjylland.danmarksveteraner.dk\/wordpress\/wp-content\/uploads\/2017\/06\/WP_20170615_18_18_38_Pro-1024x576.jpg 1024w, https:\/\/midtjylland.danmarksveteraner.dk\/wordpress\/wp-content\/uploads\/2017\/06\/WP_20170615_18_18_38_Pro.jpg 1277w\" sizes=\"(max-width: 300px) 100vw, 300px\" \/><\/a><\/td><td class=\"column-2\"><a href=\"http:\/\/midtjylland.danmarksveteraner.dk\/wordpress\/wp-content\/uploads\/2017\/06\/WP_20170615_19_59_20_Pro-2.jpg\"><img loading=\"lazy\" decoding=\"async\" src=\"http:\/\/midtjylland.danmarksveteraner.dk\/wordpress\/wp-content\/uploads\/2017\/06\/WP_20170615_19_59_20_Pro-2-300x169.jpg\" alt=\"\" width=\"300\" height=\"169\" class=\"alignnone size-medium wp-image-1262\" srcset=\"https:\/\/midtjylland.danmarksveteraner.dk\/wordpress\/wp-content\/uploads\/2017\/06\/WP_20170615_19_59_20_Pro-2-300x169.jpg 300w, https:\/\/midtjylland.danmarksveteraner.dk\/wordpress\/wp-content\/uploads\/2017\/06\/WP_20170615_19_59_20_Pro-2-768x432.jpg 768w, https:\/\/midtjylland.danmarksveteraner.dk\/wordpress\/wp-content\/uploads\/2017\/06\/WP_20170615_19_59_20_Pro-2.jpg 772w\" sizes=\"(max-width: 300px) 100vw, 300px\" \/><\/a><\/td>\n<\/tr>\n<tr class=\"row-3\">\n\t<td class=\"column-1\"><a href=\"http:\/\/midtjylland.danmarksveteraner.dk\/wordpress\/wp-content\/uploads\/2017\/06\/WP_20170615_20_02_56_Pro-3.jpg\"><img loading=\"lazy\" decoding=\"async\" src=\"http:\/\/midtjylland.danmarksveteraner.dk\/wordpress\/wp-content\/uploads\/2017\/06\/WP_20170615_20_02_56_Pro-3-168x300.jpg\" alt=\"\" width=\"168\" height=\"300\" class=\"alignnone size-medium wp-image-1264\" srcset=\"https:\/\/midtjylland.danmarksveteraner.dk\/wordpress\/wp-content\/uploads\/2017\/06\/WP_20170615_20_02_56_Pro-3-168x300.jpg 168w, https:\/\/midtjylland.danmarksveteraner.dk\/wordpress\/wp-content\/uploads\/2017\/06\/WP_20170615_20_02_56_Pro-3.jpg 556w\" sizes=\"(max-width: 168px) 100vw, 168px\" \/><\/a><\/td><td class=\"column-2\"><\/td>\n<\/tr>\n<\/tbody>\n<\/table>\n<!-- #tablepress-34 from cache --><\/p>\n","protected":false},"excerpt":{"rendered":"<p>Valdemarsdag 15. juni 2017 Torsdag d. 15. juni 2017 fejredes Valdemarsdag med gudstjeneste i Vor Frue Kirke. Derefter marcherede de<\/p>\n","protected":false},"author":2,"featured_media":0,"parent":2007,"menu_order":4,"comment_status":"closed","ping_status":"closed","template":"","meta":{"colormag_page_container_layout":"default_layout","colormag_page_sidebar_layout":"default_layout","footnotes":""},"class_list":["post-2139","page","type-page","status-publish","hentry"],"_links":{"self":[{"href":"https:\/\/midtjylland.danmarksveteraner.dk\/wordpress\/index.php?rest_route=\/wp\/v2\/pages\/2139"}],"collection":[{"href":"https:\/\/midtjylland.danmarksveteraner.dk\/wordpress\/index.php?rest_route=\/wp\/v2\/pages"}],"about":[{"href":"https:\/\/midtjylland.danmarksveteraner.dk\/wordpress\/index.php?rest_route=\/wp\/v2\/types\/page"}],"author":[{"embeddable":true,"href":"https:\/\/midtjylland.danmarksveteraner.dk\/wordpress\/index.php?rest_route=\/wp\/v2\/users\/2"}],"replies":[{"embeddable":true,"href":"https:\/\/midtjylland.danmarksveteraner.dk\/wordpress\/index.php?rest_route=%2Fwp%2Fv2%2Fcomments&post=2139"}],"version-history":[{"count":1,"href":"https:\/\/midtjylland.danmarksveteraner.dk\/wordpress\/index.php?rest_route=\/wp\/v2\/pages\/2139\/revisions"}],"predecessor-version":[{"id":2140,"href":"https:\/\/midtjylland.danmarksveteraner.dk\/wordpress\/index.php?rest_route=\/wp\/v2\/pages\/2139\/revisions\/2140"}],"up":[{"embeddable":true,"href":"https:\/\/midtjylland.danmarksveteraner.dk\/wordpress\/index.php?rest_route=\/wp\/v2\/pages\/2007"}],"wp:attachment":[{"href":"https:\/\/midtjylland.danmarksveteraner.dk\/wordpress\/index.php?rest_route=%2Fwp%2Fv2%2Fmedia&parent=2139"}],"curies":[{"name":"wp","href":"https:\/\/api.w.org\/{rel}","templated":true}]}}