{"id":2146,"date":"2018-01-31T23:29:39","date_gmt":"2018-01-31T22:29:39","guid":{"rendered":"http:\/\/midtjylland.danmarksveteraner.dk\/wordpress\/?page_id=2146"},"modified":"2019-08-03T11:33:50","modified_gmt":"2019-08-03T09:33:50","slug":"soldaterforeningsskydning","status":"publish","type":"page","link":"https:\/\/midtjylland.danmarksveteraner.dk\/wordpress\/?page_id=2146","title":{"rendered":"Soldaterforeningsskydning"},"content":{"rendered":"<p>S\u00f8ndag den 17. september deltog 6 veteraner i den \u00e5rlige soldaterforeningsskydning ved Ebeltoft Marineforening.<br \/>\nVi startede dagen med formel flaghejsning, efterfulgt af kaffe, rundstykker m.m. (+ en lille skarp). Derefter startede skydningen, hygge p\u00e5 terrassen med en pilsner indtil vi fik serveret frokost. Efter frokosten var der pr\u00e6mieuddeling hvor vi dog ikke var placeret mellem de 3 bedste hold (igen). Der var dog pr\u00e6mie til bedste skytte fra hver forening som for vores vedkommende gik til Palle Stausholm.<br \/>\nSoldaterforeningsskydning ved Ebeltoft Marineforening<br \/>\nNiels Ole Piil, Jens Hou, Lars Hansen, Niels Carlsen, Vindfeld Bostrup, Palle Stausholm<\/p>\n<figure id=\"attachment_1752\" aria-describedby=\"caption-attachment-1752\" style=\"width: 300px\" class=\"wp-caption alignnone\"><a href=\"https:\/\/midtjylland.danmarksveteraner.dk\/wordpress\/wp-content\/uploads\/2017\/10\/2017-09-17-13.40.18.jpg\"><img loading=\"lazy\" decoding=\"async\" class=\"size-medium wp-image-1752\" src=\"https:\/\/midtjylland.danmarksveteraner.dk\/wordpress\/wp-content\/uploads\/2017\/10\/2017-09-17-13.40.18-300x225.jpg\" alt=\"\" width=\"300\" height=\"225\" srcset=\"https:\/\/midtjylland.danmarksveteraner.dk\/wordpress\/wp-content\/uploads\/2017\/10\/2017-09-17-13.40.18-300x225.jpg 300w, https:\/\/midtjylland.danmarksveteraner.dk\/wordpress\/wp-content\/uploads\/2017\/10\/2017-09-17-13.40.18-768x576.jpg 768w, https:\/\/midtjylland.danmarksveteraner.dk\/wordpress\/wp-content\/uploads\/2017\/10\/2017-09-17-13.40.18-1024x768.jpg 1024w\" sizes=\"(max-width: 300px) 100vw, 300px\" \/><\/a><figcaption id=\"caption-attachment-1752\" class=\"wp-caption-text\">Soldaterforeningskydning ved Ebeltoft Marineforening<br \/>Niels Ole Piil, Jens Hou, Lars Hansen, Niels Carlsen, Vindfeld Bostrup, Palle Stausholm<\/figcaption><\/figure>\n<p>Soldaterforeningsskydning ved Ebeltoft Marineforening 17. september 2017<br \/>\n\n<table id=\"tablepress-36\" class=\"tablepress tablepress-id-36\">\n<thead>\n<tr class=\"row-1\">\n\t<th class=\"column-1\"><a href=\"http:\/\/midtjylland.danmarksveteraner.dk\/wordpress\/wp-content\/uploads\/2017\/09\/2017-09-17-11.39.51.jpg\"><img loading=\"lazy\" decoding=\"async\" src=\"http:\/\/midtjylland.danmarksveteraner.dk\/wordpress\/wp-content\/uploads\/2017\/09\/2017-09-17-11.39.51-300x225.jpg\" alt=\"\" width=\"300\" height=\"225\" class=\"alignnone size-medium wp-image-1636\" srcset=\"https:\/\/midtjylland.danmarksveteraner.dk\/wordpress\/wp-content\/uploads\/2017\/09\/2017-09-17-11.39.51-300x225.jpg 300w, https:\/\/midtjylland.danmarksveteraner.dk\/wordpress\/wp-content\/uploads\/2017\/09\/2017-09-17-11.39.51-768x576.jpg 768w, https:\/\/midtjylland.danmarksveteraner.dk\/wordpress\/wp-content\/uploads\/2017\/09\/2017-09-17-11.39.51-1024x768.jpg 1024w\" sizes=\"(max-width: 300px) 100vw, 300px\" \/><\/a><\/th><th class=\"column-2\"><a href=\"http:\/\/midtjylland.danmarksveteraner.dk\/wordpress\/wp-content\/uploads\/2017\/09\/2017-09-17-12.11.11.jpg\"><img loading=\"lazy\" decoding=\"async\" src=\"http:\/\/midtjylland.danmarksveteraner.dk\/wordpress\/wp-content\/uploads\/2017\/09\/2017-09-17-12.11.11-300x225.jpg\" alt=\"\" width=\"300\" height=\"225\" class=\"alignnone size-medium wp-image-1637\" srcset=\"https:\/\/midtjylland.danmarksveteraner.dk\/wordpress\/wp-content\/uploads\/2017\/09\/2017-09-17-12.11.11-300x225.jpg 300w, https:\/\/midtjylland.danmarksveteraner.dk\/wordpress\/wp-content\/uploads\/2017\/09\/2017-09-17-12.11.11-768x576.jpg 768w, https:\/\/midtjylland.danmarksveteraner.dk\/wordpress\/wp-content\/uploads\/2017\/09\/2017-09-17-12.11.11-1024x768.jpg 1024w\" sizes=\"(max-width: 300px) 100vw, 300px\" \/><\/a><\/th>\n<\/tr>\n<\/thead>\n<tbody class=\"row-striping row-hover\">\n<tr class=\"row-2\">\n\t<td class=\"column-1\"><a href=\"http:\/\/midtjylland.danmarksveteraner.dk\/wordpress\/wp-content\/uploads\/2017\/09\/2017-09-17-12.11.44-13.jpg\"><img loading=\"lazy\" decoding=\"async\" src=\"http:\/\/midtjylland.danmarksveteraner.dk\/wordpress\/wp-content\/uploads\/2017\/09\/2017-09-17-12.11.44-13-300x225.jpg\" alt=\"\" width=\"300\" height=\"225\" class=\"alignnone size-medium wp-image-1638\" srcset=\"https:\/\/midtjylland.danmarksveteraner.dk\/wordpress\/wp-content\/uploads\/2017\/09\/2017-09-17-12.11.44-13-300x225.jpg 300w, https:\/\/midtjylland.danmarksveteraner.dk\/wordpress\/wp-content\/uploads\/2017\/09\/2017-09-17-12.11.44-13-768x576.jpg 768w, https:\/\/midtjylland.danmarksveteraner.dk\/wordpress\/wp-content\/uploads\/2017\/09\/2017-09-17-12.11.44-13-1024x768.jpg 1024w\" sizes=\"(max-width: 300px) 100vw, 300px\" \/><\/a><\/td><td class=\"column-2\"><a href=\"http:\/\/midtjylland.danmarksveteraner.dk\/wordpress\/wp-content\/uploads\/2017\/09\/2017-09-17-13.35.12.jpg\"><img loading=\"lazy\" decoding=\"async\" src=\"http:\/\/midtjylland.danmarksveteraner.dk\/wordpress\/wp-content\/uploads\/2017\/09\/2017-09-17-13.35.12-300x225.jpg\" alt=\"\" width=\"300\" height=\"225\" class=\"alignnone size-medium wp-image-1639\" srcset=\"https:\/\/midtjylland.danmarksveteraner.dk\/wordpress\/wp-content\/uploads\/2017\/09\/2017-09-17-13.35.12-300x225.jpg 300w, https:\/\/midtjylland.danmarksveteraner.dk\/wordpress\/wp-content\/uploads\/2017\/09\/2017-09-17-13.35.12-768x576.jpg 768w, https:\/\/midtjylland.danmarksveteraner.dk\/wordpress\/wp-content\/uploads\/2017\/09\/2017-09-17-13.35.12-1024x768.jpg 1024w\" sizes=\"(max-width: 300px) 100vw, 300px\" \/><\/a><\/td>\n<\/tr>\n<tr class=\"row-3\">\n\t<td class=\"column-1\"><a href=\"http:\/\/midtjylland.danmarksveteraner.dk\/wordpress\/wp-content\/uploads\/2017\/09\/2017-09-17-13.40.18.jpg\"><img loading=\"lazy\" decoding=\"async\" src=\"http:\/\/midtjylland.danmarksveteraner.dk\/wordpress\/wp-content\/uploads\/2017\/09\/2017-09-17-13.40.18-300x225.jpg\" alt=\"\" width=\"300\" height=\"225\" class=\"alignnone size-medium wp-image-1640\" srcset=\"https:\/\/midtjylland.danmarksveteraner.dk\/wordpress\/wp-content\/uploads\/2017\/09\/2017-09-17-13.40.18-300x225.jpg 300w, https:\/\/midtjylland.danmarksveteraner.dk\/wordpress\/wp-content\/uploads\/2017\/09\/2017-09-17-13.40.18-768x576.jpg 768w, https:\/\/midtjylland.danmarksveteraner.dk\/wordpress\/wp-content\/uploads\/2017\/09\/2017-09-17-13.40.18-1024x768.jpg 1024w\" sizes=\"(max-width: 300px) 100vw, 300px\" \/><\/a><\/td><td class=\"column-2\"><\/td>\n<\/tr>\n<\/tbody>\n<\/table>\n<!-- #tablepress-36 from cache --><\/p>\n","protected":false},"excerpt":{"rendered":"<p>S\u00f8ndag den 17. september deltog 6 veteraner i den \u00e5rlige soldaterforeningsskydning ved Ebeltoft Marineforening. Vi startede dagen med formel flaghejsning,<\/p>\n","protected":false},"author":2,"featured_media":0,"parent":2007,"menu_order":7,"comment_status":"closed","ping_status":"closed","template":"","meta":{"colormag_page_container_layout":"default_layout","colormag_page_sidebar_layout":"default_layout","footnotes":""},"class_list":["post-2146","page","type-page","status-publish","hentry"],"_links":{"self":[{"href":"https:\/\/midtjylland.danmarksveteraner.dk\/wordpress\/index.php?rest_route=\/wp\/v2\/pages\/2146"}],"collection":[{"href":"https:\/\/midtjylland.danmarksveteraner.dk\/wordpress\/index.php?rest_route=\/wp\/v2\/pages"}],"about":[{"href":"https:\/\/midtjylland.danmarksveteraner.dk\/wordpress\/index.php?rest_route=\/wp\/v2\/types\/page"}],"author":[{"embeddable":true,"href":"https:\/\/midtjylland.danmarksveteraner.dk\/wordpress\/index.php?rest_route=\/wp\/v2\/users\/2"}],"replies":[{"embeddable":true,"href":"https:\/\/midtjylland.danmarksveteraner.dk\/wordpress\/index.php?rest_route=%2Fwp%2Fv2%2Fcomments&post=2146"}],"version-history":[{"count":2,"href":"https:\/\/midtjylland.danmarksveteraner.dk\/wordpress\/index.php?rest_route=\/wp\/v2\/pages\/2146\/revisions"}],"predecessor-version":[{"id":3472,"href":"https:\/\/midtjylland.danmarksveteraner.dk\/wordpress\/index.php?rest_route=\/wp\/v2\/pages\/2146\/revisions\/3472"}],"up":[{"embeddable":true,"href":"https:\/\/midtjylland.danmarksveteraner.dk\/wordpress\/index.php?rest_route=\/wp\/v2\/pages\/2007"}],"wp:attachment":[{"href":"https:\/\/midtjylland.danmarksveteraner.dk\/wordpress\/index.php?rest_route=%2Fwp%2Fv2%2Fmedia&parent=2146"}],"curies":[{"name":"wp","href":"https:\/\/api.w.org\/{rel}","templated":true}]}}