{"id":2153,"date":"2018-01-31T23:34:51","date_gmt":"2018-01-31T22:34:51","guid":{"rendered":"http:\/\/midtjylland.danmarksveteraner.dk\/wordpress\/?page_id=2153"},"modified":"2018-01-31T23:34:51","modified_gmt":"2018-01-31T22:34:51","slug":"vaabenstilstandsdag-11-november","status":"publish","type":"page","link":"https:\/\/midtjylland.danmarksveteraner.dk\/wordpress\/?page_id=2153","title":{"rendered":"V\u00e5benstilstandsdag 11. november"},"content":{"rendered":"<p>V\u00e5benstilstandsdagen for 1. verdenskrig d. 11. november 1918 kl. 11<br \/>\n11-11-kl. 11 Mindeparken Aarhus<br \/>\nUnder 1. verdenskrig faldt 3900 s\u00f8nderjyder i tysk tjeneste. Fra 1934 og frem til i dag mindes hvert \u00e5r p\u00e5 v\u00e5benstilstandandsdagen den 11 november alle faldne danske i 1. Verdenskrig ved monumentet i Mindeparken i Aarhus. Faldne s\u00f8nderjyder i tysk tjeneste, frivillige i de allierede h\u00e6re og omkomne danske s\u00f8folk. I alt 4140 navne p\u00e5 faldne danske er indskrevet i kalksten fra Euville i Frankrig.<br \/>\nPrinsens Musikkorps spillede i rotunden og 15 soldaterforeningsfaner m.fl. blev f\u00f8rt ind, hvorefter Garnisonskommandant oberst Bo Engelund Engelbreth b\u00f8d velkommen. Kl. 11.00 blev der r\u00e5bt \u201dHOLD INDE\u201d og der var et minuts stilhed. \u00c5rets tale ved veteran fra frihedskampen; officer i h\u00e6r og hjemmev\u00e6rn og konsulent cand. jur. Mogens Skj\u00f8th. En historisk gennemgang hvor Mogens Skj\u00f8th gennem to danske personligheder, Hans. M. Lunding, dansk Military rytter, oberst, modstandsmand og chef for Forsvarets efteretningstj. 1950-63 og Thomas Dinesen, dansk forfatter, soldat og frivillig i 1. verdenskrig, trak tr\u00e5de fra den s\u00f8nderjyske tid under tysk herred\u00f8mme f\u00f8r 1920, over bes\u00e6ttelsen og frem til tiden efter befrielsen i 45. Herudover bidrog Mogens Skj\u00f8th tillige med personlige oplevelser i perioden. En medlevende historisk gennemgang med udgangspunkt i de tusinde navne over unge faldne s\u00f8nderjyder i tysk tjeneste indskrevet i Monumentet, som \u00e5rets taler som ung i 1934 overv\u00e6rede indvielsen af.<br \/>\nGarnison Aarhus har allerede p\u00e5begyndt forberedelserne til fejringen af 100 \u00e5rs dagen for v\u00e5benstilstanden.<br \/>\nNyttigt link om S\u00f8nderjylland og s\u00f8nderjyder under F\u00f8rste Verdenskrig 1914-1918: www.denstorekrig1914-1918<br \/>\n\n<table id=\"tablepress-39\" class=\"tablepress tablepress-id-39\">\n<thead>\n<tr class=\"row-1\">\n\t<th class=\"column-1\"><a href=\"http:\/\/midtjylland.danmarksveteraner.dk\/wordpress\/wp-content\/uploads\/2017\/11\/WP_20171111_11_13_19_Pro-1.jpg\"><img loading=\"lazy\" decoding=\"async\" src=\"http:\/\/midtjylland.danmarksveteraner.dk\/wordpress\/wp-content\/uploads\/2017\/11\/WP_20171111_11_13_19_Pro-1-300x169.jpg\" alt=\"\" width=\"300\" height=\"169\" class=\"alignnone size-medium wp-image-1860\" srcset=\"https:\/\/midtjylland.danmarksveteraner.dk\/wordpress\/wp-content\/uploads\/2017\/11\/WP_20171111_11_13_19_Pro-1-300x169.jpg 300w, https:\/\/midtjylland.danmarksveteraner.dk\/wordpress\/wp-content\/uploads\/2017\/11\/WP_20171111_11_13_19_Pro-1-768x432.jpg 768w, https:\/\/midtjylland.danmarksveteraner.dk\/wordpress\/wp-content\/uploads\/2017\/11\/WP_20171111_11_13_19_Pro-1-1024x576.jpg 1024w, https:\/\/midtjylland.danmarksveteraner.dk\/wordpress\/wp-content\/uploads\/2017\/11\/WP_20171111_11_13_19_Pro-1.jpg 1277w\" sizes=\"(max-width: 300px) 100vw, 300px\" \/><\/a><\/th><th class=\"column-2\"><a href=\"http:\/\/midtjylland.danmarksveteraner.dk\/wordpress\/wp-content\/uploads\/2017\/11\/WP_20171111_11_03_03_Pro-2.jpg\"><img loading=\"lazy\" decoding=\"async\" src=\"http:\/\/midtjylland.danmarksveteraner.dk\/wordpress\/wp-content\/uploads\/2017\/11\/WP_20171111_11_03_03_Pro-2-300x127.jpg\" alt=\"\" width=\"300\" height=\"127\" class=\"alignnone size-medium wp-image-1859\" srcset=\"https:\/\/midtjylland.danmarksveteraner.dk\/wordpress\/wp-content\/uploads\/2017\/11\/WP_20171111_11_03_03_Pro-2-300x127.jpg 300w, https:\/\/midtjylland.danmarksveteraner.dk\/wordpress\/wp-content\/uploads\/2017\/11\/WP_20171111_11_03_03_Pro-2-768x326.jpg 768w, https:\/\/midtjylland.danmarksveteraner.dk\/wordpress\/wp-content\/uploads\/2017\/11\/WP_20171111_11_03_03_Pro-2-1024x435.jpg 1024w, https:\/\/midtjylland.danmarksveteraner.dk\/wordpress\/wp-content\/uploads\/2017\/11\/WP_20171111_11_03_03_Pro-2.jpg 1277w\" sizes=\"(max-width: 300px) 100vw, 300px\" \/><\/a><\/th>\n<\/tr>\n<\/thead>\n<tbody class=\"row-striping row-hover\">\n<tr class=\"row-2\">\n\t<td class=\"column-1\"><a href=\"http:\/\/midtjylland.danmarksveteraner.dk\/wordpress\/wp-content\/uploads\/2017\/11\/Scan_20171112-td.png\"><img loading=\"lazy\" decoding=\"async\" src=\"http:\/\/midtjylland.danmarksveteraner.dk\/wordpress\/wp-content\/uploads\/2017\/11\/Scan_20171112-td-143x300.png\" alt=\"\" width=\"143\" height=\"300\" class=\"alignnone size-medium wp-image-1858\" srcset=\"https:\/\/midtjylland.danmarksveteraner.dk\/wordpress\/wp-content\/uploads\/2017\/11\/Scan_20171112-td-143x300.png 143w, https:\/\/midtjylland.danmarksveteraner.dk\/wordpress\/wp-content\/uploads\/2017\/11\/Scan_20171112-td-488x1024.png 488w, https:\/\/midtjylland.danmarksveteraner.dk\/wordpress\/wp-content\/uploads\/2017\/11\/Scan_20171112-td.png 682w\" sizes=\"(max-width: 143px) 100vw, 143px\" \/><\/a><\/td><td class=\"column-2\"><a href=\"http:\/\/midtjylland.danmarksveteraner.dk\/wordpress\/wp-content\/uploads\/2017\/11\/Scan_20171112-ld-ol.png\"><img loading=\"lazy\" decoding=\"async\" src=\"http:\/\/midtjylland.danmarksveteraner.dk\/wordpress\/wp-content\/uploads\/2017\/11\/Scan_20171112-ld-ol-300x295.png\" alt=\"\" width=\"300\" height=\"295\" class=\"alignnone size-medium wp-image-1857\" srcset=\"https:\/\/midtjylland.danmarksveteraner.dk\/wordpress\/wp-content\/uploads\/2017\/11\/Scan_20171112-ld-ol-300x295.png 300w, https:\/\/midtjylland.danmarksveteraner.dk\/wordpress\/wp-content\/uploads\/2017\/11\/Scan_20171112-ld-ol-768x756.png 768w, https:\/\/midtjylland.danmarksveteraner.dk\/wordpress\/wp-content\/uploads\/2017\/11\/Scan_20171112-ld-ol.png 818w\" sizes=\"(max-width: 300px) 100vw, 300px\" \/><\/a><\/td>\n<\/tr>\n<tr class=\"row-3\">\n\t<td class=\"column-1\"><a href=\"http:\/\/midtjylland.danmarksveteraner.dk\/wordpress\/wp-content\/uploads\/2017\/11\/Scan_20171112-kps-ld.png\"><img loading=\"lazy\" decoding=\"async\" src=\"http:\/\/midtjylland.danmarksveteraner.dk\/wordpress\/wp-content\/uploads\/2017\/11\/Scan_20171112-kps-ld-300x233.png\" alt=\"\" width=\"300\" height=\"233\" class=\"alignnone size-medium wp-image-1856\" srcset=\"https:\/\/midtjylland.danmarksveteraner.dk\/wordpress\/wp-content\/uploads\/2017\/11\/Scan_20171112-kps-ld-300x233.png 300w, https:\/\/midtjylland.danmarksveteraner.dk\/wordpress\/wp-content\/uploads\/2017\/11\/Scan_20171112-kps-ld-768x596.png 768w, https:\/\/midtjylland.danmarksveteraner.dk\/wordpress\/wp-content\/uploads\/2017\/11\/Scan_20171112-kps-ld.png 974w\" sizes=\"(max-width: 300px) 100vw, 300px\" \/><\/a><\/td><td class=\"column-2\"><a href=\"http:\/\/midtjylland.danmarksveteraner.dk\/wordpress\/wp-content\/uploads\/2017\/11\/Scan_20171112-gb.png\"><img loading=\"lazy\" decoding=\"async\" src=\"http:\/\/midtjylland.danmarksveteraner.dk\/wordpress\/wp-content\/uploads\/2017\/11\/Scan_20171112-gb-220x300.png\" alt=\"\" width=\"220\" height=\"300\" class=\"alignnone size-medium wp-image-1855\" srcset=\"https:\/\/midtjylland.danmarksveteraner.dk\/wordpress\/wp-content\/uploads\/2017\/11\/Scan_20171112-gb-220x300.png 220w, https:\/\/midtjylland.danmarksveteraner.dk\/wordpress\/wp-content\/uploads\/2017\/11\/Scan_20171112-gb-768x1049.png 768w, https:\/\/midtjylland.danmarksveteraner.dk\/wordpress\/wp-content\/uploads\/2017\/11\/Scan_20171112-gb-750x1024.png 750w, https:\/\/midtjylland.danmarksveteraner.dk\/wordpress\/wp-content\/uploads\/2017\/11\/Scan_20171112-gb.png 876w\" sizes=\"(max-width: 220px) 100vw, 220px\" \/><\/a><\/td>\n<\/tr>\n<tr class=\"row-4\">\n\t<td class=\"column-1\"><a href=\"http:\/\/midtjylland.danmarksveteraner.dk\/wordpress\/wp-content\/uploads\/2017\/11\/Scan_20171112-dd2.png\"><img loading=\"lazy\" decoding=\"async\" src=\"http:\/\/midtjylland.danmarksveteraner.dk\/wordpress\/wp-content\/uploads\/2017\/11\/Scan_20171112-dd2-208x300.png\" alt=\"\" width=\"208\" height=\"300\" class=\"alignnone size-medium wp-image-1854\" srcset=\"https:\/\/midtjylland.danmarksveteraner.dk\/wordpress\/wp-content\/uploads\/2017\/11\/Scan_20171112-dd2-208x300.png 208w, https:\/\/midtjylland.danmarksveteraner.dk\/wordpress\/wp-content\/uploads\/2017\/11\/Scan_20171112-dd2-768x1109.png 768w, https:\/\/midtjylland.danmarksveteraner.dk\/wordpress\/wp-content\/uploads\/2017\/11\/Scan_20171112-dd2-709x1024.png 709w, https:\/\/midtjylland.danmarksveteraner.dk\/wordpress\/wp-content\/uploads\/2017\/11\/Scan_20171112-dd2.png 919w\" sizes=\"(max-width: 208px) 100vw, 208px\" \/><\/a><\/td><td class=\"column-2\"><a href=\"http:\/\/midtjylland.danmarksveteraner.dk\/wordpress\/wp-content\/uploads\/2017\/11\/23405728_10214411132655084_1910888913909477422_o.png\"><img loading=\"lazy\" decoding=\"async\" src=\"http:\/\/midtjylland.danmarksveteraner.dk\/wordpress\/wp-content\/uploads\/2017\/11\/23405728_10214411132655084_1910888913909477422_o-300x168.png\" alt=\"\" width=\"300\" height=\"168\" class=\"alignnone size-medium wp-image-1853\" srcset=\"https:\/\/midtjylland.danmarksveteraner.dk\/wordpress\/wp-content\/uploads\/2017\/11\/23405728_10214411132655084_1910888913909477422_o-300x168.png 300w, https:\/\/midtjylland.danmarksveteraner.dk\/wordpress\/wp-content\/uploads\/2017\/11\/23405728_10214411132655084_1910888913909477422_o-768x431.png 768w, https:\/\/midtjylland.danmarksveteraner.dk\/wordpress\/wp-content\/uploads\/2017\/11\/23405728_10214411132655084_1910888913909477422_o-1024x575.png 1024w, https:\/\/midtjylland.danmarksveteraner.dk\/wordpress\/wp-content\/uploads\/2017\/11\/23405728_10214411132655084_1910888913909477422_o-800x445.png 800w, https:\/\/midtjylland.danmarksveteraner.dk\/wordpress\/wp-content\/uploads\/2017\/11\/23405728_10214411132655084_1910888913909477422_o.png 1519w\" sizes=\"(max-width: 300px) 100vw, 300px\" \/><\/a><\/td>\n<\/tr>\n<tr class=\"row-5\">\n\t<td class=\"column-1\"><a href=\"http:\/\/midtjylland.danmarksveteraner.dk\/wordpress\/wp-content\/uploads\/2017\/11\/WP_20171111_10_56_04_Pro-1.jpg\"><img loading=\"lazy\" decoding=\"async\" src=\"http:\/\/midtjylland.danmarksveteraner.dk\/wordpress\/wp-content\/uploads\/2017\/11\/WP_20171111_10_56_04_Pro-1-300x144.jpg\" alt=\"\" width=\"300\" height=\"144\" class=\"alignnone size-medium wp-image-1852\" srcset=\"https:\/\/midtjylland.danmarksveteraner.dk\/wordpress\/wp-content\/uploads\/2017\/11\/WP_20171111_10_56_04_Pro-1-300x144.jpg 300w, https:\/\/midtjylland.danmarksveteraner.dk\/wordpress\/wp-content\/uploads\/2017\/11\/WP_20171111_10_56_04_Pro-1-768x368.jpg 768w, https:\/\/midtjylland.danmarksveteraner.dk\/wordpress\/wp-content\/uploads\/2017\/11\/WP_20171111_10_56_04_Pro-1-1024x491.jpg 1024w, https:\/\/midtjylland.danmarksveteraner.dk\/wordpress\/wp-content\/uploads\/2017\/11\/WP_20171111_10_56_04_Pro-1.jpg 1277w\" sizes=\"(max-width: 300px) 100vw, 300px\" \/><\/a><\/td><td class=\"column-2\"><a href=\"http:\/\/midtjylland.danmarksveteraner.dk\/wordpress\/wp-content\/uploads\/2017\/11\/WP_20171111_10_27_06_Pro.jpg\"><img loading=\"lazy\" decoding=\"async\" src=\"http:\/\/midtjylland.danmarksveteraner.dk\/wordpress\/wp-content\/uploads\/2017\/11\/WP_20171111_10_27_06_Pro-191x300.jpg\" alt=\"\" width=\"191\" height=\"300\" class=\"alignnone size-medium wp-image-1851\" srcset=\"https:\/\/midtjylland.danmarksveteraner.dk\/wordpress\/wp-content\/uploads\/2017\/11\/WP_20171111_10_27_06_Pro-191x300.jpg 191w, https:\/\/midtjylland.danmarksveteraner.dk\/wordpress\/wp-content\/uploads\/2017\/11\/WP_20171111_10_27_06_Pro.jpg 586w\" sizes=\"(max-width: 191px) 100vw, 191px\" \/><\/a><\/td>\n<\/tr>\n<\/tbody>\n<\/table>\n<!-- #tablepress-39 from cache --><\/p>\n","protected":false},"excerpt":{"rendered":"<p>V\u00e5benstilstandsdagen for 1. verdenskrig d. 11. november 1918 kl. 11 11-11-kl. 11 Mindeparken Aarhus Under 1. verdenskrig faldt 3900 s\u00f8nderjyder<\/p>\n","protected":false},"author":2,"featured_media":0,"parent":2007,"menu_order":10,"comment_status":"closed","ping_status":"closed","template":"","meta":{"colormag_page_container_layout":"default_layout","colormag_page_sidebar_layout":"default_layout","footnotes":""},"class_list":["post-2153","page","type-page","status-publish","hentry"],"_links":{"self":[{"href":"https:\/\/midtjylland.danmarksveteraner.dk\/wordpress\/index.php?rest_route=\/wp\/v2\/pages\/2153"}],"collection":[{"href":"https:\/\/midtjylland.danmarksveteraner.dk\/wordpress\/index.php?rest_route=\/wp\/v2\/pages"}],"about":[{"href":"https:\/\/midtjylland.danmarksveteraner.dk\/wordpress\/index.php?rest_route=\/wp\/v2\/types\/page"}],"author":[{"embeddable":true,"href":"https:\/\/midtjylland.danmarksveteraner.dk\/wordpress\/index.php?rest_route=\/wp\/v2\/users\/2"}],"replies":[{"embeddable":true,"href":"https:\/\/midtjylland.danmarksveteraner.dk\/wordpress\/index.php?rest_route=%2Fwp%2Fv2%2Fcomments&post=2153"}],"version-history":[{"count":1,"href":"https:\/\/midtjylland.danmarksveteraner.dk\/wordpress\/index.php?rest_route=\/wp\/v2\/pages\/2153\/revisions"}],"predecessor-version":[{"id":2154,"href":"https:\/\/midtjylland.danmarksveteraner.dk\/wordpress\/index.php?rest_route=\/wp\/v2\/pages\/2153\/revisions\/2154"}],"up":[{"embeddable":true,"href":"https:\/\/midtjylland.danmarksveteraner.dk\/wordpress\/index.php?rest_route=\/wp\/v2\/pages\/2007"}],"wp:attachment":[{"href":"https:\/\/midtjylland.danmarksveteraner.dk\/wordpress\/index.php?rest_route=%2Fwp%2Fv2%2Fmedia&parent=2153"}],"curies":[{"name":"wp","href":"https:\/\/api.w.org\/{rel}","templated":true}]}}