{"id":2479,"date":"2018-06-16T13:58:55","date_gmt":"2018-06-16T11:58:55","guid":{"rendered":"https:\/\/midtjylland.danmarksveteraner.dk\/wordpress\/?page_id=2479"},"modified":"2018-10-27T13:23:14","modified_gmt":"2018-10-27T11:23:14","slug":"persondatapolitik","status":"publish","type":"page","link":"https:\/\/midtjylland.danmarksveteraner.dk\/wordpress\/?page_id=2479","title":{"rendered":"Persondatapolitik"},"content":{"rendered":"<p>L\u00e6s Danmarks Veteraners persondatapolitik p\u00e5 dette <a href=\"https:\/\/danmarksveteraner.dk\/wordpress\/wp-content\/uploads\/2018\/05\/Danmarks-Veteraners-persondatapolitik-udgave-1.pdf\">LINK<\/a><\/p>\n<p>&nbsp;<\/p>\n<p>Af hensyn til persondataloven som tr\u00e6der i kraft d. 25. maj har vi v\u00e6ret n\u00f8dsaget til at blokere adgangen til vores medlemsoversigt samt de underliggende missionsoversigter.<br \/>\nDet vil fremover kun v\u00e6re medlemmer af lokalforeningen der kan f\u00e5 adgang til oplysningerne og det kr\u00e6ver en bruger adgang som kun vil kunne tildeles medlemmer af lokalforeningen. Send en mail til: midtjylland@danmarksveteraner.dk s\u00e5fremt du \u00f8nsker at blive oprettet som bruger. Du vil s\u00e5 f\u00e5 tilsendt et brugernavn og adgangskode.<\/p>\n<p>Landsforeningen Danmarks Veteraners webmaster har i dag (16\/5) krypteret vores hjemmeside.<br \/>\nDette burde ikke give problemer for jer, da I automatisk bliver dirigeret videre til den ny adresse, som nu er:<br \/>\nhttps:\/\/midtjylland.danmarksveteraner.dk\/<br \/>\nL\u00e6g m\u00e6rke til at der bliver tilf\u00f8jet et &#8220;s&#8221; efter http. I kan med fordel gemme den nye adresse under &#8220;foretrukne&#8221;<\/p>\n","protected":false},"excerpt":{"rendered":"<p>L\u00e6s Danmarks Veteraners persondatapolitik p\u00e5 dette LINK &nbsp; Af hensyn til persondataloven som tr\u00e6der i kraft d. 25. maj har<\/p>\n","protected":false},"author":2,"featured_media":0,"parent":349,"menu_order":3,"comment_status":"closed","ping_status":"closed","template":"","meta":{"colormag_page_container_layout":"default_layout","colormag_page_sidebar_layout":"default_layout","footnotes":""},"class_list":["post-2479","page","type-page","status-publish","hentry"],"_links":{"self":[{"href":"https:\/\/midtjylland.danmarksveteraner.dk\/wordpress\/index.php?rest_route=\/wp\/v2\/pages\/2479"}],"collection":[{"href":"https:\/\/midtjylland.danmarksveteraner.dk\/wordpress\/index.php?rest_route=\/wp\/v2\/pages"}],"about":[{"href":"https:\/\/midtjylland.danmarksveteraner.dk\/wordpress\/index.php?rest_route=\/wp\/v2\/types\/page"}],"author":[{"embeddable":true,"href":"https:\/\/midtjylland.danmarksveteraner.dk\/wordpress\/index.php?rest_route=\/wp\/v2\/users\/2"}],"replies":[{"embeddable":true,"href":"https:\/\/midtjylland.danmarksveteraner.dk\/wordpress\/index.php?rest_route=%2Fwp%2Fv2%2Fcomments&post=2479"}],"version-history":[{"count":2,"href":"https:\/\/midtjylland.danmarksveteraner.dk\/wordpress\/index.php?rest_route=\/wp\/v2\/pages\/2479\/revisions"}],"predecessor-version":[{"id":2679,"href":"https:\/\/midtjylland.danmarksveteraner.dk\/wordpress\/index.php?rest_route=\/wp\/v2\/pages\/2479\/revisions\/2679"}],"up":[{"embeddable":true,"href":"https:\/\/midtjylland.danmarksveteraner.dk\/wordpress\/index.php?rest_route=\/wp\/v2\/pages\/349"}],"wp:attachment":[{"href":"https:\/\/midtjylland.danmarksveteraner.dk\/wordpress\/index.php?rest_route=%2Fwp%2Fv2%2Fmedia&parent=2479"}],"curies":[{"name":"wp","href":"https:\/\/api.w.org\/{rel}","templated":true}]}}