{"id":2800,"date":"2018-11-29T17:57:05","date_gmt":"2018-11-29T16:57:05","guid":{"rendered":"https:\/\/midtjylland.danmarksveteraner.dk\/wordpress\/?page_id=2800"},"modified":"2018-11-29T18:05:18","modified_gmt":"2018-11-29T17:05:18","slug":"besoeg-af-den-engelske-ambassadoer","status":"publish","type":"page","link":"https:\/\/midtjylland.danmarksveteraner.dk\/wordpress\/?page_id=2800","title":{"rendered":"Bes\u00f8g af den engelske Ambassad\u00f8r"},"content":{"rendered":"<p>Den 27. november 2018 bes\u00f8gte den engelske ambassad\u00f8r,\u00a0H.E. Mr. Dominic Schroeder, Aarhus og var i den forbindelse p\u00e5 bes\u00f8g ved det engelske krigs mindesm\u00e6rke fra 2. verdenskrig p\u00e5 Vestre Kirkegaard i Aarhus. Bes\u00f8get var et led i markeringen af afslutningen p\u00e5 1. verdenskrig 11\/11 kl. 11.<\/p>\n<p>Flankeret af en \u00e6reskommando fra Hjemmev\u00e6rnsdistrikt \u00d8stjylland, Bes\u00e6ttelsesmuseet i Aarhus og repr\u00e6sentanter fra Aarhus Samvirkende Soldaterforeninger, holdte Feltpr\u00e6st Jesper Andersen en tale, hvorefter\u00a0<span style=\"display: inline !important; float: none; background-color: transparent; color: #333333; cursor: text; font-family: Georgia,'Times New Roman','Bitstream Charter',Times,serif; font-size: 16px; font-style: normal; font-variant: normal; font-weight: 400; letter-spacing: normal; orphans: 2; text-align: left; text-decoration: none; text-indent: 0px; text-transform: none; -webkit-text-stroke-width: 0px; white-space: normal; word-spacing: 0px;\">\u00a0H.E. Mr. Dominic Schroeder<\/span> lagde en krans ved mindesm\u00e6rket.<\/p>\n<p>Ambassad\u00f8ren sluttede bes\u00f8get ved personligt at takke alle fremm\u00f8dte.<\/p>\n<p>&nbsp;<\/p>\n\n<table id=\"tablepress-49\" class=\"tablepress tablepress-id-49\">\n<thead>\n<tr class=\"row-1\">\n\t<th class=\"column-1\"><a href=\"https:\/\/midtjylland.danmarksveteraner.dk\/wordpress\/wp-content\/uploads\/2018\/11\/DSC03229-e1543509271874.jpg\"><img loading=\"lazy\" decoding=\"async\" src=\"https:\/\/midtjylland.danmarksveteraner.dk\/wordpress\/wp-content\/uploads\/2018\/11\/DSC03229-300x200.jpg\" alt=\"\" width=\"300\" height=\"200\" class=\"alignnone size-medium wp-image-2780\" \/><\/a><\/th><th class=\"column-2\"><a href=\"https:\/\/midtjylland.danmarksveteraner.dk\/wordpress\/wp-content\/uploads\/2018\/11\/DSC03230-e1543509295999.jpg\"><img loading=\"lazy\" decoding=\"async\" src=\"https:\/\/midtjylland.danmarksveteraner.dk\/wordpress\/wp-content\/uploads\/2018\/11\/DSC03230-300x200.jpg\" alt=\"\" width=\"300\" height=\"200\" class=\"alignnone size-medium wp-image-2781\" \/><\/a><\/th>\n<\/tr>\n<\/thead>\n<tbody class=\"row-striping row-hover\">\n<tr class=\"row-2\">\n\t<td class=\"column-1\"><a href=\"https:\/\/midtjylland.danmarksveteraner.dk\/wordpress\/wp-content\/uploads\/2018\/11\/DSC03232-e1543509310311.jpg\"><img loading=\"lazy\" decoding=\"async\" src=\"https:\/\/midtjylland.danmarksveteraner.dk\/wordpress\/wp-content\/uploads\/2018\/11\/DSC03232-300x200.jpg\" alt=\"\" width=\"300\" height=\"200\" class=\"alignnone size-medium wp-image-2782\" \/><\/a><\/td><td class=\"column-2\"><a href=\"https:\/\/midtjylland.danmarksveteraner.dk\/wordpress\/wp-content\/uploads\/2018\/11\/DSC03233-e1543509328918.jpg\"><img loading=\"lazy\" decoding=\"async\" src=\"https:\/\/midtjylland.danmarksveteraner.dk\/wordpress\/wp-content\/uploads\/2018\/11\/DSC03233-300x200.jpg\" alt=\"\" width=\"300\" height=\"200\" class=\"alignnone size-medium wp-image-2783\" \/><\/a><\/td>\n<\/tr>\n<tr class=\"row-3\">\n\t<td class=\"column-1\"><a href=\"https:\/\/midtjylland.danmarksveteraner.dk\/wordpress\/wp-content\/uploads\/2018\/11\/DSC03236-e1543509342551.jpg\"><img loading=\"lazy\" decoding=\"async\" src=\"https:\/\/midtjylland.danmarksveteraner.dk\/wordpress\/wp-content\/uploads\/2018\/11\/DSC03236-300x200.jpg\" alt=\"\" width=\"300\" height=\"200\" class=\"alignnone size-medium wp-image-2784\" \/><\/a><\/td><td class=\"column-2\"><a href=\"https:\/\/midtjylland.danmarksveteraner.dk\/wordpress\/wp-content\/uploads\/2018\/11\/DSC03243-e1543509355492.jpg\"><img loading=\"lazy\" decoding=\"async\" src=\"https:\/\/midtjylland.danmarksveteraner.dk\/wordpress\/wp-content\/uploads\/2018\/11\/DSC03243-300x200.jpg\" alt=\"\" width=\"300\" height=\"200\" class=\"alignnone size-medium wp-image-2785\" \/><\/a><\/td>\n<\/tr>\n<tr class=\"row-4\">\n\t<td class=\"column-1\"><a href=\"https:\/\/midtjylland.danmarksveteraner.dk\/wordpress\/wp-content\/uploads\/2018\/11\/DSC03244-e1543509383600.jpg\"><img loading=\"lazy\" decoding=\"async\" src=\"https:\/\/midtjylland.danmarksveteraner.dk\/wordpress\/wp-content\/uploads\/2018\/11\/DSC03244-300x200.jpg\" alt=\"\" width=\"300\" height=\"200\" class=\"alignnone size-medium wp-image-2786\" \/><\/a><\/td><td class=\"column-2\"><a href=\"https:\/\/midtjylland.danmarksveteraner.dk\/wordpress\/wp-content\/uploads\/2018\/11\/DSC03246-e1543509397674.jpg\"><img loading=\"lazy\" decoding=\"async\" src=\"https:\/\/midtjylland.danmarksveteraner.dk\/wordpress\/wp-content\/uploads\/2018\/11\/DSC03246-300x200.jpg\" alt=\"\" width=\"300\" height=\"200\" class=\"alignnone size-medium wp-image-2787\" \/><\/a><\/td>\n<\/tr>\n<tr class=\"row-5\">\n\t<td class=\"column-1\"><a href=\"https:\/\/midtjylland.danmarksveteraner.dk\/wordpress\/wp-content\/uploads\/2018\/11\/DSC03248-e1543509409335.jpg\"><img loading=\"lazy\" decoding=\"async\" src=\"https:\/\/midtjylland.danmarksveteraner.dk\/wordpress\/wp-content\/uploads\/2018\/11\/DSC03248-300x200.jpg\" alt=\"\" width=\"300\" height=\"200\" class=\"alignnone size-medium wp-image-2788\" \/><\/a><\/td><td class=\"column-2\"><a href=\"https:\/\/midtjylland.danmarksveteraner.dk\/wordpress\/wp-content\/uploads\/2018\/11\/DSC03253-e1543509420522.jpg\"><img loading=\"lazy\" decoding=\"async\" src=\"https:\/\/midtjylland.danmarksveteraner.dk\/wordpress\/wp-content\/uploads\/2018\/11\/DSC03253-300x200.jpg\" alt=\"\" width=\"300\" height=\"200\" class=\"alignnone size-medium wp-image-2789\" \/><\/a><\/td>\n<\/tr>\n<tr class=\"row-6\">\n\t<td class=\"column-1\"><a href=\"https:\/\/midtjylland.danmarksveteraner.dk\/wordpress\/wp-content\/uploads\/2018\/11\/DSC03254-e1543509434784.jpg\"><img loading=\"lazy\" decoding=\"async\" src=\"https:\/\/midtjylland.danmarksveteraner.dk\/wordpress\/wp-content\/uploads\/2018\/11\/DSC03254-300x200.jpg\" alt=\"\" width=\"300\" height=\"200\" class=\"alignnone size-medium wp-image-2790\" \/><\/a><\/td><td class=\"column-2\"><a href=\"https:\/\/midtjylland.danmarksveteraner.dk\/wordpress\/wp-content\/uploads\/2018\/11\/DSC03257-e1543509447280.jpg\"><img loading=\"lazy\" decoding=\"async\" src=\"https:\/\/midtjylland.danmarksveteraner.dk\/wordpress\/wp-content\/uploads\/2018\/11\/DSC03257-300x200.jpg\" alt=\"\" width=\"300\" height=\"200\" class=\"alignnone size-medium wp-image-2791\" \/><\/a><\/td>\n<\/tr>\n<tr class=\"row-7\">\n\t<td class=\"column-1\"><a href=\"https:\/\/midtjylland.danmarksveteraner.dk\/wordpress\/wp-content\/uploads\/2018\/11\/DSC03258-e1543509458842.jpg\"><img loading=\"lazy\" decoding=\"async\" src=\"https:\/\/midtjylland.danmarksveteraner.dk\/wordpress\/wp-content\/uploads\/2018\/11\/DSC03258-300x200.jpg\" alt=\"\" width=\"300\" height=\"200\" class=\"alignnone size-medium wp-image-2792\" \/><\/a><\/td><td class=\"column-2\"><a href=\"https:\/\/midtjylland.danmarksveteraner.dk\/wordpress\/wp-content\/uploads\/2018\/11\/DSC03259-e1543509471688.jpg\"><img loading=\"lazy\" decoding=\"async\" src=\"https:\/\/midtjylland.danmarksveteraner.dk\/wordpress\/wp-content\/uploads\/2018\/11\/DSC03259-300x200.jpg\" alt=\"\" width=\"300\" height=\"200\" class=\"alignnone size-medium wp-image-2793\" \/><\/a><\/td>\n<\/tr>\n<tr class=\"row-8\">\n\t<td class=\"column-1\"><a href=\"https:\/\/midtjylland.danmarksveteraner.dk\/wordpress\/wp-content\/uploads\/2018\/11\/DSC03263-e1543509483499.jpg\"><img loading=\"lazy\" decoding=\"async\" src=\"https:\/\/midtjylland.danmarksveteraner.dk\/wordpress\/wp-content\/uploads\/2018\/11\/DSC03263-300x200.jpg\" alt=\"\" width=\"300\" height=\"200\" class=\"alignnone size-medium wp-image-2794\" \/><\/a><\/td><td class=\"column-2\"><a href=\"https:\/\/midtjylland.danmarksveteraner.dk\/wordpress\/wp-content\/uploads\/2018\/11\/DSC03265-e1543509495895.jpg\"><img loading=\"lazy\" decoding=\"async\" src=\"https:\/\/midtjylland.danmarksveteraner.dk\/wordpress\/wp-content\/uploads\/2018\/11\/DSC03265-300x200.jpg\" alt=\"\" width=\"300\" height=\"200\" class=\"alignnone size-medium wp-image-2795\" \/><\/a><\/td>\n<\/tr>\n<tr class=\"row-9\">\n\t<td class=\"column-1\"><a href=\"https:\/\/midtjylland.danmarksveteraner.dk\/wordpress\/wp-content\/uploads\/2018\/11\/DSC03267-e1543509511348.jpg\"><img loading=\"lazy\" decoding=\"async\" src=\"https:\/\/midtjylland.danmarksveteraner.dk\/wordpress\/wp-content\/uploads\/2018\/11\/DSC03267-300x200.jpg\" alt=\"\" width=\"300\" height=\"200\" class=\"alignnone size-medium wp-image-2796\" \/><\/a><\/td><td class=\"column-2\"><a href=\"https:\/\/midtjylland.danmarksveteraner.dk\/wordpress\/wp-content\/uploads\/2018\/11\/DSC03270-e1543509524290.jpg\"><img loading=\"lazy\" decoding=\"async\" src=\"https:\/\/midtjylland.danmarksveteraner.dk\/wordpress\/wp-content\/uploads\/2018\/11\/DSC03270-300x200.jpg\" alt=\"\" width=\"300\" height=\"200\" class=\"alignnone size-medium wp-image-2797\" \/><\/a><\/td>\n<\/tr>\n<\/tbody>\n<\/table>\n<!-- #tablepress-49 from cache -->\n","protected":false},"excerpt":{"rendered":"<p>Den 27. november 2018 bes\u00f8gte den engelske ambassad\u00f8r,\u00a0H.E. Mr. Dominic Schroeder, Aarhus og var i den forbindelse p\u00e5 bes\u00f8g ved<\/p>\n","protected":false},"author":2,"featured_media":0,"parent":2589,"menu_order":3,"comment_status":"closed","ping_status":"closed","template":"","meta":{"colormag_page_container_layout":"default_layout","colormag_page_sidebar_layout":"default_layout","footnotes":""},"class_list":["post-2800","page","type-page","status-publish","hentry"],"_links":{"self":[{"href":"https:\/\/midtjylland.danmarksveteraner.dk\/wordpress\/index.php?rest_route=\/wp\/v2\/pages\/2800"}],"collection":[{"href":"https:\/\/midtjylland.danmarksveteraner.dk\/wordpress\/index.php?rest_route=\/wp\/v2\/pages"}],"about":[{"href":"https:\/\/midtjylland.danmarksveteraner.dk\/wordpress\/index.php?rest_route=\/wp\/v2\/types\/page"}],"author":[{"embeddable":true,"href":"https:\/\/midtjylland.danmarksveteraner.dk\/wordpress\/index.php?rest_route=\/wp\/v2\/users\/2"}],"replies":[{"embeddable":true,"href":"https:\/\/midtjylland.danmarksveteraner.dk\/wordpress\/index.php?rest_route=%2Fwp%2Fv2%2Fcomments&post=2800"}],"version-history":[{"count":2,"href":"https:\/\/midtjylland.danmarksveteraner.dk\/wordpress\/index.php?rest_route=\/wp\/v2\/pages\/2800\/revisions"}],"predecessor-version":[{"id":2804,"href":"https:\/\/midtjylland.danmarksveteraner.dk\/wordpress\/index.php?rest_route=\/wp\/v2\/pages\/2800\/revisions\/2804"}],"up":[{"embeddable":true,"href":"https:\/\/midtjylland.danmarksveteraner.dk\/wordpress\/index.php?rest_route=\/wp\/v2\/pages\/2589"}],"wp:attachment":[{"href":"https:\/\/midtjylland.danmarksveteraner.dk\/wordpress\/index.php?rest_route=%2Fwp%2Fv2%2Fmedia&parent=2800"}],"curies":[{"name":"wp","href":"https:\/\/api.w.org\/{rel}","templated":true}]}}