{"id":2834,"date":"2018-12-03T21:32:24","date_gmt":"2018-12-03T20:32:24","guid":{"rendered":"https:\/\/midtjylland.danmarksveteraner.dk\/wordpress\/?page_id=2834"},"modified":"2018-12-03T21:33:06","modified_gmt":"2018-12-03T20:33:06","slug":"skaering-hede-2-december-2018","status":"publish","type":"page","link":"https:\/\/midtjylland.danmarksveteraner.dk\/wordpress\/?page_id=2834","title":{"rendered":"Sk\u00e6ring Hede 2. december 2018"},"content":{"rendered":"<p>75 \u00e5ret for Gestapos henrettelse af 5 unge modstandsfolk d. 2. december 1943 p\u00e5 Sk\u00e6ring Hede markeres ved mindeh\u00f8jtidelighed<\/p>\n<p>S\u00f8ndag den 2\/12 kl. 11.00: Mindeh\u00f8jtidelig p\u00e5 Sk\u00e6ring hede. Kl. 10.30 m\u00f8der fanerne ved skovkanten p\u00e5 heden. Ca. 10.55 f\u00f8res fanerne ind og her efter f\u00f8lger programmet:<br \/>\nGarnisonskommandant oberst Bo Engelbrecht inspicerer fanerne<br \/>\nFormanden for Aarhus Samvirkende Soldaterforeninger byder velkommen<br \/>\nDer l\u00e6gges 5 buketter ved tr\u00e6erne<br \/>\nRanders Borgmester Torben Hansen holder mindetalen<br \/>\nFormanden for Aarhus Samvirkende Soldaterforeninger takker af<br \/>\nDer spilles \u201dAltid frejdig n\u00e5r du g\u00e5r\u201d<br \/>\nH\u00f8jtideligheden slutter.<\/p>\n<p>Mindeh\u00f8jtideligheden markeres ogs\u00e5 Oksb\u00f8l hvor vi har modtaget nedenst\u00e5ende fra:<\/p>\n<p><a href=\"https:\/\/midtjylland.danmarksveteraner.dk\/wordpress\/wp-content\/uploads\/2018\/11\/JydskeVestkysten-nov-2018.pdf\">JydskeVestkysten nov 2018<\/a><\/p>\n<p><a href=\"https:\/\/midtjylland.danmarksveteraner.dk\/wordpress\/wp-content\/uploads\/2018\/11\/hemmelige-grave-ved-oksb\u00f8l.pdf\">hemmelige grave ved oksb\u00f8l<\/a><\/p>\n<p>&nbsp;<\/p>\n<p>Billeder fra Sk\u00e6ring Hede:<\/p>\n\n<table id=\"tablepress-50\" class=\"tablepress tablepress-id-50\">\n<thead>\n<tr class=\"row-1\">\n\t<th class=\"column-1\"><a href=\"https:\/\/midtjylland.danmarksveteraner.dk\/wordpress\/wp-content\/uploads\/2018\/12\/DSC03275-e1543867431278.jpg\"><img loading=\"lazy\" decoding=\"async\" src=\"https:\/\/midtjylland.danmarksveteraner.dk\/wordpress\/wp-content\/uploads\/2018\/12\/DSC03275-300x200.jpg\" alt=\"\" width=\"300\" height=\"200\" class=\"alignnone size-medium wp-image-2808\" \/><\/a><\/th><th class=\"column-2\"><a href=\"https:\/\/midtjylland.danmarksveteraner.dk\/wordpress\/wp-content\/uploads\/2018\/12\/DSC03277-e1543867415147.jpg\"><img loading=\"lazy\" decoding=\"async\" src=\"https:\/\/midtjylland.danmarksveteraner.dk\/wordpress\/wp-content\/uploads\/2018\/12\/DSC03277-300x200.jpg\" alt=\"\" width=\"300\" height=\"200\" class=\"alignnone size-medium wp-image-2809\" \/><\/a><\/th>\n<\/tr>\n<\/thead>\n<tbody class=\"row-striping row-hover\">\n<tr class=\"row-2\">\n\t<td class=\"column-1\"><a href=\"https:\/\/midtjylland.danmarksveteraner.dk\/wordpress\/wp-content\/uploads\/2018\/12\/DSC03278-e1543867401676.jpg\"><img loading=\"lazy\" decoding=\"async\" src=\"https:\/\/midtjylland.danmarksveteraner.dk\/wordpress\/wp-content\/uploads\/2018\/12\/DSC03278-300x200.jpg\" alt=\"\" width=\"300\" height=\"200\" class=\"alignnone size-medium wp-image-2810\" \/><\/a><\/td><td class=\"column-2\"><a href=\"https:\/\/midtjylland.danmarksveteraner.dk\/wordpress\/wp-content\/uploads\/2018\/12\/DSC03282-e1543867389611.jpg\"><img loading=\"lazy\" decoding=\"async\" src=\"https:\/\/midtjylland.danmarksveteraner.dk\/wordpress\/wp-content\/uploads\/2018\/12\/DSC03282-300x200.jpg\" alt=\"\" width=\"300\" height=\"200\" class=\"alignnone size-medium wp-image-2811\" \/><\/a><\/td>\n<\/tr>\n<tr class=\"row-3\">\n\t<td class=\"column-1\"><a href=\"https:\/\/midtjylland.danmarksveteraner.dk\/wordpress\/wp-content\/uploads\/2018\/12\/DSC03283-e1543867377889.jpg\"><img loading=\"lazy\" decoding=\"async\" src=\"https:\/\/midtjylland.danmarksveteraner.dk\/wordpress\/wp-content\/uploads\/2018\/12\/DSC03283-300x200.jpg\" alt=\"\" width=\"300\" height=\"200\" class=\"alignnone size-medium wp-image-2812\" \/><\/a><\/td><td class=\"column-2\"><a href=\"https:\/\/midtjylland.danmarksveteraner.dk\/wordpress\/wp-content\/uploads\/2018\/12\/DSC03284-e1543867364681.jpg\"><img loading=\"lazy\" decoding=\"async\" src=\"https:\/\/midtjylland.danmarksveteraner.dk\/wordpress\/wp-content\/uploads\/2018\/12\/DSC03284-300x200.jpg\" alt=\"\" width=\"300\" height=\"200\" class=\"alignnone size-medium wp-image-2813\" \/><\/a><\/td>\n<\/tr>\n<tr class=\"row-4\">\n\t<td class=\"column-1\"><a href=\"https:\/\/midtjylland.danmarksveteraner.dk\/wordpress\/wp-content\/uploads\/2018\/12\/DSC03285-e1543867342678.jpg\"><img loading=\"lazy\" decoding=\"async\" src=\"https:\/\/midtjylland.danmarksveteraner.dk\/wordpress\/wp-content\/uploads\/2018\/12\/DSC03285-300x200.jpg\" alt=\"\" width=\"300\" height=\"200\" class=\"alignnone size-medium wp-image-2814\" \/><\/a><\/td><td class=\"column-2\"><a href=\"https:\/\/midtjylland.danmarksveteraner.dk\/wordpress\/wp-content\/uploads\/2018\/12\/DSC03286-e1543867330157.jpg\"><img loading=\"lazy\" decoding=\"async\" src=\"https:\/\/midtjylland.danmarksveteraner.dk\/wordpress\/wp-content\/uploads\/2018\/12\/DSC03286-300x200.jpg\" alt=\"\" width=\"300\" height=\"200\" class=\"alignnone size-medium wp-image-2815\" \/><\/a><\/td>\n<\/tr>\n<tr class=\"row-5\">\n\t<td class=\"column-1\"><a href=\"https:\/\/midtjylland.danmarksveteraner.dk\/wordpress\/wp-content\/uploads\/2018\/12\/DSC03287-e1543867319332.jpg\"><img loading=\"lazy\" decoding=\"async\" src=\"https:\/\/midtjylland.danmarksveteraner.dk\/wordpress\/wp-content\/uploads\/2018\/12\/DSC03287-300x200.jpg\" alt=\"\" width=\"300\" height=\"200\" class=\"alignnone size-medium wp-image-2816\" \/><\/a><\/td><td class=\"column-2\"><a href=\"https:\/\/midtjylland.danmarksveteraner.dk\/wordpress\/wp-content\/uploads\/2018\/12\/DSC03290-e1543867309702.jpg\"><img loading=\"lazy\" decoding=\"async\" src=\"https:\/\/midtjylland.danmarksveteraner.dk\/wordpress\/wp-content\/uploads\/2018\/12\/DSC03290-300x200.jpg\" alt=\"\" width=\"300\" height=\"200\" class=\"alignnone size-medium wp-image-2817\" \/><\/a><\/td>\n<\/tr>\n<tr class=\"row-6\">\n\t<td class=\"column-1\"><a href=\"https:\/\/midtjylland.danmarksveteraner.dk\/wordpress\/wp-content\/uploads\/2018\/12\/DSC03291-e1543867300749.jpg\"><img loading=\"lazy\" decoding=\"async\" src=\"https:\/\/midtjylland.danmarksveteraner.dk\/wordpress\/wp-content\/uploads\/2018\/12\/DSC03291-300x200.jpg\" alt=\"\" width=\"300\" height=\"200\" class=\"alignnone size-medium wp-image-2818\" \/><\/a><\/td><td class=\"column-2\"><a href=\"https:\/\/midtjylland.danmarksveteraner.dk\/wordpress\/wp-content\/uploads\/2018\/12\/DSC03292-e1543867287776.jpg\"><img loading=\"lazy\" decoding=\"async\" src=\"https:\/\/midtjylland.danmarksveteraner.dk\/wordpress\/wp-content\/uploads\/2018\/12\/DSC03292-300x200.jpg\" alt=\"\" width=\"300\" height=\"200\" class=\"alignnone size-medium wp-image-2819\" \/><\/a><\/td>\n<\/tr>\n<tr class=\"row-7\">\n\t<td class=\"column-1\"><a href=\"https:\/\/midtjylland.danmarksveteraner.dk\/wordpress\/wp-content\/uploads\/2018\/12\/DSC03299-e1543867276582.jpg\"><img loading=\"lazy\" decoding=\"async\" src=\"https:\/\/midtjylland.danmarksveteraner.dk\/wordpress\/wp-content\/uploads\/2018\/12\/DSC03299-300x200.jpg\" alt=\"\" width=\"300\" height=\"200\" class=\"alignnone size-medium wp-image-2820\" \/><\/a><\/td><td class=\"column-2\"><a href=\"https:\/\/midtjylland.danmarksveteraner.dk\/wordpress\/wp-content\/uploads\/2018\/12\/DSC03300-e1543867261435.jpg\"><img loading=\"lazy\" decoding=\"async\" src=\"https:\/\/midtjylland.danmarksveteraner.dk\/wordpress\/wp-content\/uploads\/2018\/12\/DSC03300-300x200.jpg\" alt=\"\" width=\"300\" height=\"200\" class=\"alignnone size-medium wp-image-2821\" \/><\/a><\/td>\n<\/tr>\n<tr class=\"row-8\">\n\t<td class=\"column-1\"><a href=\"https:\/\/midtjylland.danmarksveteraner.dk\/wordpress\/wp-content\/uploads\/2018\/12\/DSC03301-e1543867250914.jpg\"><img loading=\"lazy\" decoding=\"async\" src=\"https:\/\/midtjylland.danmarksveteraner.dk\/wordpress\/wp-content\/uploads\/2018\/12\/DSC03301-300x200.jpg\" alt=\"\" width=\"300\" height=\"200\" class=\"alignnone size-medium wp-image-2822\" \/><\/a><\/td><td class=\"column-2\"><a href=\"https:\/\/midtjylland.danmarksveteraner.dk\/wordpress\/wp-content\/uploads\/2018\/12\/DSC03303-e1543867239669.jpg\"><img loading=\"lazy\" decoding=\"async\" src=\"https:\/\/midtjylland.danmarksveteraner.dk\/wordpress\/wp-content\/uploads\/2018\/12\/DSC03303-300x200.jpg\" alt=\"\" width=\"300\" height=\"200\" class=\"alignnone size-medium wp-image-2823\" \/><\/a><\/td>\n<\/tr>\n<tr class=\"row-9\">\n\t<td class=\"column-1\"><a href=\"https:\/\/midtjylland.danmarksveteraner.dk\/wordpress\/wp-content\/uploads\/2018\/12\/DSC03306-e1543867226275.jpg\"><img loading=\"lazy\" decoding=\"async\" src=\"https:\/\/midtjylland.danmarksveteraner.dk\/wordpress\/wp-content\/uploads\/2018\/12\/DSC03306-300x200.jpg\" alt=\"\" width=\"300\" height=\"200\" class=\"alignnone size-medium wp-image-2824\" \/><\/a><\/td><td class=\"column-2\"><a href=\"https:\/\/midtjylland.danmarksveteraner.dk\/wordpress\/wp-content\/uploads\/2018\/12\/DSC03307-e1543867213140.jpg\"><img loading=\"lazy\" decoding=\"async\" src=\"https:\/\/midtjylland.danmarksveteraner.dk\/wordpress\/wp-content\/uploads\/2018\/12\/DSC03307-300x200.jpg\" alt=\"\" width=\"300\" height=\"200\" class=\"alignnone size-medium wp-image-2825\" \/><\/a><\/td>\n<\/tr>\n<tr class=\"row-10\">\n\t<td class=\"column-1\"><a href=\"https:\/\/midtjylland.danmarksveteraner.dk\/wordpress\/wp-content\/uploads\/2018\/12\/DSC03309-e1543867199770.jpg\"><img loading=\"lazy\" decoding=\"async\" src=\"https:\/\/midtjylland.danmarksveteraner.dk\/wordpress\/wp-content\/uploads\/2018\/12\/DSC03309-300x200.jpg\" alt=\"\" width=\"300\" height=\"200\" class=\"alignnone size-medium wp-image-2826\" \/><\/a><\/td><td class=\"column-2\"><a href=\"https:\/\/midtjylland.danmarksveteraner.dk\/wordpress\/wp-content\/uploads\/2018\/12\/DSC03312-e1543867184685.jpg\"><img loading=\"lazy\" decoding=\"async\" src=\"https:\/\/midtjylland.danmarksveteraner.dk\/wordpress\/wp-content\/uploads\/2018\/12\/DSC03312-300x200.jpg\" alt=\"\" width=\"300\" height=\"200\" class=\"alignnone size-medium wp-image-2827\" \/><\/a><\/td>\n<\/tr>\n<tr class=\"row-11\">\n\t<td class=\"column-1\"><a href=\"https:\/\/midtjylland.danmarksveteraner.dk\/wordpress\/wp-content\/uploads\/2018\/12\/DSC03313-e1543867144781.jpg\"><img loading=\"lazy\" decoding=\"async\" src=\"https:\/\/midtjylland.danmarksveteraner.dk\/wordpress\/wp-content\/uploads\/2018\/12\/DSC03313-300x200.jpg\" alt=\"\" width=\"300\" height=\"200\" class=\"alignnone size-medium wp-image-2828\" \/><\/a><\/td><td class=\"column-2\"><a href=\"https:\/\/midtjylland.danmarksveteraner.dk\/wordpress\/wp-content\/uploads\/2018\/12\/20181202_113458-e1543867473615.jpg\"><img loading=\"lazy\" decoding=\"async\" src=\"https:\/\/midtjylland.danmarksveteraner.dk\/wordpress\/wp-content\/uploads\/2018\/12\/20181202_113458-300x225.jpg\" alt=\"\" width=\"300\" height=\"225\" class=\"alignnone size-medium wp-image-2806\" \/><\/a><\/td>\n<\/tr>\n<tr class=\"row-12\">\n\t<td class=\"column-1\"><a href=\"https:\/\/midtjylland.danmarksveteraner.dk\/wordpress\/wp-content\/uploads\/2018\/12\/20181202_113507-e1543867447679.jpg\"><img loading=\"lazy\" decoding=\"async\" src=\"https:\/\/midtjylland.danmarksveteraner.dk\/wordpress\/wp-content\/uploads\/2018\/12\/20181202_113507-e1543867447679-225x300.jpg\" alt=\"\" width=\"225\" height=\"300\" class=\"alignnone size-medium wp-image-2807\" srcset=\"https:\/\/midtjylland.danmarksveteraner.dk\/wordpress\/wp-content\/uploads\/2018\/12\/20181202_113507-e1543867447679-225x300.jpg 225w, https:\/\/midtjylland.danmarksveteraner.dk\/wordpress\/wp-content\/uploads\/2018\/12\/20181202_113507-e1543867447679.jpg 600w\" sizes=\"(max-width: 225px) 100vw, 225px\" \/><\/a><\/td><td class=\"column-2\"><\/td>\n<\/tr>\n<\/tbody>\n<\/table>\n<!-- #tablepress-50 from cache -->\n<p>&nbsp;<\/p>\n","protected":false},"excerpt":{"rendered":"<p>75 \u00e5ret for Gestapos henrettelse af 5 unge modstandsfolk d. 2. december 1943 p\u00e5 Sk\u00e6ring Hede markeres ved mindeh\u00f8jtidelighed S\u00f8ndag<\/p>\n","protected":false},"author":2,"featured_media":0,"parent":2589,"menu_order":4,"comment_status":"closed","ping_status":"closed","template":"","meta":{"colormag_page_container_layout":"default_layout","colormag_page_sidebar_layout":"default_layout","footnotes":""},"class_list":["post-2834","page","type-page","status-publish","hentry"],"_links":{"self":[{"href":"https:\/\/midtjylland.danmarksveteraner.dk\/wordpress\/index.php?rest_route=\/wp\/v2\/pages\/2834"}],"collection":[{"href":"https:\/\/midtjylland.danmarksveteraner.dk\/wordpress\/index.php?rest_route=\/wp\/v2\/pages"}],"about":[{"href":"https:\/\/midtjylland.danmarksveteraner.dk\/wordpress\/index.php?rest_route=\/wp\/v2\/types\/page"}],"author":[{"embeddable":true,"href":"https:\/\/midtjylland.danmarksveteraner.dk\/wordpress\/index.php?rest_route=\/wp\/v2\/users\/2"}],"replies":[{"embeddable":true,"href":"https:\/\/midtjylland.danmarksveteraner.dk\/wordpress\/index.php?rest_route=%2Fwp%2Fv2%2Fcomments&post=2834"}],"version-history":[{"count":2,"href":"https:\/\/midtjylland.danmarksveteraner.dk\/wordpress\/index.php?rest_route=\/wp\/v2\/pages\/2834\/revisions"}],"predecessor-version":[{"id":2836,"href":"https:\/\/midtjylland.danmarksveteraner.dk\/wordpress\/index.php?rest_route=\/wp\/v2\/pages\/2834\/revisions\/2836"}],"up":[{"embeddable":true,"href":"https:\/\/midtjylland.danmarksveteraner.dk\/wordpress\/index.php?rest_route=\/wp\/v2\/pages\/2589"}],"wp:attachment":[{"href":"https:\/\/midtjylland.danmarksveteraner.dk\/wordpress\/index.php?rest_route=%2Fwp%2Fv2%2Fmedia&parent=2834"}],"curies":[{"name":"wp","href":"https:\/\/api.w.org\/{rel}","templated":true}]}}