{"id":2914,"date":"2019-02-03T19:24:35","date_gmt":"2019-02-03T18:24:35","guid":{"rendered":"https:\/\/midtjylland.danmarksveteraner.dk\/wordpress\/?page_id=2914"},"modified":"2019-02-03T19:35:31","modified_gmt":"2019-02-03T18:35:31","slug":"bowling","status":"publish","type":"page","link":"https:\/\/midtjylland.danmarksveteraner.dk\/wordpress\/?page_id=2914","title":{"rendered":"Bowling"},"content":{"rendered":"\n<p>L\u00f8rdag d. 18. november, bowling i Hammel Bowlingcenter. Vi havde nogle hyggelig timer samme med middag bagefter,<\/p>\n\n\n\n<p>Damer: 1. Bodil Hesselbjerg 239. Nr. 2, Anne Thuesen 227. Nr. 3, Ilse B\u00e6k 194.<\/p>\n\n\n\n<p>Herrer: Nr. 1. Vagn Thomsen, 377, Nr. 2. Hugo B\u00e6k, 333, Nr. 3, Verner Hansen 322.<\/p>\n\n\n\n<p>28. oktober var vi i Hammel til Hyggebowling hvor vi var 15 deltager, som altid havde vi nogle hyggelig timer og en dejlig middag,<br>DAMER:<br>NR. 1. Inga Hansen&nbsp; &nbsp;m\/254 kegler<br>2. Ilse B\u00e6k&nbsp;&nbsp;&nbsp;&nbsp;&nbsp; &nbsp;&nbsp;&nbsp;&nbsp;&nbsp;m\/207&nbsp;&nbsp;&nbsp; &#8220;<br>3. Ellen Clausen&nbsp; m\/171<br>HERRER:<br>NR. 1. J\u00f8rgen Damsg\u00e5rd m\/ 309<br>2. Verner Hansen&nbsp;&nbsp;&nbsp;&nbsp; m\/ 302<br>3. Hugo B\u00e6k &nbsp;&nbsp;&nbsp;&nbsp;&nbsp;&nbsp;&nbsp;&nbsp;&nbsp;&nbsp;&nbsp;&nbsp;&nbsp;&nbsp;m\/ 274<br>Der er HYGGEBOWLING igen L\u00d8RDAG d. 18\/11-17 KL. 11.00,<\/p>\n\n\n\n<p>Vi startede op med bowling i Ebeltoft Bowling Center efter sommerferien L\u00f8rdag d. 30. Sept.17 kl. 11.00. Vi havde nogle rigtige hyggelige timer med en dejlig middag efter bowling, vi var 15 deltagere ialt.<br>Placering: Damer:<br>1. Ilse B\u00e6k 284 kegler<br>2.Anne Thuesen 239 kegler<br>3.Inga Hansen 192<br>Herrer:<br>1. Hugo B\u00e6k 304 m\/5 strike<br>2.Verner Hansen 304 m\/4 strike<br>3.Vagn Thomsen 300<\/p>\n\n\n\n<p>N\u00e6ste gang vi m\u00f8des til Hyggebowling er L\u00d8RDAG d. 28. Okt. 17 kl. 11.00 (m\u00f8detid kl. 10.30 ) I Hammel Bowling Center ( der er tilmeldt 15 pers. ) men der er PLADS Til flere,<br>meget gerne tilm. senest d. 22. okt. til Hugo B\u00e6k, mail: hugoilse@saksild.dk el. mobil 26870211.<\/p>\n\n\n\n<p>Datoer for efter\u00e5ret 2017 er:<br>30. september 2017 &nbsp;Ebeltoft Bowlingcenter. L\u00e6s mere<a href=\"http:\/\/midtjylland.danmarksveteraner.dk\/wordpress\/?event=bowling-7\"> her<\/a>.<br>28. oktober 2017&nbsp; Hammel Bowlingcenter<br>18. november 2017&nbsp; Hammel Bowlingcenter<br>Alle datoerne er m\u00f8detiden kl. 10.30 ( spilletid fra kl. 11.00 &#8211; 12.00 ) med efterf\u00f8lgende middag. Tilm. gerne senest 10 dage f\u00f8r spilledatoen til Hugo B\u00e6k, mail: hugoilse@saxild.dk eller mobil: 26 87 02 11.<br>HUSK! der er plads til alle, du beh\u00f8ver ikke at have spillet bowling f\u00f8r, kom og f\u00e5 nogle hyggelige &amp; kammeratlige timer sammen med os.<br>mvh.<br>Hugo B\u00e6k, Midtjylland<\/p>\n\n\n\n<p>Midtjylland afholdte sommer afslutning i Bowling d. 24. maj 2017 i Bowl&#8217;n&#8217;Fun i Silkeborg med en dejlig efterf\u00f8lgende Buffet, hvor der ogs\u00e5 blev overrakt pr\u00e6mier for dem som blev nr. 1-2-3 i dame r\u00e6kken &amp; herrer r\u00e6kken.<\/p>\n\n\n\n<p>Damer:&nbsp; nr. 1. Ilse B\u00e6k &nbsp;&nbsp;&nbsp;&nbsp;&nbsp;&nbsp;&nbsp;&nbsp;&nbsp;&nbsp;&nbsp;&nbsp;( pr\u00e6mie flot k\u00f8bmandskurv )<\/p>\n\n\n\n<p>&#8221;&nbsp;&nbsp;&nbsp;&nbsp;&nbsp;&nbsp;&nbsp; &#8221;&nbsp;&nbsp;&nbsp; 2. Anne Thuesen (&nbsp;&nbsp;&nbsp;&nbsp;&nbsp; &#8221;&nbsp;&nbsp;&nbsp;&nbsp;&nbsp; Fl. r\u00f8dvin )<\/p>\n\n\n\n<p>&#8221;&nbsp;&nbsp;&nbsp;&nbsp;&nbsp;&nbsp;&nbsp; &#8221;&nbsp;&nbsp;&nbsp; 3. Inga Hansen&nbsp;&nbsp;&nbsp;&nbsp;&nbsp; (&nbsp;&nbsp;&nbsp;&nbsp; &#8221;&nbsp;&nbsp;&nbsp;&nbsp; &nbsp;&nbsp;Fl. hvidvin )<\/p>\n\n\n\n<figure class=\"wp-block-image\"><a href=\"http:\/\/midtjylland.danmarksveteraner.dk\/wordpress\/wp-content\/uploads\/2017\/07\/20170524_144056-24-05-17.jpeg\"><img loading=\"lazy\" decoding=\"async\" width=\"300\" height=\"225\" src=\"http:\/\/midtjylland.danmarksveteraner.dk\/wordpress\/wp-content\/uploads\/2017\/07\/20170524_144056-24-05-17-300x225.jpeg\" alt=\"\" class=\"wp-image-1518\" srcset=\"https:\/\/midtjylland.danmarksveteraner.dk\/wordpress\/wp-content\/uploads\/2017\/07\/20170524_144056-24-05-17-300x225.jpeg 300w, https:\/\/midtjylland.danmarksveteraner.dk\/wordpress\/wp-content\/uploads\/2017\/07\/20170524_144056-24-05-17-768x576.jpeg 768w, https:\/\/midtjylland.danmarksveteraner.dk\/wordpress\/wp-content\/uploads\/2017\/07\/20170524_144056-24-05-17.jpeg 960w\" sizes=\"(max-width: 300px) 100vw, 300px\" \/><\/a><\/figure>\n\n\n\n<p>Herrer:&nbsp; &#8221;&nbsp;&nbsp;&nbsp; 1. Verner Hansen ( pr\u00e6mie flot k\u00f8bmandskurv )<\/p>\n\n\n\n<p>&#8221;&nbsp;&nbsp;&nbsp;&nbsp;&nbsp;&nbsp;&nbsp; &#8221;&nbsp;&nbsp;&nbsp; 2. Hugo B\u00e6k&nbsp;&nbsp;&nbsp;&nbsp;&nbsp;&nbsp;&nbsp;&nbsp;&nbsp;&nbsp; (&nbsp;&nbsp;&nbsp;&nbsp;&nbsp;&nbsp; &#8221;&nbsp;&nbsp;&nbsp;&nbsp;&nbsp; Fl. R\u00f8dvin )<\/p>\n\n\n\n<p>&#8221;&nbsp;&nbsp;&nbsp;&nbsp;&nbsp;&nbsp;&nbsp; &#8221;&nbsp;&nbsp;&nbsp; 3. Vagn Thomsen (&nbsp;&nbsp;&nbsp;&nbsp;&nbsp;&nbsp; &#8221;&nbsp;&nbsp;&nbsp;&nbsp;&nbsp; Fl. hvidvin )<\/p>\n\n\n\n<figure class=\"wp-block-image\"><a href=\"http:\/\/midtjylland.danmarksveteraner.dk\/wordpress\/wp-content\/uploads\/2017\/07\/20170524_144210-24-05-17.jpeg\"><img loading=\"lazy\" decoding=\"async\" width=\"300\" height=\"225\" src=\"http:\/\/midtjylland.danmarksveteraner.dk\/wordpress\/wp-content\/uploads\/2017\/07\/20170524_144210-24-05-17-300x225.jpeg\" alt=\"\" class=\"wp-image-1519\" srcset=\"https:\/\/midtjylland.danmarksveteraner.dk\/wordpress\/wp-content\/uploads\/2017\/07\/20170524_144210-24-05-17-300x225.jpeg 300w, https:\/\/midtjylland.danmarksveteraner.dk\/wordpress\/wp-content\/uploads\/2017\/07\/20170524_144210-24-05-17-768x576.jpeg 768w, https:\/\/midtjylland.danmarksveteraner.dk\/wordpress\/wp-content\/uploads\/2017\/07\/20170524_144210-24-05-17.jpeg 960w\" sizes=\"(max-width: 300px) 100vw, 300px\" \/><\/a><\/figure>\n\n\n\n<p>Tillykke til de 6 spillere.<\/p>\n\n\n\n<hr class=\"wp-block-separator\"\/>\n\n\n\n<hr class=\"wp-block-separator\"\/>\n\n\n\n<p>Ja&#8217; s\u00e5 har vi v\u00e6ret til kammeratlig\/hyggedag i Hammel til bowling som var rigtig hyggeligt med en masse snak efter middagen, det er rigtig dejlig n\u00e5r vi alle har tid bag efter, for det er jo det der er VIGTIGT.<\/p>\n\n\n\n<p>Resultater:&nbsp;&nbsp; Damer:&nbsp; nr.1 &nbsp;Ilse B\u00e6k&nbsp; &nbsp;&nbsp;&nbsp;&nbsp;&nbsp;&nbsp;&nbsp;&nbsp;&nbsp;med 279 kegler<\/p>\n\n\n\n<p>&#8221;&nbsp; 2. Inga Hansen&nbsp; &nbsp;med 258&nbsp;&nbsp;&nbsp; &#8220;<\/p>\n\n\n\n<p>&#8221;&nbsp; 3. Ellen Clausen med 192&nbsp;&nbsp;&nbsp; &#8220;<\/p>\n\n\n\n<p>&#8221;&nbsp;&nbsp;&nbsp;&nbsp;&nbsp;&nbsp;&nbsp;&nbsp;&nbsp;&nbsp;&nbsp;&nbsp;&nbsp;&nbsp;&nbsp;&nbsp; Herrer:&nbsp;&nbsp;&nbsp; nr. 1. Verner Hansen &nbsp;&nbsp;med 377 kegler<\/p>\n\n\n\n<p>&#8221;&nbsp;&nbsp;&nbsp; 2. Hugo B\u00e6k&nbsp;&nbsp;&nbsp;&nbsp;&nbsp;&nbsp;&nbsp;&nbsp; &nbsp;&nbsp;&nbsp;med 277&nbsp;&nbsp;&nbsp; &#8220;<\/p>\n\n\n\n<p>&#8221;&nbsp;&nbsp;&nbsp; 3. Vagn Thomsen&nbsp; med 265&nbsp;&nbsp;&nbsp;&nbsp; &#8220;<\/p>\n\n\n\n<p>Hermed siger vi tillykke til alle seks, og ikke mindst en STOR TAK til Verner Hansen som ogs\u00e5 hj\u00e6lper til i Bowling hallen, han gav&#8217; os alle GRATIS bowling, da han havde s\u00e5 mange timer til gode,<\/p>\n\n\n\n<p>s\u00e5 vi alle kunne nyde det hele for kun 75.- kr.<\/p>\n\n\n\n<p>mvh. Hugo B\u00e6k<\/p>\n\n\n\n<hr class=\"wp-block-separator\"\/>\n\n\n\n<figure class=\"wp-block-image\"><a href=\"http:\/\/midtjylland.danmarksveteraner.dk\/wordpress\/wp-content\/uploads\/2017\/03\/Glad-sol.png\"><img loading=\"lazy\" decoding=\"async\" width=\"300\" height=\"263\" src=\"http:\/\/midtjylland.danmarksveteraner.dk\/wordpress\/wp-content\/uploads\/2017\/03\/Glad-sol-300x263.png\" alt=\"\" class=\"wp-image-1105\" srcset=\"https:\/\/midtjylland.danmarksveteraner.dk\/wordpress\/wp-content\/uploads\/2017\/03\/Glad-sol-300x263.png 300w, https:\/\/midtjylland.danmarksveteraner.dk\/wordpress\/wp-content\/uploads\/2017\/03\/Glad-sol.png 338w\" sizes=\"(max-width: 300px) 100vw, 300px\" \/><\/a><\/figure>\n\n\n\n<p>ONSDAG d. 24. maj 2017 SOMMERAFSLUTNING&nbsp; &nbsp;<\/p>\n\n\n\n<p>Vi m\u00f8des i Bowl\u2019n\u2019Fun Silkeborg, Brokbjergvej 12, 8600 Silkeborg kl. 10.30 og spiller fra 11.00 \u2013 12.00.<\/p>\n\n\n\n<p>Herefter k\u00f8rer vi ud i det gr\u00f8nne med vores medbragte mad (evt. Indelukket ) Vi h\u00e5ber som s\u00e6dvanligt p\u00e5 godt vejr.<\/p>\n\n\n\n<p>Meget gerne tilmelding senest d. 17. maj 2017 til Hugo B\u00e6k, mail: <a target=\"_blank\" rel=\"noreferrer noopener\">hugoilse@saxild.dk<\/a> el. mobil: 26 87 02 11<\/p>\n\n\n\n<hr class=\"wp-block-separator\"\/>\n\n\n\n<p>Vi har haft kammeratlig hyggebowling i Hammel L\u00f8rdag d. 28\/1-17 med efterf\u00f8lgende dejlig middag\/kaffe og en rigtig god snak bagefter,<\/p>\n\n\n\n<p>Resultater: Damer: nr. 1 Anne Thuesen nr. 2. Ellen Clausen nr. 3. Aase Thomsen<\/p>\n\n\n\n<p>&#8221;&nbsp;&nbsp;&nbsp;&nbsp;&nbsp;&nbsp;&nbsp; Herrer:&nbsp; nr. 1 Verner Hansen nr. 2. Aage Madsen nr. 3. J\u00f8rgen Damsg\u00e5rd<\/p>\n\n\n\n<p>Vi har igen v\u00e6ret til kammeratlig hyggebowling i Hammel L\u00d8RDAG d. 4\/3-17, med efterf\u00f8lgende dejlig middag\/kaffe, samt en god snak bagefter,<\/p>\n\n\n\n<p>Resultater:&nbsp; Damer: nr. 1. Ilse B\u00e6k, nr. 2. Anne Thuesen, nr. 3. Dorthe Jensen<\/p>\n\n\n\n<p>&#8221;&nbsp;&nbsp;&nbsp;&nbsp;&nbsp;&nbsp;&nbsp;&nbsp;&nbsp;&nbsp;&nbsp;&nbsp; Herrer: &nbsp;nr. 1. Vagn Thomsen, nr. 2. Hugo B\u00e6k, nr. 3. Aage Madsen<\/p>\n\n\n\n<p>De sidste nye resultater fra ODENSE, &nbsp;L\u00d8RDAG D. 18. marts 17, Vi k\u00f8rte hjemme fra f\u00f8rst p\u00e5 formiddagen hvor vi skulle m\u00f8des i Odense Bowlinghal&nbsp; kl 11.30<\/p>\n\n\n\n<p>hvor vi lige fik hilst p\u00e5 De andre fra Nordsj\u00e6lland &amp; Fyn samt os 7 personer fra Midtjylland (6 der skulle spille ) vi spillede fra ca. kl. 12.00 &#8211; 13.15 hvor efter vi fik middag<\/p>\n\n\n\n<p>STEGT FL\u00c6SK m\/PERSILLESOVS (rigtig godt ) s\u00e5 kom det sp\u00e6ndende, hvordan var det g\u00e5et med de andre ogs\u00e5 med deres resultater,<\/p>\n\n\n\n<p>Vores spiller kan godt v\u00e6re stolte, alle 3 hold fik noget med hjem,<\/p>\n\n\n\n<p>jeg har kun vores resultater, s\u00e5 dem f\u00e5r du her:<\/p>\n\n\n\n<p>DAMER:&nbsp; nr. 1. Anne Thuesen<\/p>\n\n\n\n<p>&#8221;&nbsp;&nbsp;&nbsp;&nbsp;&nbsp;&nbsp;&nbsp;&nbsp;&nbsp;&nbsp;&nbsp;&nbsp;&nbsp;&nbsp;&nbsp; 2. Ilse B\u00e6k<\/p>\n\n\n\n<p>Herrer:&nbsp;&nbsp; nr.&nbsp; 1. Vagn Thomsen<\/p>\n\n\n\n<ol class=\"wp-block-list\"><li>Hugo B\u00e6k<\/li><\/ol>\n\n\n\n<p>Herrer &#8211; Hold: nr. 1. Vagn Thomsen &amp; Hugo B\u00e6k<\/p>\n\n\n\n<ol class=\"wp-block-list\"><li>J\u00f8rgen Damsgaard &amp; Niels Ole Piil<\/li><\/ol>\n\n\n\n<p>Vi gl\u00e6der os til at se rigtig mange de to sidste gange inden sommerferien,<\/p>\n\n\n\n<p>APRIL:&nbsp; L\u00d8RDAG d. 29\/4 kl. 11.00 (m\u00f8detid 10.30 ) i Hammel Bowlingcenter ( tilm. meget gerne senest 10 dage f\u00f8r )<\/p>\n\n\n\n<p>MAJ:&nbsp;&nbsp; &nbsp;ONSDAG d. 24\/5&nbsp; SOMMERAFSLUTNING efter bowling en tur ud i det gr\u00f8nne ( TID &amp; STED arb.&#8217;s der p\u00e5 )<\/p>\n\n\n\n<p>TILM. til Hugo B\u00e6k, p\u00e5 mail: hugoilse@saxild.dk eller mobil: 26 87 02 11<\/p>\n\n\n\n<p>mvh. Hugo B\u00e6k<\/p>\n","protected":false},"excerpt":{"rendered":"<p>L\u00f8rdag d. 18. november, bowling i Hammel Bowlingcenter. Vi havde nogle hyggelig timer samme med middag bagefter, Damer: 1. Bodil<\/p>\n","protected":false},"author":2,"featured_media":0,"parent":2007,"menu_order":12,"comment_status":"closed","ping_status":"closed","template":"","meta":{"colormag_page_container_layout":"default_layout","colormag_page_sidebar_layout":"default_layout","footnotes":""},"class_list":["post-2914","page","type-page","status-publish","hentry"],"_links":{"self":[{"href":"https:\/\/midtjylland.danmarksveteraner.dk\/wordpress\/index.php?rest_route=\/wp\/v2\/pages\/2914"}],"collection":[{"href":"https:\/\/midtjylland.danmarksveteraner.dk\/wordpress\/index.php?rest_route=\/wp\/v2\/pages"}],"about":[{"href":"https:\/\/midtjylland.danmarksveteraner.dk\/wordpress\/index.php?rest_route=\/wp\/v2\/types\/page"}],"author":[{"embeddable":true,"href":"https:\/\/midtjylland.danmarksveteraner.dk\/wordpress\/index.php?rest_route=\/wp\/v2\/users\/2"}],"replies":[{"embeddable":true,"href":"https:\/\/midtjylland.danmarksveteraner.dk\/wordpress\/index.php?rest_route=%2Fwp%2Fv2%2Fcomments&post=2914"}],"version-history":[{"count":2,"href":"https:\/\/midtjylland.danmarksveteraner.dk\/wordpress\/index.php?rest_route=\/wp\/v2\/pages\/2914\/revisions"}],"predecessor-version":[{"id":2917,"href":"https:\/\/midtjylland.danmarksveteraner.dk\/wordpress\/index.php?rest_route=\/wp\/v2\/pages\/2914\/revisions\/2917"}],"up":[{"embeddable":true,"href":"https:\/\/midtjylland.danmarksveteraner.dk\/wordpress\/index.php?rest_route=\/wp\/v2\/pages\/2007"}],"wp:attachment":[{"href":"https:\/\/midtjylland.danmarksveteraner.dk\/wordpress\/index.php?rest_route=%2Fwp%2Fv2%2Fmedia&parent=2914"}],"curies":[{"name":"wp","href":"https:\/\/api.w.org\/{rel}","templated":true}]}}