{"id":3428,"date":"2019-06-04T00:15:07","date_gmt":"2019-06-03T22:15:07","guid":{"rendered":"https:\/\/midtjylland.danmarksveteraner.dk\/wordpress\/?page_id=3428"},"modified":"2019-10-24T23:34:30","modified_gmt":"2019-10-24T21:34:30","slug":"peacekeepers-day","status":"publish","type":"page","link":"https:\/\/midtjylland.danmarksveteraner.dk\/wordpress\/?page_id=3428","title":{"rendered":"Peacekeepers Day"},"content":{"rendered":"\n<p>Den 29. maj 2019 havde vi arrangeret en bustur til Peacekeepers Day p\u00e5 Kastellet i K\u00f8benhavn.<\/p>\n\n\n\n<p>Vi startede 05.30 fra Aarhus Nord og havde opsamling ved Skanderborg Nord og i Horsens indtil alle 27 deltagere var ombord. Vi gjorde et kort stop p\u00e5 en rasteplads for indtagelse af de medbragte rundstykker, kaffe samt en bitter og fortsatte derefter til K\u00f8benhavn, hvor vi ankom lidt over 10.<\/p>\n\n\n\n<p>F\u00f8rste punkt p\u00e5 programmet var at alle deltagere samledes ved De Bl\u00e5 Baretters mindesten, hvor der blev lagt en blomst af landsformanden.<\/p>\n\n\n\n<p>Herefter blev der gjort klar til paraden ved monumentet for Danmarks udsendte. Her deltog bl.a. Folketingets formand, Pia Kj\u00e6rsgaard, forsvarschef Bj\u00f8rn Bisserup, flere udenlandske ambassad\u00f8rer samt Livgardens \u00e6reskommando og musikkorps. Derudover selvf\u00f8lgelig et stort antal veteraner.<\/p>\n\n\n\n<p>Efter talerne og kransel\u00e6gning ved monumentet blev der uddelt missions medaljer til jubilerende veteraner. Her modtog Per Hjortsh\u00f8j 60 \u00e5rs tegn og Hugo B\u00e6k 50 \u00e5rs tegn for henholdsvis missionerne i Gaza og Cypern. Efterf\u00f8lgende blev Anders Bang ligeledes tildelt 60 \u00e5rs Gaza-tegn. Efter uddelingen af missionsmedaljerne blev Niels Carlsen dekoreret med Danmarks Veteraners fortjenstmedalje i Bronze af landsformanden.<\/p>\n\n\n\n<p>Efter paradens afslutning samledes alle deltagere til reception med sm\u00e5 canap\u00e9er samt \u00f8l, vand og vin i r\u00e5 m\u00e6ngder.<\/p>\n\n\n\n<p>Ved 15.00 tiden samledes vi ved bussen og startede hjemturen gennem et trafik-proppet K\u00f8benhavn. Det l\u00f8snede dog op lidt l\u00e6ngere sydp\u00e5 indtil Storeb\u00e6lt, og gik s\u00e5 i st\u00e5 igen tv\u00e6rs over Fyn, hvor vi n\u00e6rmest sneglede os af sted. Vi havde heldigvis lidt \u00f8l med i bussen.<\/p>\n\n\n\n<p>Vi drejede fra motorvejen lidt efter Odense og k\u00f8rte til Aarup Kro, hvor et dejligt m\u00e5ltid med kalvesteg og isdessert ventede.<\/p>\n\n\n\n<p>Vi n\u00e5ede Aarhus-omr\u00e5det ved 23-tiden efter en begivenhedsrig dag, hvor vejret havde vist sig fra den milde side. Det havde dog v\u00e6ret en lang dag og energien var blevet br\u00e6ndt af, men alle var enige i at det havde v\u00e6ret en rigtig god tur.<\/p>\n\n\n\n<table id=\"tablepress-56\" class=\"tablepress tablepress-id-56\">\n<thead>\n<tr class=\"row-1\">\n\t<th class=\"column-1\"><a href=\"https:\/\/midtjylland.danmarksveteraner.dk\/wordpress\/wp-content\/uploads\/2019\/06\/2019-05-29-11.42.55-1.jpg\"><img loading=\"lazy\" decoding=\"async\" src=\"https:\/\/midtjylland.danmarksveteraner.dk\/wordpress\/wp-content\/uploads\/2019\/06\/2019-05-29-11.42.55-1-300x169.jpg\" alt=\"\" width=\"300\" height=\"169\" class=\"alignnone size-medium wp-image-3432\" srcset=\"https:\/\/midtjylland.danmarksveteraner.dk\/wordpress\/wp-content\/uploads\/2019\/06\/2019-05-29-11.42.55-1-300x169.jpg 300w, https:\/\/midtjylland.danmarksveteraner.dk\/wordpress\/wp-content\/uploads\/2019\/06\/2019-05-29-11.42.55-1-768x432.jpg 768w, https:\/\/midtjylland.danmarksveteraner.dk\/wordpress\/wp-content\/uploads\/2019\/06\/2019-05-29-11.42.55-1.jpg 1008w\" sizes=\"(max-width: 300px) 100vw, 300px\" \/><\/a><\/th><th class=\"column-2\"><a href=\"https:\/\/midtjylland.danmarksveteraner.dk\/wordpress\/wp-content\/uploads\/2019\/06\/2019-05-29-11.43.27-1.jpg\"><img loading=\"lazy\" decoding=\"async\" src=\"https:\/\/midtjylland.danmarksveteraner.dk\/wordpress\/wp-content\/uploads\/2019\/06\/2019-05-29-11.43.27-1-300x169.jpg\" alt=\"\" width=\"300\" height=\"169\" class=\"alignnone size-medium wp-image-3433\" srcset=\"https:\/\/midtjylland.danmarksveteraner.dk\/wordpress\/wp-content\/uploads\/2019\/06\/2019-05-29-11.43.27-1-300x169.jpg 300w, https:\/\/midtjylland.danmarksveteraner.dk\/wordpress\/wp-content\/uploads\/2019\/06\/2019-05-29-11.43.27-1-768x432.jpg 768w, https:\/\/midtjylland.danmarksveteraner.dk\/wordpress\/wp-content\/uploads\/2019\/06\/2019-05-29-11.43.27-1.jpg 1008w\" sizes=\"(max-width: 300px) 100vw, 300px\" \/><\/a><\/th>\n<\/tr>\n<\/thead>\n<tbody class=\"row-striping row-hover\">\n<tr class=\"row-2\">\n\t<td class=\"column-1\"><a href=\"https:\/\/midtjylland.danmarksveteraner.dk\/wordpress\/wp-content\/uploads\/2019\/06\/2019-05-29-11.43.34-1.jpg\"><img loading=\"lazy\" decoding=\"async\" src=\"https:\/\/midtjylland.danmarksveteraner.dk\/wordpress\/wp-content\/uploads\/2019\/06\/2019-05-29-11.43.34-1-300x169.jpg\" alt=\"\" width=\"300\" height=\"169\" class=\"alignnone size-medium wp-image-3434\" srcset=\"https:\/\/midtjylland.danmarksveteraner.dk\/wordpress\/wp-content\/uploads\/2019\/06\/2019-05-29-11.43.34-1-300x169.jpg 300w, https:\/\/midtjylland.danmarksveteraner.dk\/wordpress\/wp-content\/uploads\/2019\/06\/2019-05-29-11.43.34-1-768x432.jpg 768w, https:\/\/midtjylland.danmarksveteraner.dk\/wordpress\/wp-content\/uploads\/2019\/06\/2019-05-29-11.43.34-1.jpg 1008w\" sizes=\"(max-width: 300px) 100vw, 300px\" \/><\/a><\/td><td class=\"column-2\"><a href=\"https:\/\/midtjylland.danmarksveteraner.dk\/wordpress\/wp-content\/uploads\/2019\/06\/2019-05-29-11.43.45-1.jpg\"><img loading=\"lazy\" decoding=\"async\" src=\"https:\/\/midtjylland.danmarksveteraner.dk\/wordpress\/wp-content\/uploads\/2019\/06\/2019-05-29-11.43.45-1-300x169.jpg\" alt=\"\" width=\"300\" height=\"169\" class=\"alignnone size-medium wp-image-3435\" srcset=\"https:\/\/midtjylland.danmarksveteraner.dk\/wordpress\/wp-content\/uploads\/2019\/06\/2019-05-29-11.43.45-1-300x169.jpg 300w, https:\/\/midtjylland.danmarksveteraner.dk\/wordpress\/wp-content\/uploads\/2019\/06\/2019-05-29-11.43.45-1-768x432.jpg 768w, https:\/\/midtjylland.danmarksveteraner.dk\/wordpress\/wp-content\/uploads\/2019\/06\/2019-05-29-11.43.45-1.jpg 1008w\" sizes=\"(max-width: 300px) 100vw, 300px\" \/><\/a><\/td>\n<\/tr>\n<tr class=\"row-3\">\n\t<td class=\"column-1\"><a href=\"https:\/\/midtjylland.danmarksveteraner.dk\/wordpress\/wp-content\/uploads\/2019\/06\/2019-05-29-14.05.40-1.jpg\"><img loading=\"lazy\" decoding=\"async\" src=\"https:\/\/midtjylland.danmarksveteraner.dk\/wordpress\/wp-content\/uploads\/2019\/06\/2019-05-29-14.05.40-1-169x300.jpg\" alt=\"\" width=\"169\" height=\"300\" class=\"alignnone size-medium wp-image-3436\" srcset=\"https:\/\/midtjylland.danmarksveteraner.dk\/wordpress\/wp-content\/uploads\/2019\/06\/2019-05-29-14.05.40-1-169x300.jpg 169w, https:\/\/midtjylland.danmarksveteraner.dk\/wordpress\/wp-content\/uploads\/2019\/06\/2019-05-29-14.05.40-1.jpg 567w\" sizes=\"(max-width: 169px) 100vw, 169px\" \/><\/a><\/td><td class=\"column-2\"><a href=\"https:\/\/midtjylland.danmarksveteraner.dk\/wordpress\/wp-content\/uploads\/2019\/06\/2019-05-29-14.05.58-1.jpg\"><img loading=\"lazy\" decoding=\"async\" src=\"https:\/\/midtjylland.danmarksveteraner.dk\/wordpress\/wp-content\/uploads\/2019\/06\/2019-05-29-14.05.58-1-169x300.jpg\" alt=\"\" width=\"169\" height=\"300\" class=\"alignnone size-medium wp-image-3437\" srcset=\"https:\/\/midtjylland.danmarksveteraner.dk\/wordpress\/wp-content\/uploads\/2019\/06\/2019-05-29-14.05.58-1-169x300.jpg 169w, https:\/\/midtjylland.danmarksveteraner.dk\/wordpress\/wp-content\/uploads\/2019\/06\/2019-05-29-14.05.58-1.jpg 567w\" sizes=\"(max-width: 169px) 100vw, 169px\" \/><\/a><\/td>\n<\/tr>\n<tr class=\"row-4\">\n\t<td class=\"column-1\"><a href=\"https:\/\/midtjylland.danmarksveteraner.dk\/wordpress\/wp-content\/uploads\/2019\/06\/2019-05-29-14.07.04-1.jpg\"><img loading=\"lazy\" decoding=\"async\" src=\"https:\/\/midtjylland.danmarksveteraner.dk\/wordpress\/wp-content\/uploads\/2019\/06\/2019-05-29-14.07.04-1-300x169.jpg\" alt=\"\" width=\"300\" height=\"169\" class=\"alignnone size-medium wp-image-3438\" srcset=\"https:\/\/midtjylland.danmarksveteraner.dk\/wordpress\/wp-content\/uploads\/2019\/06\/2019-05-29-14.07.04-1-300x169.jpg 300w, https:\/\/midtjylland.danmarksveteraner.dk\/wordpress\/wp-content\/uploads\/2019\/06\/2019-05-29-14.07.04-1-768x432.jpg 768w, https:\/\/midtjylland.danmarksveteraner.dk\/wordpress\/wp-content\/uploads\/2019\/06\/2019-05-29-14.07.04-1.jpg 1008w\" sizes=\"(max-width: 300px) 100vw, 300px\" \/><\/a><\/td><td class=\"column-2\"><a href=\"https:\/\/midtjylland.danmarksveteraner.dk\/wordpress\/wp-content\/uploads\/2019\/06\/2019-05-29-14.07.48-1.jpg\"><img loading=\"lazy\" decoding=\"async\" src=\"https:\/\/midtjylland.danmarksveteraner.dk\/wordpress\/wp-content\/uploads\/2019\/06\/2019-05-29-14.07.48-1-300x169.jpg\" alt=\"\" width=\"300\" height=\"169\" class=\"alignnone size-medium wp-image-3439\" srcset=\"https:\/\/midtjylland.danmarksveteraner.dk\/wordpress\/wp-content\/uploads\/2019\/06\/2019-05-29-14.07.48-1-300x169.jpg 300w, https:\/\/midtjylland.danmarksveteraner.dk\/wordpress\/wp-content\/uploads\/2019\/06\/2019-05-29-14.07.48-1-768x432.jpg 768w, https:\/\/midtjylland.danmarksveteraner.dk\/wordpress\/wp-content\/uploads\/2019\/06\/2019-05-29-14.07.48-1.jpg 1008w\" sizes=\"(max-width: 300px) 100vw, 300px\" \/><\/a><\/td>\n<\/tr>\n<tr class=\"row-5\">\n\t<td class=\"column-1\"><a href=\"https:\/\/midtjylland.danmarksveteraner.dk\/wordpress\/wp-content\/uploads\/2019\/06\/IMG_2027.jpg\"><img loading=\"lazy\" decoding=\"async\" src=\"https:\/\/midtjylland.danmarksveteraner.dk\/wordpress\/wp-content\/uploads\/2019\/06\/IMG_2027-300x200.jpg\" alt=\"\" width=\"300\" height=\"200\" class=\"alignnone size-medium wp-image-3443\" srcset=\"https:\/\/midtjylland.danmarksveteraner.dk\/wordpress\/wp-content\/uploads\/2019\/06\/IMG_2027-300x200.jpg 300w, https:\/\/midtjylland.danmarksveteraner.dk\/wordpress\/wp-content\/uploads\/2019\/06\/IMG_2027-768x512.jpg 768w, https:\/\/midtjylland.danmarksveteraner.dk\/wordpress\/wp-content\/uploads\/2019\/06\/IMG_2027-1024x682.jpg 1024w, https:\/\/midtjylland.danmarksveteraner.dk\/wordpress\/wp-content\/uploads\/2019\/06\/IMG_2027.jpg 1292w\" sizes=\"(max-width: 300px) 100vw, 300px\" \/><\/a><\/td><td class=\"column-2\"><a href=\"https:\/\/midtjylland.danmarksveteraner.dk\/wordpress\/wp-content\/uploads\/2019\/06\/IMG_2029.jpg\"><img loading=\"lazy\" decoding=\"async\" src=\"https:\/\/midtjylland.danmarksveteraner.dk\/wordpress\/wp-content\/uploads\/2019\/06\/IMG_2029-300x200.jpg\" alt=\"\" width=\"300\" height=\"200\" class=\"alignnone size-medium wp-image-3444\" srcset=\"https:\/\/midtjylland.danmarksveteraner.dk\/wordpress\/wp-content\/uploads\/2019\/06\/IMG_2029-300x200.jpg 300w, https:\/\/midtjylland.danmarksveteraner.dk\/wordpress\/wp-content\/uploads\/2019\/06\/IMG_2029-768x512.jpg 768w, https:\/\/midtjylland.danmarksveteraner.dk\/wordpress\/wp-content\/uploads\/2019\/06\/IMG_2029-1024x682.jpg 1024w, https:\/\/midtjylland.danmarksveteraner.dk\/wordpress\/wp-content\/uploads\/2019\/06\/IMG_2029.jpg 1292w\" sizes=\"(max-width: 300px) 100vw, 300px\" \/><\/a><\/td>\n<\/tr>\n<tr class=\"row-6\">\n\t<td class=\"column-1\"><a href=\"https:\/\/midtjylland.danmarksveteraner.dk\/wordpress\/wp-content\/uploads\/2019\/06\/2019-05-29-14.14.16-1.jpg\"><img loading=\"lazy\" decoding=\"async\" src=\"https:\/\/midtjylland.danmarksveteraner.dk\/wordpress\/wp-content\/uploads\/2019\/06\/2019-05-29-14.14.16-1-300x169.jpg\" alt=\"\" width=\"300\" height=\"169\" class=\"alignnone size-medium wp-image-3440\" srcset=\"https:\/\/midtjylland.danmarksveteraner.dk\/wordpress\/wp-content\/uploads\/2019\/06\/2019-05-29-14.14.16-1-300x169.jpg 300w, https:\/\/midtjylland.danmarksveteraner.dk\/wordpress\/wp-content\/uploads\/2019\/06\/2019-05-29-14.14.16-1-768x432.jpg 768w, https:\/\/midtjylland.danmarksveteraner.dk\/wordpress\/wp-content\/uploads\/2019\/06\/2019-05-29-14.14.16-1.jpg 1008w\" sizes=\"(max-width: 300px) 100vw, 300px\" \/><\/a><\/td><td class=\"column-2\"><a href=\"https:\/\/midtjylland.danmarksveteraner.dk\/wordpress\/wp-content\/uploads\/2019\/06\/61756920_2138581499572746_5816891585857585152_o-1.jpg\"><img loading=\"lazy\" decoding=\"async\" src=\"https:\/\/midtjylland.danmarksveteraner.dk\/wordpress\/wp-content\/uploads\/2019\/06\/61756920_2138581499572746_5816891585857585152_o-1-300x268.jpg\" alt=\"\" width=\"300\" height=\"268\" class=\"alignnone size-medium wp-image-3442\" srcset=\"https:\/\/midtjylland.danmarksveteraner.dk\/wordpress\/wp-content\/uploads\/2019\/06\/61756920_2138581499572746_5816891585857585152_o-1-300x268.jpg 300w, https:\/\/midtjylland.danmarksveteraner.dk\/wordpress\/wp-content\/uploads\/2019\/06\/61756920_2138581499572746_5816891585857585152_o-1-768x687.jpg 768w, https:\/\/midtjylland.danmarksveteraner.dk\/wordpress\/wp-content\/uploads\/2019\/06\/61756920_2138581499572746_5816891585857585152_o-1.jpg 784w\" sizes=\"(max-width: 300px) 100vw, 300px\" \/><\/a><\/td>\n<\/tr>\n<tr class=\"row-7\">\n\t<td class=\"column-1\"><a href=\"https:\/\/midtjylland.danmarksveteraner.dk\/wordpress\/wp-content\/uploads\/2019\/06\/61258622_2138582766239286_7805164184924061696_o-1.jpg\"><img loading=\"lazy\" decoding=\"async\" src=\"https:\/\/midtjylland.danmarksveteraner.dk\/wordpress\/wp-content\/uploads\/2019\/06\/61258622_2138582766239286_7805164184924061696_o-1-300x225.jpg\" alt=\"\" width=\"300\" height=\"225\" class=\"alignnone size-medium wp-image-3441\" srcset=\"https:\/\/midtjylland.danmarksveteraner.dk\/wordpress\/wp-content\/uploads\/2019\/06\/61258622_2138582766239286_7805164184924061696_o-1-300x225.jpg 300w, https:\/\/midtjylland.danmarksveteraner.dk\/wordpress\/wp-content\/uploads\/2019\/06\/61258622_2138582766239286_7805164184924061696_o-1-768x576.jpg 768w, https:\/\/midtjylland.danmarksveteraner.dk\/wordpress\/wp-content\/uploads\/2019\/06\/61258622_2138582766239286_7805164184924061696_o-1-1024x768.jpg 1024w, https:\/\/midtjylland.danmarksveteraner.dk\/wordpress\/wp-content\/uploads\/2019\/06\/61258622_2138582766239286_7805164184924061696_o-1.jpg 1125w\" sizes=\"(max-width: 300px) 100vw, 300px\" \/><\/a><\/td><td class=\"column-2\"><\/td>\n<\/tr>\n<\/tbody>\n<\/table>\n<!-- #tablepress-56 from cache -->\n\n\n\n<p><\/p>\n\n\n\n<p><\/p>\n","protected":false},"excerpt":{"rendered":"<p>Den 29. maj 2019 havde vi arrangeret en bustur til Peacekeepers Day p\u00e5 Kastellet i K\u00f8benhavn. Vi startede 05.30 fra<\/p>\n","protected":false},"author":2,"featured_media":0,"parent":2905,"menu_order":2,"comment_status":"closed","ping_status":"closed","template":"","meta":{"colormag_page_container_layout":"default_layout","colormag_page_sidebar_layout":"default_layout","footnotes":""},"class_list":["post-3428","page","type-page","status-publish","hentry"],"_links":{"self":[{"href":"https:\/\/midtjylland.danmarksveteraner.dk\/wordpress\/index.php?rest_route=\/wp\/v2\/pages\/3428"}],"collection":[{"href":"https:\/\/midtjylland.danmarksveteraner.dk\/wordpress\/index.php?rest_route=\/wp\/v2\/pages"}],"about":[{"href":"https:\/\/midtjylland.danmarksveteraner.dk\/wordpress\/index.php?rest_route=\/wp\/v2\/types\/page"}],"author":[{"embeddable":true,"href":"https:\/\/midtjylland.danmarksveteraner.dk\/wordpress\/index.php?rest_route=\/wp\/v2\/users\/2"}],"replies":[{"embeddable":true,"href":"https:\/\/midtjylland.danmarksveteraner.dk\/wordpress\/index.php?rest_route=%2Fwp%2Fv2%2Fcomments&post=3428"}],"version-history":[{"count":2,"href":"https:\/\/midtjylland.danmarksveteraner.dk\/wordpress\/index.php?rest_route=\/wp\/v2\/pages\/3428\/revisions"}],"predecessor-version":[{"id":3446,"href":"https:\/\/midtjylland.danmarksveteraner.dk\/wordpress\/index.php?rest_route=\/wp\/v2\/pages\/3428\/revisions\/3446"}],"up":[{"embeddable":true,"href":"https:\/\/midtjylland.danmarksveteraner.dk\/wordpress\/index.php?rest_route=\/wp\/v2\/pages\/2905"}],"wp:attachment":[{"href":"https:\/\/midtjylland.danmarksveteraner.dk\/wordpress\/index.php?rest_route=%2Fwp%2Fv2%2Fmedia&parent=3428"}],"curies":[{"name":"wp","href":"https:\/\/api.w.org\/{rel}","templated":true}]}}