{"id":3504,"date":"2019-09-11T19:35:31","date_gmt":"2019-09-11T17:35:31","guid":{"rendered":"https:\/\/midtjylland.danmarksveteraner.dk\/wordpress\/?page_id=3504"},"modified":"2019-09-11T19:35:32","modified_gmt":"2019-09-11T17:35:32","slug":"skydning-veteranstoetten-herning","status":"publish","type":"page","link":"https:\/\/midtjylland.danmarksveteraner.dk\/wordpress\/?page_id=3504","title":{"rendered":"Skydning, Veteranst\u00f8tten Herning"},"content":{"rendered":"\n<p><strong>Dato\/klokkesl\u00e6t<\/strong><br>\n\tDate(s) &#8211; 05\/10\/2019<br><em>09:00 &#8211; 15:30<\/em>\n<\/p>\n\n\n\n<p>\n\t<strong>Kategori<\/strong>\n\t\n<br><\/p>\n\n\n\n<p>L\u00f8rdag den 5. oktober 2019 er der mesterskaber i Veteranskydning p\u00e5 skydebanerne i Sportscenter Herning,  Holingknuden 3,  7400 Herning<br> Der gennemf\u00f8res skydning i f\u00f8lgende discipliner:<br> Riffel 50 meter<br> Riffel 15 meter<br> Pistol 25 meter<br> Man kan tilmelde sig p\u00e5 den enkelte disciplin, men vi opfordre til at man pr\u00f8ver at skyde det hele. Der det handler om at have en god dag med skydning og socialt samv\u00e6r.<br> Der stilles v\u00e5ben til r\u00e5dighed og man f\u00e5r udleveret ammunition. Men man m\u00e5 gerne have sin egen riffel eller pistol med.<br> Der skydes p\u00e5 DGI skiven, der vil v\u00e6re pr\u00e6mie s\u00e5vel individuelt og for hold.<br> Man skal v\u00e6re tre p\u00e5 et hold, som man kan have lavet hjemmefra eller som vi laver sammen n\u00e5r I ankommer.<\/p>\n\n\n\n<p>0900 \u2013 0930<br> Kaffe og rundstykker<\/p>\n\n\n\n<p>0930 \u2013 1000<br> Holdsammens\u00e6tning<\/p>\n\n\n\n<p>1000 \u2013 1200<br>\n15 og 50 meter skydning<\/p>\n\n\n\n<p>1200 \u2013 1245<br>\nFrokost<\/p>\n\n\n\n<p>1245 \u2013 1445<br>\nPistolskydning<\/p>\n\n\n\n<p>1500 \u2013 1530<br>\nPr\u00e6mieoverr\u00e6kkelse<\/p>\n\n\n\n<p>Tilmelding til Niels Ole Piil, mail:&nbsp;<a href=\"https:\/\/midtjylland.danmarksveteraner.dk\/wordpress\/nopiil13@gmail.com\">nopiil13@gmail.com<\/a> eller telefon 86296473<br>\nDerudover skal der ogs\u00e5 tilmeldes direkte p\u00e5 Veteranst\u00f8ttens hjemmeside <a href=\"https:\/\/veteranst\u00f8tten.dk\/?event=veteranskydning-2018\">HER<\/a><\/p>\n","protected":false},"excerpt":{"rendered":"<p>Dato\/klokkesl\u00e6t Date(s) &#8211; 05\/10\/201909:00 &#8211; 15:30 Kategori L\u00f8rdag den 5. oktober 2019 er der mesterskaber i Veteranskydning p\u00e5 skydebanerne i<\/p>\n","protected":false},"author":2,"featured_media":0,"parent":145,"menu_order":4,"comment_status":"closed","ping_status":"closed","template":"","meta":{"colormag_page_container_layout":"default_layout","colormag_page_sidebar_layout":"default_layout","footnotes":""},"class_list":["post-3504","page","type-page","status-publish","hentry"],"_links":{"self":[{"href":"https:\/\/midtjylland.danmarksveteraner.dk\/wordpress\/index.php?rest_route=\/wp\/v2\/pages\/3504"}],"collection":[{"href":"https:\/\/midtjylland.danmarksveteraner.dk\/wordpress\/index.php?rest_route=\/wp\/v2\/pages"}],"about":[{"href":"https:\/\/midtjylland.danmarksveteraner.dk\/wordpress\/index.php?rest_route=\/wp\/v2\/types\/page"}],"author":[{"embeddable":true,"href":"https:\/\/midtjylland.danmarksveteraner.dk\/wordpress\/index.php?rest_route=\/wp\/v2\/users\/2"}],"replies":[{"embeddable":true,"href":"https:\/\/midtjylland.danmarksveteraner.dk\/wordpress\/index.php?rest_route=%2Fwp%2Fv2%2Fcomments&post=3504"}],"version-history":[{"count":1,"href":"https:\/\/midtjylland.danmarksveteraner.dk\/wordpress\/index.php?rest_route=\/wp\/v2\/pages\/3504\/revisions"}],"predecessor-version":[{"id":3505,"href":"https:\/\/midtjylland.danmarksveteraner.dk\/wordpress\/index.php?rest_route=\/wp\/v2\/pages\/3504\/revisions\/3505"}],"up":[{"embeddable":true,"href":"https:\/\/midtjylland.danmarksveteraner.dk\/wordpress\/index.php?rest_route=\/wp\/v2\/pages\/145"}],"wp:attachment":[{"href":"https:\/\/midtjylland.danmarksveteraner.dk\/wordpress\/index.php?rest_route=%2Fwp%2Fv2%2Fmedia&parent=3504"}],"curies":[{"name":"wp","href":"https:\/\/api.w.org\/{rel}","templated":true}]}}