{"id":3828,"date":"2020-08-21T18:05:20","date_gmt":"2020-08-21T16:05:20","guid":{"rendered":"https:\/\/midtjylland.danmarksveteraner.dk\/wordpress\/?page_id=3828"},"modified":"2020-08-21T18:20:07","modified_gmt":"2020-08-21T16:20:07","slug":"ebeltoft","status":"publish","type":"page","link":"https:\/\/midtjylland.danmarksveteraner.dk\/wordpress\/?page_id=3828","title":{"rendered":"Ebeltoft"},"content":{"rendered":"\n<p>Torsdag d. 20. august var vi p\u00e5 et bes\u00f8g ved <strong>Ebeltoft G\u00e5rdbryggeri, Skovg\u00e5rde Bygade 4, 8400 Ebeltoft<\/strong><\/p>\n\n\n\n<figure class=\"wp-block-image\"><a href=\"https:\/\/midtjylland.danmarksveteraner.dk\/wordpress\/wp-content\/uploads\/2020\/06\/Ebeltoft-G\u00e5rdbryggeri.jpg\"><img loading=\"lazy\" decoding=\"async\" width=\"300\" height=\"292\" src=\"https:\/\/midtjylland.danmarksveteraner.dk\/wordpress\/wp-content\/uploads\/2020\/06\/Ebeltoft-G\u00e5rdbryggeri-300x292.jpg\" alt=\"\" class=\"wp-image-3779\" srcset=\"https:\/\/midtjylland.danmarksveteraner.dk\/wordpress\/wp-content\/uploads\/2020\/06\/Ebeltoft-G\u00e5rdbryggeri-300x292.jpg 300w, https:\/\/midtjylland.danmarksveteraner.dk\/wordpress\/wp-content\/uploads\/2020\/06\/Ebeltoft-G\u00e5rdbryggeri.jpg 534w\" sizes=\"(max-width: 300px) 100vw, 300px\" \/><\/a><\/figure>\n\n\n\n<figure class=\"wp-block-image\"><a href=\"https:\/\/midtjylland.danmarksveteraner.dk\/wordpress\/wp-content\/uploads\/2020\/06\/\u00d8l.jpg\"><img loading=\"lazy\" decoding=\"async\" width=\"151\" height=\"300\" src=\"https:\/\/midtjylland.danmarksveteraner.dk\/wordpress\/wp-content\/uploads\/2020\/06\/\u00d8l-151x300.jpg\" alt=\"\" class=\"wp-image-3778\" srcset=\"https:\/\/midtjylland.danmarksveteraner.dk\/wordpress\/wp-content\/uploads\/2020\/06\/\u00d8l-151x300.jpg 151w, https:\/\/midtjylland.danmarksveteraner.dk\/wordpress\/wp-content\/uploads\/2020\/06\/\u00d8l.jpg 170w\" sizes=\"(max-width: 151px) 100vw, 151px\" \/><\/a><\/figure>\n\n\n\n<p>Vi startede med bus fra Viby Torv med opsamling i Lystrup, Hornslet og Tirstrup. Desv\u00e6rre viste vejret sig ikke fra den bedste side.<\/p>\n\n\n\n<p>Der blev serveret en sandwich og en \u00f8l\/vand i bussen p\u00e5 vejen derud.<\/p>\n\n\n\n<p>Ankommet til bryggeriet gik vi lidt rundt i produktionen og kiggede p\u00e5 hele anl\u00e6gget. Derefter var det tid til at smage p\u00e5 &#8220;Humlen&#8221;<\/p>\n\n\n\n<p>Herefter k\u00f8rte vi til Ebeltoft hvor der var et par timer &#8220;p\u00e5 egen h\u00e5nd&#8221; til et bes\u00f8g p\u00e5 f.eks. Fregatten Jylland, Glasmuseet eller m\u00e5ske lidt shopping p\u00e5 g\u00e5gaden. Vi samledes dog allesammen p\u00e5 Maltfabrikken og fik en kop kaffe og et stykke lagkage.<\/p>\n\n\n\n<p>kl. 18.00 spadserede vi til restaurant &#8220;Mellem Jyder&#8221; hvor der blev serveret wienerschnitzel samt lidt \u00f8l og vin.<\/p>\n\n\n\n<p>P\u00e5 trods af vejret havde vi en super hyggelig dag<\/p>\n\n\n\n\n<table id=\"tablepress-62\" class=\"tablepress tablepress-id-62\">\n<thead>\n<tr class=\"row-1\">\n\t<th class=\"column-1\"><a href=\"https:\/\/midtjylland.danmarksveteraner.dk\/wordpress\/wp-content\/uploads\/2020\/08\/2020-08-20-14.04.05-scaled.jpg\"><img loading=\"lazy\" decoding=\"async\" src=\"https:\/\/midtjylland.danmarksveteraner.dk\/wordpress\/wp-content\/uploads\/2020\/08\/2020-08-20-14.04.05-300x169.jpg\" alt=\"\" width=\"300\" height=\"169\" class=\"alignnone size-medium wp-image-3810\" srcset=\"https:\/\/midtjylland.danmarksveteraner.dk\/wordpress\/wp-content\/uploads\/2020\/08\/2020-08-20-14.04.05-300x169.jpg 300w, https:\/\/midtjylland.danmarksveteraner.dk\/wordpress\/wp-content\/uploads\/2020\/08\/2020-08-20-14.04.05-1024x576.jpg 1024w, https:\/\/midtjylland.danmarksveteraner.dk\/wordpress\/wp-content\/uploads\/2020\/08\/2020-08-20-14.04.05-768x432.jpg 768w, https:\/\/midtjylland.danmarksveteraner.dk\/wordpress\/wp-content\/uploads\/2020\/08\/2020-08-20-14.04.05-1536x864.jpg 1536w, https:\/\/midtjylland.danmarksveteraner.dk\/wordpress\/wp-content\/uploads\/2020\/08\/2020-08-20-14.04.05-2048x1152.jpg 2048w\" sizes=\"(max-width: 300px) 100vw, 300px\" \/><\/a><\/th><th class=\"column-2\"><a href=\"https:\/\/midtjylland.danmarksveteraner.dk\/wordpress\/wp-content\/uploads\/2020\/08\/2020-08-20-14.04.16-scaled.jpg\"><img loading=\"lazy\" decoding=\"async\" src=\"https:\/\/midtjylland.danmarksveteraner.dk\/wordpress\/wp-content\/uploads\/2020\/08\/2020-08-20-14.04.16-300x169.jpg\" alt=\"\" width=\"300\" height=\"169\" class=\"alignnone size-medium wp-image-3811\" srcset=\"https:\/\/midtjylland.danmarksveteraner.dk\/wordpress\/wp-content\/uploads\/2020\/08\/2020-08-20-14.04.16-300x169.jpg 300w, https:\/\/midtjylland.danmarksveteraner.dk\/wordpress\/wp-content\/uploads\/2020\/08\/2020-08-20-14.04.16-1024x576.jpg 1024w, https:\/\/midtjylland.danmarksveteraner.dk\/wordpress\/wp-content\/uploads\/2020\/08\/2020-08-20-14.04.16-768x432.jpg 768w, https:\/\/midtjylland.danmarksveteraner.dk\/wordpress\/wp-content\/uploads\/2020\/08\/2020-08-20-14.04.16-1536x864.jpg 1536w, https:\/\/midtjylland.danmarksveteraner.dk\/wordpress\/wp-content\/uploads\/2020\/08\/2020-08-20-14.04.16-2048x1152.jpg 2048w\" sizes=\"(max-width: 300px) 100vw, 300px\" \/><\/a><\/th>\n<\/tr>\n<\/thead>\n<tbody class=\"row-striping row-hover\">\n<tr class=\"row-2\">\n\t<td class=\"column-1\"><a href=\"https:\/\/midtjylland.danmarksveteraner.dk\/wordpress\/wp-content\/uploads\/2020\/08\/2020-08-20-14.04.46-scaled.jpg\"><img loading=\"lazy\" decoding=\"async\" src=\"https:\/\/midtjylland.danmarksveteraner.dk\/wordpress\/wp-content\/uploads\/2020\/08\/2020-08-20-14.04.46-300x169.jpg\" alt=\"\" width=\"300\" height=\"169\" class=\"alignnone size-medium wp-image-3812\" srcset=\"https:\/\/midtjylland.danmarksveteraner.dk\/wordpress\/wp-content\/uploads\/2020\/08\/2020-08-20-14.04.46-300x169.jpg 300w, https:\/\/midtjylland.danmarksveteraner.dk\/wordpress\/wp-content\/uploads\/2020\/08\/2020-08-20-14.04.46-1024x576.jpg 1024w, https:\/\/midtjylland.danmarksveteraner.dk\/wordpress\/wp-content\/uploads\/2020\/08\/2020-08-20-14.04.46-768x432.jpg 768w, https:\/\/midtjylland.danmarksveteraner.dk\/wordpress\/wp-content\/uploads\/2020\/08\/2020-08-20-14.04.46-1536x864.jpg 1536w, https:\/\/midtjylland.danmarksveteraner.dk\/wordpress\/wp-content\/uploads\/2020\/08\/2020-08-20-14.04.46-2048x1152.jpg 2048w\" sizes=\"(max-width: 300px) 100vw, 300px\" \/><\/a><\/td><td class=\"column-2\"><a href=\"https:\/\/midtjylland.danmarksveteraner.dk\/wordpress\/wp-content\/uploads\/2020\/08\/2020-08-20-14.05.08-scaled.jpg\"><img loading=\"lazy\" decoding=\"async\" src=\"https:\/\/midtjylland.danmarksveteraner.dk\/wordpress\/wp-content\/uploads\/2020\/08\/2020-08-20-14.05.08-300x169.jpg\" alt=\"\" width=\"300\" height=\"169\" class=\"alignnone size-medium wp-image-3813\" srcset=\"https:\/\/midtjylland.danmarksveteraner.dk\/wordpress\/wp-content\/uploads\/2020\/08\/2020-08-20-14.05.08-300x169.jpg 300w, https:\/\/midtjylland.danmarksveteraner.dk\/wordpress\/wp-content\/uploads\/2020\/08\/2020-08-20-14.05.08-1024x576.jpg 1024w, https:\/\/midtjylland.danmarksveteraner.dk\/wordpress\/wp-content\/uploads\/2020\/08\/2020-08-20-14.05.08-768x432.jpg 768w, https:\/\/midtjylland.danmarksveteraner.dk\/wordpress\/wp-content\/uploads\/2020\/08\/2020-08-20-14.05.08-1536x864.jpg 1536w, https:\/\/midtjylland.danmarksveteraner.dk\/wordpress\/wp-content\/uploads\/2020\/08\/2020-08-20-14.05.08-2048x1152.jpg 2048w\" sizes=\"(max-width: 300px) 100vw, 300px\" \/><\/a><\/td>\n<\/tr>\n<tr class=\"row-3\">\n\t<td class=\"column-1\"><a href=\"https:\/\/midtjylland.danmarksveteraner.dk\/wordpress\/wp-content\/uploads\/2020\/08\/2020-08-20-14.05.44-scaled.jpg\"><img loading=\"lazy\" decoding=\"async\" src=\"https:\/\/midtjylland.danmarksveteraner.dk\/wordpress\/wp-content\/uploads\/2020\/08\/2020-08-20-14.05.44-300x169.jpg\" alt=\"\" width=\"300\" height=\"169\" class=\"alignnone size-medium wp-image-3814\" srcset=\"https:\/\/midtjylland.danmarksveteraner.dk\/wordpress\/wp-content\/uploads\/2020\/08\/2020-08-20-14.05.44-300x169.jpg 300w, https:\/\/midtjylland.danmarksveteraner.dk\/wordpress\/wp-content\/uploads\/2020\/08\/2020-08-20-14.05.44-1024x576.jpg 1024w, https:\/\/midtjylland.danmarksveteraner.dk\/wordpress\/wp-content\/uploads\/2020\/08\/2020-08-20-14.05.44-768x432.jpg 768w, https:\/\/midtjylland.danmarksveteraner.dk\/wordpress\/wp-content\/uploads\/2020\/08\/2020-08-20-14.05.44-1536x864.jpg 1536w, https:\/\/midtjylland.danmarksveteraner.dk\/wordpress\/wp-content\/uploads\/2020\/08\/2020-08-20-14.05.44-2048x1152.jpg 2048w\" sizes=\"(max-width: 300px) 100vw, 300px\" \/><\/a><\/td><td class=\"column-2\"><a href=\"https:\/\/midtjylland.danmarksveteraner.dk\/wordpress\/wp-content\/uploads\/2020\/08\/2020-08-20-14.06.48-scaled.jpg\"><img loading=\"lazy\" decoding=\"async\" src=\"https:\/\/midtjylland.danmarksveteraner.dk\/wordpress\/wp-content\/uploads\/2020\/08\/2020-08-20-14.06.48-300x169.jpg\" alt=\"\" width=\"300\" height=\"169\" class=\"alignnone size-medium wp-image-3815\" srcset=\"https:\/\/midtjylland.danmarksveteraner.dk\/wordpress\/wp-content\/uploads\/2020\/08\/2020-08-20-14.06.48-300x169.jpg 300w, https:\/\/midtjylland.danmarksveteraner.dk\/wordpress\/wp-content\/uploads\/2020\/08\/2020-08-20-14.06.48-1024x576.jpg 1024w, https:\/\/midtjylland.danmarksveteraner.dk\/wordpress\/wp-content\/uploads\/2020\/08\/2020-08-20-14.06.48-768x432.jpg 768w, https:\/\/midtjylland.danmarksveteraner.dk\/wordpress\/wp-content\/uploads\/2020\/08\/2020-08-20-14.06.48-1536x864.jpg 1536w, https:\/\/midtjylland.danmarksveteraner.dk\/wordpress\/wp-content\/uploads\/2020\/08\/2020-08-20-14.06.48-2048x1152.jpg 2048w\" sizes=\"(max-width: 300px) 100vw, 300px\" \/><\/a><\/td>\n<\/tr>\n<tr class=\"row-4\">\n\t<td class=\"column-1\"><a href=\"https:\/\/midtjylland.danmarksveteraner.dk\/wordpress\/wp-content\/uploads\/2020\/08\/2020-08-20-14.25.57-scaled.jpg\"><img loading=\"lazy\" decoding=\"async\" src=\"https:\/\/midtjylland.danmarksveteraner.dk\/wordpress\/wp-content\/uploads\/2020\/08\/2020-08-20-14.25.57-300x169.jpg\" alt=\"\" width=\"300\" height=\"169\" class=\"alignnone size-medium wp-image-3816\" srcset=\"https:\/\/midtjylland.danmarksveteraner.dk\/wordpress\/wp-content\/uploads\/2020\/08\/2020-08-20-14.25.57-300x169.jpg 300w, https:\/\/midtjylland.danmarksveteraner.dk\/wordpress\/wp-content\/uploads\/2020\/08\/2020-08-20-14.25.57-1024x576.jpg 1024w, https:\/\/midtjylland.danmarksveteraner.dk\/wordpress\/wp-content\/uploads\/2020\/08\/2020-08-20-14.25.57-768x432.jpg 768w, https:\/\/midtjylland.danmarksveteraner.dk\/wordpress\/wp-content\/uploads\/2020\/08\/2020-08-20-14.25.57-1536x864.jpg 1536w, https:\/\/midtjylland.danmarksveteraner.dk\/wordpress\/wp-content\/uploads\/2020\/08\/2020-08-20-14.25.57-2048x1152.jpg 2048w\" sizes=\"(max-width: 300px) 100vw, 300px\" \/><\/a><\/td><td class=\"column-2\"><a href=\"https:\/\/midtjylland.danmarksveteraner.dk\/wordpress\/wp-content\/uploads\/2020\/08\/2020-08-20-15.43.47-scaled.jpg\"><img loading=\"lazy\" decoding=\"async\" src=\"https:\/\/midtjylland.danmarksveteraner.dk\/wordpress\/wp-content\/uploads\/2020\/08\/2020-08-20-15.43.47-300x169.jpg\" alt=\"\" width=\"300\" height=\"169\" class=\"alignnone size-medium wp-image-3817\" srcset=\"https:\/\/midtjylland.danmarksveteraner.dk\/wordpress\/wp-content\/uploads\/2020\/08\/2020-08-20-15.43.47-300x169.jpg 300w, https:\/\/midtjylland.danmarksveteraner.dk\/wordpress\/wp-content\/uploads\/2020\/08\/2020-08-20-15.43.47-1024x576.jpg 1024w, https:\/\/midtjylland.danmarksveteraner.dk\/wordpress\/wp-content\/uploads\/2020\/08\/2020-08-20-15.43.47-768x432.jpg 768w, https:\/\/midtjylland.danmarksveteraner.dk\/wordpress\/wp-content\/uploads\/2020\/08\/2020-08-20-15.43.47-1536x864.jpg 1536w, https:\/\/midtjylland.danmarksveteraner.dk\/wordpress\/wp-content\/uploads\/2020\/08\/2020-08-20-15.43.47-2048x1152.jpg 2048w\" sizes=\"(max-width: 300px) 100vw, 300px\" \/><\/a><\/td>\n<\/tr>\n<tr class=\"row-5\">\n\t<td class=\"column-1\"><a href=\"https:\/\/midtjylland.danmarksveteraner.dk\/wordpress\/wp-content\/uploads\/2020\/08\/2020-08-20-15.44.07-scaled.jpg\"><img loading=\"lazy\" decoding=\"async\" src=\"https:\/\/midtjylland.danmarksveteraner.dk\/wordpress\/wp-content\/uploads\/2020\/08\/2020-08-20-15.44.07-300x169.jpg\" alt=\"\" width=\"300\" height=\"169\" class=\"alignnone size-medium wp-image-3818\" srcset=\"https:\/\/midtjylland.danmarksveteraner.dk\/wordpress\/wp-content\/uploads\/2020\/08\/2020-08-20-15.44.07-300x169.jpg 300w, https:\/\/midtjylland.danmarksveteraner.dk\/wordpress\/wp-content\/uploads\/2020\/08\/2020-08-20-15.44.07-1024x576.jpg 1024w, https:\/\/midtjylland.danmarksveteraner.dk\/wordpress\/wp-content\/uploads\/2020\/08\/2020-08-20-15.44.07-768x432.jpg 768w, https:\/\/midtjylland.danmarksveteraner.dk\/wordpress\/wp-content\/uploads\/2020\/08\/2020-08-20-15.44.07-1536x864.jpg 1536w, https:\/\/midtjylland.danmarksveteraner.dk\/wordpress\/wp-content\/uploads\/2020\/08\/2020-08-20-15.44.07-2048x1152.jpg 2048w\" sizes=\"(max-width: 300px) 100vw, 300px\" \/><\/a><\/td><td class=\"column-2\"><a href=\"https:\/\/midtjylland.danmarksveteraner.dk\/wordpress\/wp-content\/uploads\/2020\/08\/2020-08-20-15.44.43-scaled.jpg\"><img loading=\"lazy\" decoding=\"async\" src=\"https:\/\/midtjylland.danmarksveteraner.dk\/wordpress\/wp-content\/uploads\/2020\/08\/2020-08-20-15.44.43-300x169.jpg\" alt=\"\" width=\"300\" height=\"169\" class=\"alignnone size-medium wp-image-3819\" srcset=\"https:\/\/midtjylland.danmarksveteraner.dk\/wordpress\/wp-content\/uploads\/2020\/08\/2020-08-20-15.44.43-300x169.jpg 300w, https:\/\/midtjylland.danmarksveteraner.dk\/wordpress\/wp-content\/uploads\/2020\/08\/2020-08-20-15.44.43-1024x576.jpg 1024w, https:\/\/midtjylland.danmarksveteraner.dk\/wordpress\/wp-content\/uploads\/2020\/08\/2020-08-20-15.44.43-768x432.jpg 768w, https:\/\/midtjylland.danmarksveteraner.dk\/wordpress\/wp-content\/uploads\/2020\/08\/2020-08-20-15.44.43-1536x864.jpg 1536w, https:\/\/midtjylland.danmarksveteraner.dk\/wordpress\/wp-content\/uploads\/2020\/08\/2020-08-20-15.44.43-2048x1152.jpg 2048w\" sizes=\"(max-width: 300px) 100vw, 300px\" \/><\/a><\/td>\n<\/tr>\n<tr class=\"row-6\">\n\t<td class=\"column-1\"><a href=\"https:\/\/midtjylland.danmarksveteraner.dk\/wordpress\/wp-content\/uploads\/2020\/08\/2020-08-20-16.14.48-scaled.jpg\"><img loading=\"lazy\" decoding=\"async\" src=\"https:\/\/midtjylland.danmarksveteraner.dk\/wordpress\/wp-content\/uploads\/2020\/08\/2020-08-20-16.14.48-300x169.jpg\" alt=\"\" width=\"300\" height=\"169\" class=\"alignnone size-medium wp-image-3820\" srcset=\"https:\/\/midtjylland.danmarksveteraner.dk\/wordpress\/wp-content\/uploads\/2020\/08\/2020-08-20-16.14.48-300x169.jpg 300w, https:\/\/midtjylland.danmarksveteraner.dk\/wordpress\/wp-content\/uploads\/2020\/08\/2020-08-20-16.14.48-1024x576.jpg 1024w, https:\/\/midtjylland.danmarksveteraner.dk\/wordpress\/wp-content\/uploads\/2020\/08\/2020-08-20-16.14.48-768x432.jpg 768w, https:\/\/midtjylland.danmarksveteraner.dk\/wordpress\/wp-content\/uploads\/2020\/08\/2020-08-20-16.14.48-1536x864.jpg 1536w, https:\/\/midtjylland.danmarksveteraner.dk\/wordpress\/wp-content\/uploads\/2020\/08\/2020-08-20-16.14.48-2048x1152.jpg 2048w\" sizes=\"(max-width: 300px) 100vw, 300px\" \/><\/a><\/td><td class=\"column-2\"><a href=\"https:\/\/midtjylland.danmarksveteraner.dk\/wordpress\/wp-content\/uploads\/2020\/08\/2020-08-20-16.14.52-scaled.jpg\"><img loading=\"lazy\" decoding=\"async\" src=\"https:\/\/midtjylland.danmarksveteraner.dk\/wordpress\/wp-content\/uploads\/2020\/08\/2020-08-20-16.14.52-300x169.jpg\" alt=\"\" width=\"300\" height=\"169\" class=\"alignnone size-medium wp-image-3821\" srcset=\"https:\/\/midtjylland.danmarksveteraner.dk\/wordpress\/wp-content\/uploads\/2020\/08\/2020-08-20-16.14.52-300x169.jpg 300w, https:\/\/midtjylland.danmarksveteraner.dk\/wordpress\/wp-content\/uploads\/2020\/08\/2020-08-20-16.14.52-1024x576.jpg 1024w, https:\/\/midtjylland.danmarksveteraner.dk\/wordpress\/wp-content\/uploads\/2020\/08\/2020-08-20-16.14.52-768x432.jpg 768w, https:\/\/midtjylland.danmarksveteraner.dk\/wordpress\/wp-content\/uploads\/2020\/08\/2020-08-20-16.14.52-1536x864.jpg 1536w, https:\/\/midtjylland.danmarksveteraner.dk\/wordpress\/wp-content\/uploads\/2020\/08\/2020-08-20-16.14.52-2048x1152.jpg 2048w\" sizes=\"(max-width: 300px) 100vw, 300px\" \/><\/a><\/td>\n<\/tr>\n<tr class=\"row-7\">\n\t<td class=\"column-1\"><a href=\"https:\/\/midtjylland.danmarksveteraner.dk\/wordpress\/wp-content\/uploads\/2020\/08\/2020-08-20-16.15.13-scaled.jpg\"><img loading=\"lazy\" decoding=\"async\" src=\"https:\/\/midtjylland.danmarksveteraner.dk\/wordpress\/wp-content\/uploads\/2020\/08\/2020-08-20-16.15.13-300x169.jpg\" alt=\"\" width=\"300\" height=\"169\" class=\"alignnone size-medium wp-image-3822\" srcset=\"https:\/\/midtjylland.danmarksveteraner.dk\/wordpress\/wp-content\/uploads\/2020\/08\/2020-08-20-16.15.13-300x169.jpg 300w, https:\/\/midtjylland.danmarksveteraner.dk\/wordpress\/wp-content\/uploads\/2020\/08\/2020-08-20-16.15.13-1024x576.jpg 1024w, https:\/\/midtjylland.danmarksveteraner.dk\/wordpress\/wp-content\/uploads\/2020\/08\/2020-08-20-16.15.13-768x432.jpg 768w, https:\/\/midtjylland.danmarksveteraner.dk\/wordpress\/wp-content\/uploads\/2020\/08\/2020-08-20-16.15.13-1536x864.jpg 1536w, https:\/\/midtjylland.danmarksveteraner.dk\/wordpress\/wp-content\/uploads\/2020\/08\/2020-08-20-16.15.13-2048x1152.jpg 2048w\" sizes=\"(max-width: 300px) 100vw, 300px\" \/><\/a><\/td><td class=\"column-2\"><a href=\"https:\/\/midtjylland.danmarksveteraner.dk\/wordpress\/wp-content\/uploads\/2020\/08\/2020-08-20-19.08.52-scaled.jpg\"><img loading=\"lazy\" decoding=\"async\" src=\"https:\/\/midtjylland.danmarksveteraner.dk\/wordpress\/wp-content\/uploads\/2020\/08\/2020-08-20-19.08.52-169x300.jpg\" alt=\"\" width=\"169\" height=\"300\" class=\"alignnone size-medium wp-image-3823\" srcset=\"https:\/\/midtjylland.danmarksveteraner.dk\/wordpress\/wp-content\/uploads\/2020\/08\/2020-08-20-19.08.52-169x300.jpg 169w, https:\/\/midtjylland.danmarksveteraner.dk\/wordpress\/wp-content\/uploads\/2020\/08\/2020-08-20-19.08.52-576x1024.jpg 576w, https:\/\/midtjylland.danmarksveteraner.dk\/wordpress\/wp-content\/uploads\/2020\/08\/2020-08-20-19.08.52-768x1365.jpg 768w, https:\/\/midtjylland.danmarksveteraner.dk\/wordpress\/wp-content\/uploads\/2020\/08\/2020-08-20-19.08.52-864x1536.jpg 864w, https:\/\/midtjylland.danmarksveteraner.dk\/wordpress\/wp-content\/uploads\/2020\/08\/2020-08-20-19.08.52-1152x2048.jpg 1152w, https:\/\/midtjylland.danmarksveteraner.dk\/wordpress\/wp-content\/uploads\/2020\/08\/2020-08-20-19.08.52-scaled.jpg 1440w\" sizes=\"(max-width: 169px) 100vw, 169px\" \/><\/a><\/td>\n<\/tr>\n<tr class=\"row-8\">\n\t<td class=\"column-1\"><a href=\"https:\/\/midtjylland.danmarksveteraner.dk\/wordpress\/wp-content\/uploads\/2020\/08\/2020-08-20-19.14.00-scaled.jpg\"><img loading=\"lazy\" decoding=\"async\" src=\"https:\/\/midtjylland.danmarksveteraner.dk\/wordpress\/wp-content\/uploads\/2020\/08\/2020-08-20-19.14.00-300x169.jpg\" alt=\"\" width=\"300\" height=\"169\" class=\"alignnone size-medium wp-image-3824\" srcset=\"https:\/\/midtjylland.danmarksveteraner.dk\/wordpress\/wp-content\/uploads\/2020\/08\/2020-08-20-19.14.00-300x169.jpg 300w, https:\/\/midtjylland.danmarksveteraner.dk\/wordpress\/wp-content\/uploads\/2020\/08\/2020-08-20-19.14.00-1024x576.jpg 1024w, https:\/\/midtjylland.danmarksveteraner.dk\/wordpress\/wp-content\/uploads\/2020\/08\/2020-08-20-19.14.00-768x432.jpg 768w, https:\/\/midtjylland.danmarksveteraner.dk\/wordpress\/wp-content\/uploads\/2020\/08\/2020-08-20-19.14.00-1536x864.jpg 1536w, https:\/\/midtjylland.danmarksveteraner.dk\/wordpress\/wp-content\/uploads\/2020\/08\/2020-08-20-19.14.00-2048x1152.jpg 2048w\" sizes=\"(max-width: 300px) 100vw, 300px\" \/><\/a><\/td><td class=\"column-2\"><a href=\"https:\/\/midtjylland.danmarksveteraner.dk\/wordpress\/wp-content\/uploads\/2020\/08\/2020-08-20-19.14.22-scaled.jpg\"><img loading=\"lazy\" decoding=\"async\" src=\"https:\/\/midtjylland.danmarksveteraner.dk\/wordpress\/wp-content\/uploads\/2020\/08\/2020-08-20-19.14.22-300x169.jpg\" alt=\"\" width=\"300\" height=\"169\" class=\"alignnone size-medium wp-image-3825\" srcset=\"https:\/\/midtjylland.danmarksveteraner.dk\/wordpress\/wp-content\/uploads\/2020\/08\/2020-08-20-19.14.22-300x169.jpg 300w, https:\/\/midtjylland.danmarksveteraner.dk\/wordpress\/wp-content\/uploads\/2020\/08\/2020-08-20-19.14.22-1024x576.jpg 1024w, https:\/\/midtjylland.danmarksveteraner.dk\/wordpress\/wp-content\/uploads\/2020\/08\/2020-08-20-19.14.22-768x432.jpg 768w, https:\/\/midtjylland.danmarksveteraner.dk\/wordpress\/wp-content\/uploads\/2020\/08\/2020-08-20-19.14.22-1536x864.jpg 1536w, https:\/\/midtjylland.danmarksveteraner.dk\/wordpress\/wp-content\/uploads\/2020\/08\/2020-08-20-19.14.22-2048x1152.jpg 2048w\" sizes=\"(max-width: 300px) 100vw, 300px\" \/><\/a><\/td>\n<\/tr>\n<\/tbody>\n<\/table>\n<!-- #tablepress-62 from cache -->\n","protected":false},"excerpt":{"rendered":"<p>Torsdag d. 20. august var vi p\u00e5 et bes\u00f8g ved Ebeltoft G\u00e5rdbryggeri, Skovg\u00e5rde Bygade 4, 8400 Ebeltoft Vi startede med<\/p>\n","protected":false},"author":2,"featured_media":0,"parent":3826,"menu_order":1,"comment_status":"closed","ping_status":"closed","template":"","meta":{"colormag_page_container_layout":"default_layout","colormag_page_sidebar_layout":"default_layout","footnotes":""},"class_list":["post-3828","page","type-page","status-publish","hentry"],"_links":{"self":[{"href":"https:\/\/midtjylland.danmarksveteraner.dk\/wordpress\/index.php?rest_route=\/wp\/v2\/pages\/3828"}],"collection":[{"href":"https:\/\/midtjylland.danmarksveteraner.dk\/wordpress\/index.php?rest_route=\/wp\/v2\/pages"}],"about":[{"href":"https:\/\/midtjylland.danmarksveteraner.dk\/wordpress\/index.php?rest_route=\/wp\/v2\/types\/page"}],"author":[{"embeddable":true,"href":"https:\/\/midtjylland.danmarksveteraner.dk\/wordpress\/index.php?rest_route=\/wp\/v2\/users\/2"}],"replies":[{"embeddable":true,"href":"https:\/\/midtjylland.danmarksveteraner.dk\/wordpress\/index.php?rest_route=%2Fwp%2Fv2%2Fcomments&post=3828"}],"version-history":[{"count":3,"href":"https:\/\/midtjylland.danmarksveteraner.dk\/wordpress\/index.php?rest_route=\/wp\/v2\/pages\/3828\/revisions"}],"predecessor-version":[{"id":3833,"href":"https:\/\/midtjylland.danmarksveteraner.dk\/wordpress\/index.php?rest_route=\/wp\/v2\/pages\/3828\/revisions\/3833"}],"up":[{"embeddable":true,"href":"https:\/\/midtjylland.danmarksveteraner.dk\/wordpress\/index.php?rest_route=\/wp\/v2\/pages\/3826"}],"wp:attachment":[{"href":"https:\/\/midtjylland.danmarksveteraner.dk\/wordpress\/index.php?rest_route=%2Fwp%2Fv2%2Fmedia&parent=3828"}],"curies":[{"name":"wp","href":"https:\/\/api.w.org\/{rel}","templated":true}]}}