{"id":4041,"date":"2021-05-30T18:10:32","date_gmt":"2021-05-30T16:10:32","guid":{"rendered":"https:\/\/midtjylland.danmarksveteraner.dk\/wordpress\/?page_id=4041"},"modified":"2021-08-08T11:46:48","modified_gmt":"2021-08-08T09:46:48","slug":"peacekeepers-day-29-maj-2021","status":"publish","type":"page","link":"https:\/\/midtjylland.danmarksveteraner.dk\/wordpress\/?page_id=4041","title":{"rendered":"Peacekeepers Day 29. maj 2021"},"content":{"rendered":"\n<p>Vi deltog i \u00e5r med foreningens fane i arrangementet i Holstebro.<\/p>\n\n\n\n<p>Det var et vellykket arrangement, om end i noget mindre omfang end Kastellet, og i dejligt vejr. Det foreg\u00e5r ved den mindesten som er opsat p\u00e5 Brog\u00e5rdsvej, Holstebro.<\/p>\n\n\n\n<p>Efter opstilling af faneborg og veteraner til paraden, var der taler, kransel\u00e6gning samt overr\u00e6kkelse af jubil\u00e6ums missions medaljer.<\/p>\n\n\n\n<p>Herefter sluttede selve paraden og der var forplejning i et opstillet fest telt.<\/p>\n\n\n\n<figure class=\"wp-block-gallery columns-3 is-cropped wp-block-gallery-1 is-layout-flex wp-block-gallery-is-layout-flex\"><ul class=\"blocks-gallery-grid\"><li class=\"blocks-gallery-item\"><figure><a href=\"https:\/\/midtjylland.danmarksveteraner.dk\/wordpress\/wp-content\/uploads\/2021\/05\/2021-05-29-10.11.45.jpg\"><img loading=\"lazy\" decoding=\"async\" width=\"1024\" height=\"768\" src=\"https:\/\/midtjylland.danmarksveteraner.dk\/wordpress\/wp-content\/uploads\/2021\/05\/2021-05-29-10.11.45-1024x768.jpg\" alt=\"\" data-id=\"4045\" data-full-url=\"https:\/\/midtjylland.danmarksveteraner.dk\/wordpress\/wp-content\/uploads\/2021\/05\/2021-05-29-10.11.45.jpg\" data-link=\"https:\/\/midtjylland.danmarksveteraner.dk\/wordpress\/?attachment_id=4045\" class=\"wp-image-4045\" srcset=\"https:\/\/midtjylland.danmarksveteraner.dk\/wordpress\/wp-content\/uploads\/2021\/05\/2021-05-29-10.11.45-1024x768.jpg 1024w, https:\/\/midtjylland.danmarksveteraner.dk\/wordpress\/wp-content\/uploads\/2021\/05\/2021-05-29-10.11.45-300x225.jpg 300w, https:\/\/midtjylland.danmarksveteraner.dk\/wordpress\/wp-content\/uploads\/2021\/05\/2021-05-29-10.11.45-768x576.jpg 768w, https:\/\/midtjylland.danmarksveteraner.dk\/wordpress\/wp-content\/uploads\/2021\/05\/2021-05-29-10.11.45-1536x1152.jpg 1536w, https:\/\/midtjylland.danmarksveteraner.dk\/wordpress\/wp-content\/uploads\/2021\/05\/2021-05-29-10.11.45-2048x1536.jpg 2048w\" sizes=\"(max-width: 1024px) 100vw, 1024px\" \/><\/a><\/figure><\/li><li class=\"blocks-gallery-item\"><figure><a href=\"https:\/\/midtjylland.danmarksveteraner.dk\/wordpress\/wp-content\/uploads\/2021\/05\/2021-05-29-10.12.00.jpg\"><img loading=\"lazy\" decoding=\"async\" width=\"1024\" height=\"768\" src=\"https:\/\/midtjylland.danmarksveteraner.dk\/wordpress\/wp-content\/uploads\/2021\/05\/2021-05-29-10.12.00-1024x768.jpg\" alt=\"\" data-id=\"4046\" data-full-url=\"https:\/\/midtjylland.danmarksveteraner.dk\/wordpress\/wp-content\/uploads\/2021\/05\/2021-05-29-10.12.00.jpg\" data-link=\"https:\/\/midtjylland.danmarksveteraner.dk\/wordpress\/?attachment_id=4046\" class=\"wp-image-4046\" srcset=\"https:\/\/midtjylland.danmarksveteraner.dk\/wordpress\/wp-content\/uploads\/2021\/05\/2021-05-29-10.12.00-1024x768.jpg 1024w, https:\/\/midtjylland.danmarksveteraner.dk\/wordpress\/wp-content\/uploads\/2021\/05\/2021-05-29-10.12.00-300x225.jpg 300w, https:\/\/midtjylland.danmarksveteraner.dk\/wordpress\/wp-content\/uploads\/2021\/05\/2021-05-29-10.12.00-768x576.jpg 768w, https:\/\/midtjylland.danmarksveteraner.dk\/wordpress\/wp-content\/uploads\/2021\/05\/2021-05-29-10.12.00-1536x1152.jpg 1536w, https:\/\/midtjylland.danmarksveteraner.dk\/wordpress\/wp-content\/uploads\/2021\/05\/2021-05-29-10.12.00-2048x1536.jpg 2048w\" sizes=\"(max-width: 1024px) 100vw, 1024px\" \/><\/a><\/figure><\/li><li class=\"blocks-gallery-item\"><figure><a href=\"https:\/\/midtjylland.danmarksveteraner.dk\/wordpress\/wp-content\/uploads\/2021\/05\/2021-05-29-10.35.43.jpg\"><img loading=\"lazy\" decoding=\"async\" width=\"1024\" height=\"768\" src=\"https:\/\/midtjylland.danmarksveteraner.dk\/wordpress\/wp-content\/uploads\/2021\/05\/2021-05-29-10.35.43-1024x768.jpg\" alt=\"\" data-id=\"4047\" data-full-url=\"https:\/\/midtjylland.danmarksveteraner.dk\/wordpress\/wp-content\/uploads\/2021\/05\/2021-05-29-10.35.43.jpg\" data-link=\"https:\/\/midtjylland.danmarksveteraner.dk\/wordpress\/?attachment_id=4047\" class=\"wp-image-4047\" srcset=\"https:\/\/midtjylland.danmarksveteraner.dk\/wordpress\/wp-content\/uploads\/2021\/05\/2021-05-29-10.35.43-1024x768.jpg 1024w, https:\/\/midtjylland.danmarksveteraner.dk\/wordpress\/wp-content\/uploads\/2021\/05\/2021-05-29-10.35.43-300x225.jpg 300w, https:\/\/midtjylland.danmarksveteraner.dk\/wordpress\/wp-content\/uploads\/2021\/05\/2021-05-29-10.35.43-768x576.jpg 768w, https:\/\/midtjylland.danmarksveteraner.dk\/wordpress\/wp-content\/uploads\/2021\/05\/2021-05-29-10.35.43-1536x1152.jpg 1536w, https:\/\/midtjylland.danmarksveteraner.dk\/wordpress\/wp-content\/uploads\/2021\/05\/2021-05-29-10.35.43-2048x1536.jpg 2048w\" sizes=\"(max-width: 1024px) 100vw, 1024px\" \/><\/a><\/figure><\/li><li class=\"blocks-gallery-item\"><figure><a href=\"https:\/\/midtjylland.danmarksveteraner.dk\/wordpress\/wp-content\/uploads\/2021\/05\/2021-05-29-10.36.02.jpg\"><img loading=\"lazy\" decoding=\"async\" width=\"1024\" height=\"768\" src=\"https:\/\/midtjylland.danmarksveteraner.dk\/wordpress\/wp-content\/uploads\/2021\/05\/2021-05-29-10.36.02-1024x768.jpg\" alt=\"\" data-id=\"4048\" data-full-url=\"https:\/\/midtjylland.danmarksveteraner.dk\/wordpress\/wp-content\/uploads\/2021\/05\/2021-05-29-10.36.02.jpg\" data-link=\"https:\/\/midtjylland.danmarksveteraner.dk\/wordpress\/?attachment_id=4048\" class=\"wp-image-4048\" srcset=\"https:\/\/midtjylland.danmarksveteraner.dk\/wordpress\/wp-content\/uploads\/2021\/05\/2021-05-29-10.36.02-1024x768.jpg 1024w, https:\/\/midtjylland.danmarksveteraner.dk\/wordpress\/wp-content\/uploads\/2021\/05\/2021-05-29-10.36.02-300x225.jpg 300w, https:\/\/midtjylland.danmarksveteraner.dk\/wordpress\/wp-content\/uploads\/2021\/05\/2021-05-29-10.36.02-768x576.jpg 768w, https:\/\/midtjylland.danmarksveteraner.dk\/wordpress\/wp-content\/uploads\/2021\/05\/2021-05-29-10.36.02-1536x1152.jpg 1536w, https:\/\/midtjylland.danmarksveteraner.dk\/wordpress\/wp-content\/uploads\/2021\/05\/2021-05-29-10.36.02-2048x1536.jpg 2048w\" sizes=\"(max-width: 1024px) 100vw, 1024px\" \/><\/a><\/figure><\/li><li class=\"blocks-gallery-item\"><figure><a href=\"https:\/\/midtjylland.danmarksveteraner.dk\/wordpress\/wp-content\/uploads\/2021\/05\/2021-05-29-10.40.05.jpg\"><img loading=\"lazy\" decoding=\"async\" width=\"1024\" height=\"768\" src=\"https:\/\/midtjylland.danmarksveteraner.dk\/wordpress\/wp-content\/uploads\/2021\/05\/2021-05-29-10.40.05-1024x768.jpg\" alt=\"\" data-id=\"4052\" data-full-url=\"https:\/\/midtjylland.danmarksveteraner.dk\/wordpress\/wp-content\/uploads\/2021\/05\/2021-05-29-10.40.05.jpg\" data-link=\"https:\/\/midtjylland.danmarksveteraner.dk\/wordpress\/?attachment_id=4052\" class=\"wp-image-4052\" srcset=\"https:\/\/midtjylland.danmarksveteraner.dk\/wordpress\/wp-content\/uploads\/2021\/05\/2021-05-29-10.40.05-1024x768.jpg 1024w, https:\/\/midtjylland.danmarksveteraner.dk\/wordpress\/wp-content\/uploads\/2021\/05\/2021-05-29-10.40.05-300x225.jpg 300w, https:\/\/midtjylland.danmarksveteraner.dk\/wordpress\/wp-content\/uploads\/2021\/05\/2021-05-29-10.40.05-768x576.jpg 768w, https:\/\/midtjylland.danmarksveteraner.dk\/wordpress\/wp-content\/uploads\/2021\/05\/2021-05-29-10.40.05-1536x1152.jpg 1536w, https:\/\/midtjylland.danmarksveteraner.dk\/wordpress\/wp-content\/uploads\/2021\/05\/2021-05-29-10.40.05.jpg 1873w\" sizes=\"(max-width: 1024px) 100vw, 1024px\" \/><\/a><\/figure><\/li><li class=\"blocks-gallery-item\"><figure><a href=\"https:\/\/midtjylland.danmarksveteraner.dk\/wordpress\/wp-content\/uploads\/2021\/05\/2021-05-29-10.40.15.jpg\"><img loading=\"lazy\" decoding=\"async\" width=\"1024\" height=\"768\" src=\"https:\/\/midtjylland.danmarksveteraner.dk\/wordpress\/wp-content\/uploads\/2021\/05\/2021-05-29-10.40.15-1024x768.jpg\" alt=\"\" data-id=\"4053\" data-full-url=\"https:\/\/midtjylland.danmarksveteraner.dk\/wordpress\/wp-content\/uploads\/2021\/05\/2021-05-29-10.40.15.jpg\" data-link=\"https:\/\/midtjylland.danmarksveteraner.dk\/wordpress\/?attachment_id=4053\" class=\"wp-image-4053\" srcset=\"https:\/\/midtjylland.danmarksveteraner.dk\/wordpress\/wp-content\/uploads\/2021\/05\/2021-05-29-10.40.15-1024x768.jpg 1024w, https:\/\/midtjylland.danmarksveteraner.dk\/wordpress\/wp-content\/uploads\/2021\/05\/2021-05-29-10.40.15-300x225.jpg 300w, https:\/\/midtjylland.danmarksveteraner.dk\/wordpress\/wp-content\/uploads\/2021\/05\/2021-05-29-10.40.15-768x576.jpg 768w, https:\/\/midtjylland.danmarksveteraner.dk\/wordpress\/wp-content\/uploads\/2021\/05\/2021-05-29-10.40.15-1536x1152.jpg 1536w, https:\/\/midtjylland.danmarksveteraner.dk\/wordpress\/wp-content\/uploads\/2021\/05\/2021-05-29-10.40.15.jpg 1873w\" sizes=\"(max-width: 1024px) 100vw, 1024px\" \/><\/a><\/figure><\/li><li class=\"blocks-gallery-item\"><figure><a href=\"https:\/\/midtjylland.danmarksveteraner.dk\/wordpress\/wp-content\/uploads\/2021\/05\/2021-05-29-10.40.37.jpg\"><img loading=\"lazy\" decoding=\"async\" width=\"1024\" height=\"768\" src=\"https:\/\/midtjylland.danmarksveteraner.dk\/wordpress\/wp-content\/uploads\/2021\/05\/2021-05-29-10.40.37-1024x768.jpg\" alt=\"\" data-id=\"4054\" data-full-url=\"https:\/\/midtjylland.danmarksveteraner.dk\/wordpress\/wp-content\/uploads\/2021\/05\/2021-05-29-10.40.37.jpg\" data-link=\"https:\/\/midtjylland.danmarksveteraner.dk\/wordpress\/?attachment_id=4054\" class=\"wp-image-4054\" srcset=\"https:\/\/midtjylland.danmarksveteraner.dk\/wordpress\/wp-content\/uploads\/2021\/05\/2021-05-29-10.40.37-1024x768.jpg 1024w, https:\/\/midtjylland.danmarksveteraner.dk\/wordpress\/wp-content\/uploads\/2021\/05\/2021-05-29-10.40.37-300x225.jpg 300w, https:\/\/midtjylland.danmarksveteraner.dk\/wordpress\/wp-content\/uploads\/2021\/05\/2021-05-29-10.40.37-768x576.jpg 768w, https:\/\/midtjylland.danmarksveteraner.dk\/wordpress\/wp-content\/uploads\/2021\/05\/2021-05-29-10.40.37-1536x1152.jpg 1536w, https:\/\/midtjylland.danmarksveteraner.dk\/wordpress\/wp-content\/uploads\/2021\/05\/2021-05-29-10.40.37.jpg 1873w\" sizes=\"(max-width: 1024px) 100vw, 1024px\" \/><\/a><\/figure><\/li><li class=\"blocks-gallery-item\"><figure><a href=\"https:\/\/midtjylland.danmarksveteraner.dk\/wordpress\/wp-content\/uploads\/2021\/05\/2021-05-29-11.14.03.jpg\"><img loading=\"lazy\" decoding=\"async\" width=\"1024\" height=\"768\" src=\"https:\/\/midtjylland.danmarksveteraner.dk\/wordpress\/wp-content\/uploads\/2021\/05\/2021-05-29-11.14.03-1024x768.jpg\" alt=\"\" data-id=\"4050\" data-full-url=\"https:\/\/midtjylland.danmarksveteraner.dk\/wordpress\/wp-content\/uploads\/2021\/05\/2021-05-29-11.14.03.jpg\" data-link=\"https:\/\/midtjylland.danmarksveteraner.dk\/wordpress\/?attachment_id=4050\" class=\"wp-image-4050\" srcset=\"https:\/\/midtjylland.danmarksveteraner.dk\/wordpress\/wp-content\/uploads\/2021\/05\/2021-05-29-11.14.03-1024x768.jpg 1024w, https:\/\/midtjylland.danmarksveteraner.dk\/wordpress\/wp-content\/uploads\/2021\/05\/2021-05-29-11.14.03-300x225.jpg 300w, https:\/\/midtjylland.danmarksveteraner.dk\/wordpress\/wp-content\/uploads\/2021\/05\/2021-05-29-11.14.03-768x576.jpg 768w, https:\/\/midtjylland.danmarksveteraner.dk\/wordpress\/wp-content\/uploads\/2021\/05\/2021-05-29-11.14.03-1536x1152.jpg 1536w, https:\/\/midtjylland.danmarksveteraner.dk\/wordpress\/wp-content\/uploads\/2021\/05\/2021-05-29-11.14.03-2048x1536.jpg 2048w\" sizes=\"(max-width: 1024px) 100vw, 1024px\" \/><\/a><\/figure><\/li><li class=\"blocks-gallery-item\"><figure><a href=\"https:\/\/midtjylland.danmarksveteraner.dk\/wordpress\/wp-content\/uploads\/2021\/05\/2021-05-29-10.42.09.jpg\"><img loading=\"lazy\" decoding=\"async\" width=\"1024\" height=\"768\" src=\"https:\/\/midtjylland.danmarksveteraner.dk\/wordpress\/wp-content\/uploads\/2021\/05\/2021-05-29-10.42.09-1024x768.jpg\" alt=\"\" data-id=\"4049\" data-full-url=\"https:\/\/midtjylland.danmarksveteraner.dk\/wordpress\/wp-content\/uploads\/2021\/05\/2021-05-29-10.42.09.jpg\" data-link=\"https:\/\/midtjylland.danmarksveteraner.dk\/wordpress\/?attachment_id=4049\" class=\"wp-image-4049\" srcset=\"https:\/\/midtjylland.danmarksveteraner.dk\/wordpress\/wp-content\/uploads\/2021\/05\/2021-05-29-10.42.09-1024x768.jpg 1024w, https:\/\/midtjylland.danmarksveteraner.dk\/wordpress\/wp-content\/uploads\/2021\/05\/2021-05-29-10.42.09-300x225.jpg 300w, https:\/\/midtjylland.danmarksveteraner.dk\/wordpress\/wp-content\/uploads\/2021\/05\/2021-05-29-10.42.09-768x576.jpg 768w, https:\/\/midtjylland.danmarksveteraner.dk\/wordpress\/wp-content\/uploads\/2021\/05\/2021-05-29-10.42.09-1536x1152.jpg 1536w, https:\/\/midtjylland.danmarksveteraner.dk\/wordpress\/wp-content\/uploads\/2021\/05\/2021-05-29-10.42.09-2048x1536.jpg 2048w\" sizes=\"(max-width: 1024px) 100vw, 1024px\" \/><\/a><\/figure><\/li><li class=\"blocks-gallery-item\"><figure><a href=\"https:\/\/midtjylland.danmarksveteraner.dk\/wordpress\/wp-content\/uploads\/2021\/05\/2021-05-29-12.09.29.jpg\"><img loading=\"lazy\" decoding=\"async\" width=\"768\" height=\"1024\" src=\"https:\/\/midtjylland.danmarksveteraner.dk\/wordpress\/wp-content\/uploads\/2021\/05\/2021-05-29-12.09.29-768x1024.jpg\" alt=\"\" data-id=\"4055\" data-full-url=\"https:\/\/midtjylland.danmarksveteraner.dk\/wordpress\/wp-content\/uploads\/2021\/05\/2021-05-29-12.09.29.jpg\" data-link=\"https:\/\/midtjylland.danmarksveteraner.dk\/wordpress\/?attachment_id=4055\" class=\"wp-image-4055\" srcset=\"https:\/\/midtjylland.danmarksveteraner.dk\/wordpress\/wp-content\/uploads\/2021\/05\/2021-05-29-12.09.29-768x1024.jpg 768w, https:\/\/midtjylland.danmarksveteraner.dk\/wordpress\/wp-content\/uploads\/2021\/05\/2021-05-29-12.09.29-225x300.jpg 225w, https:\/\/midtjylland.danmarksveteraner.dk\/wordpress\/wp-content\/uploads\/2021\/05\/2021-05-29-12.09.29-1152x1536.jpg 1152w, https:\/\/midtjylland.danmarksveteraner.dk\/wordpress\/wp-content\/uploads\/2021\/05\/2021-05-29-12.09.29.jpg 1335w\" sizes=\"(max-width: 768px) 100vw, 768px\" \/><\/a><\/figure><\/li><li class=\"blocks-gallery-item\"><figure><a href=\"https:\/\/midtjylland.danmarksveteraner.dk\/wordpress\/wp-content\/uploads\/2021\/05\/2021-05-29-12.09.42.jpg\"><img loading=\"lazy\" decoding=\"async\" width=\"768\" height=\"1024\" src=\"https:\/\/midtjylland.danmarksveteraner.dk\/wordpress\/wp-content\/uploads\/2021\/05\/2021-05-29-12.09.42-768x1024.jpg\" alt=\"\" data-id=\"4056\" data-full-url=\"https:\/\/midtjylland.danmarksveteraner.dk\/wordpress\/wp-content\/uploads\/2021\/05\/2021-05-29-12.09.42.jpg\" data-link=\"https:\/\/midtjylland.danmarksveteraner.dk\/wordpress\/?attachment_id=4056\" class=\"wp-image-4056\" srcset=\"https:\/\/midtjylland.danmarksveteraner.dk\/wordpress\/wp-content\/uploads\/2021\/05\/2021-05-29-12.09.42-768x1024.jpg 768w, https:\/\/midtjylland.danmarksveteraner.dk\/wordpress\/wp-content\/uploads\/2021\/05\/2021-05-29-12.09.42-225x300.jpg 225w, https:\/\/midtjylland.danmarksveteraner.dk\/wordpress\/wp-content\/uploads\/2021\/05\/2021-05-29-12.09.42-1152x1536.jpg 1152w, https:\/\/midtjylland.danmarksveteraner.dk\/wordpress\/wp-content\/uploads\/2021\/05\/2021-05-29-12.09.42.jpg 1405w\" sizes=\"(max-width: 768px) 100vw, 768px\" \/><\/a><\/figure><\/li><li class=\"blocks-gallery-item\"><figure><a href=\"https:\/\/midtjylland.danmarksveteraner.dk\/wordpress\/wp-content\/uploads\/2021\/05\/2021-05-29-11.22.43.jpg\"><img loading=\"lazy\" decoding=\"async\" width=\"1024\" height=\"768\" src=\"https:\/\/midtjylland.danmarksveteraner.dk\/wordpress\/wp-content\/uploads\/2021\/05\/2021-05-29-11.22.43-1024x768.jpg\" alt=\"\" data-id=\"4051\" data-full-url=\"https:\/\/midtjylland.danmarksveteraner.dk\/wordpress\/wp-content\/uploads\/2021\/05\/2021-05-29-11.22.43.jpg\" data-link=\"https:\/\/midtjylland.danmarksveteraner.dk\/wordpress\/?attachment_id=4051\" class=\"wp-image-4051\" srcset=\"https:\/\/midtjylland.danmarksveteraner.dk\/wordpress\/wp-content\/uploads\/2021\/05\/2021-05-29-11.22.43-1024x768.jpg 1024w, https:\/\/midtjylland.danmarksveteraner.dk\/wordpress\/wp-content\/uploads\/2021\/05\/2021-05-29-11.22.43-300x225.jpg 300w, https:\/\/midtjylland.danmarksveteraner.dk\/wordpress\/wp-content\/uploads\/2021\/05\/2021-05-29-11.22.43-768x576.jpg 768w, https:\/\/midtjylland.danmarksveteraner.dk\/wordpress\/wp-content\/uploads\/2021\/05\/2021-05-29-11.22.43-1536x1152.jpg 1536w, https:\/\/midtjylland.danmarksveteraner.dk\/wordpress\/wp-content\/uploads\/2021\/05\/2021-05-29-11.22.43-2048x1536.jpg 2048w\" sizes=\"(max-width: 1024px) 100vw, 1024px\" \/><\/a><\/figure><\/li><li class=\"blocks-gallery-item\"><figure><a href=\"https:\/\/midtjylland.danmarksveteraner.dk\/wordpress\/wp-content\/uploads\/2021\/05\/2021-05-29-11.40.22.jpg\"><img loading=\"lazy\" decoding=\"async\" width=\"1024\" height=\"768\" src=\"https:\/\/midtjylland.danmarksveteraner.dk\/wordpress\/wp-content\/uploads\/2021\/05\/2021-05-29-11.40.22-1024x768.jpg\" alt=\"\" data-id=\"4044\" data-full-url=\"https:\/\/midtjylland.danmarksveteraner.dk\/wordpress\/wp-content\/uploads\/2021\/05\/2021-05-29-11.40.22.jpg\" data-link=\"https:\/\/midtjylland.danmarksveteraner.dk\/wordpress\/?attachment_id=4044\" class=\"wp-image-4044\" srcset=\"https:\/\/midtjylland.danmarksveteraner.dk\/wordpress\/wp-content\/uploads\/2021\/05\/2021-05-29-11.40.22-1024x768.jpg 1024w, https:\/\/midtjylland.danmarksveteraner.dk\/wordpress\/wp-content\/uploads\/2021\/05\/2021-05-29-11.40.22-300x225.jpg 300w, https:\/\/midtjylland.danmarksveteraner.dk\/wordpress\/wp-content\/uploads\/2021\/05\/2021-05-29-11.40.22-768x576.jpg 768w, https:\/\/midtjylland.danmarksveteraner.dk\/wordpress\/wp-content\/uploads\/2021\/05\/2021-05-29-11.40.22-1536x1152.jpg 1536w, https:\/\/midtjylland.danmarksveteraner.dk\/wordpress\/wp-content\/uploads\/2021\/05\/2021-05-29-11.40.22-2048x1536.jpg 2048w\" sizes=\"(max-width: 1024px) 100vw, 1024px\" \/><\/a><\/figure><\/li><li class=\"blocks-gallery-item\"><figure><a href=\"https:\/\/midtjylland.danmarksveteraner.dk\/wordpress\/wp-content\/uploads\/2021\/05\/2021-05-29-11.22.21.jpg\"><img loading=\"lazy\" decoding=\"async\" width=\"1024\" height=\"768\" src=\"https:\/\/midtjylland.danmarksveteraner.dk\/wordpress\/wp-content\/uploads\/2021\/05\/2021-05-29-11.22.21-1024x768.jpg\" alt=\"\" data-id=\"4043\" data-full-url=\"https:\/\/midtjylland.danmarksveteraner.dk\/wordpress\/wp-content\/uploads\/2021\/05\/2021-05-29-11.22.21.jpg\" data-link=\"https:\/\/midtjylland.danmarksveteraner.dk\/wordpress\/?attachment_id=4043\" class=\"wp-image-4043\" srcset=\"https:\/\/midtjylland.danmarksveteraner.dk\/wordpress\/wp-content\/uploads\/2021\/05\/2021-05-29-11.22.21-1024x768.jpg 1024w, https:\/\/midtjylland.danmarksveteraner.dk\/wordpress\/wp-content\/uploads\/2021\/05\/2021-05-29-11.22.21-300x225.jpg 300w, https:\/\/midtjylland.danmarksveteraner.dk\/wordpress\/wp-content\/uploads\/2021\/05\/2021-05-29-11.22.21-768x576.jpg 768w, https:\/\/midtjylland.danmarksveteraner.dk\/wordpress\/wp-content\/uploads\/2021\/05\/2021-05-29-11.22.21-1536x1152.jpg 1536w, https:\/\/midtjylland.danmarksveteraner.dk\/wordpress\/wp-content\/uploads\/2021\/05\/2021-05-29-11.22.21-2048x1536.jpg 2048w\" sizes=\"(max-width: 1024px) 100vw, 1024px\" \/><\/a><\/figure><\/li><\/ul><\/figure>\n","protected":false},"excerpt":{"rendered":"<p>Vi deltog i \u00e5r med foreningens fane i arrangementet i Holstebro. Det var et vellykket arrangement, om end i noget<\/p>\n","protected":false},"author":2,"featured_media":0,"parent":4025,"menu_order":2,"comment_status":"closed","ping_status":"closed","template":"","meta":{"colormag_page_container_layout":"default_layout","colormag_page_sidebar_layout":"default_layout","footnotes":""},"class_list":["post-4041","page","type-page","status-publish","hentry"],"_links":{"self":[{"href":"https:\/\/midtjylland.danmarksveteraner.dk\/wordpress\/index.php?rest_route=\/wp\/v2\/pages\/4041"}],"collection":[{"href":"https:\/\/midtjylland.danmarksveteraner.dk\/wordpress\/index.php?rest_route=\/wp\/v2\/pages"}],"about":[{"href":"https:\/\/midtjylland.danmarksveteraner.dk\/wordpress\/index.php?rest_route=\/wp\/v2\/types\/page"}],"author":[{"embeddable":true,"href":"https:\/\/midtjylland.danmarksveteraner.dk\/wordpress\/index.php?rest_route=\/wp\/v2\/users\/2"}],"replies":[{"embeddable":true,"href":"https:\/\/midtjylland.danmarksveteraner.dk\/wordpress\/index.php?rest_route=%2Fwp%2Fv2%2Fcomments&post=4041"}],"version-history":[{"count":2,"href":"https:\/\/midtjylland.danmarksveteraner.dk\/wordpress\/index.php?rest_route=\/wp\/v2\/pages\/4041\/revisions"}],"predecessor-version":[{"id":4057,"href":"https:\/\/midtjylland.danmarksveteraner.dk\/wordpress\/index.php?rest_route=\/wp\/v2\/pages\/4041\/revisions\/4057"}],"up":[{"embeddable":true,"href":"https:\/\/midtjylland.danmarksveteraner.dk\/wordpress\/index.php?rest_route=\/wp\/v2\/pages\/4025"}],"wp:attachment":[{"href":"https:\/\/midtjylland.danmarksveteraner.dk\/wordpress\/index.php?rest_route=%2Fwp%2Fv2%2Fmedia&parent=4041"}],"curies":[{"name":"wp","href":"https:\/\/api.w.org\/{rel}","templated":true}]}}