{"id":42,"date":"2016-05-14T12:15:21","date_gmt":"2016-05-14T12:15:21","guid":{"rendered":"http:\/\/test.danmarksveteraner.dk\/wordpress\/?page_id=42"},"modified":"2016-09-10T21:44:21","modified_gmt":"2016-09-10T19:44:21","slug":"historie","status":"publish","type":"page","link":"https:\/\/midtjylland.danmarksveteraner.dk\/wordpress\/?page_id=42","title":{"rendered":"Historie"},"content":{"rendered":"<p><strong>Historie<\/strong><\/p>\n<table width=\"100%\">\n<tbody>\n<tr>\n<td width=\"100%\">P\u00e5 opfordring af oberst Carl Engholm &#8211; chef for Gaza hold I &#8211; stiftede en gruppe FN-veteraner den 26. oktober 1968 FN-Soldaterforeningen &#8220;De Bl\u00e5 Baretter&#8221; under f\u00f8lgende citat: &#8220;Til \u00e6re for den velorganiserede indsats af danske soldater, observat\u00f8rer og politifolk i FN&#8217;s fredsbevarende styrker.&#8221; Foreningens f\u00f8rste formand blev medinitiativtageren Torben Alstrup Nielsen, som selv var tjenstg\u00f8rende sergent i C-Coy p\u00e5 Cypern hold 3 og 4.<\/td>\n<\/tr>\n<tr>\n<td width=\"100%\"><u>Form\u00e5let \u00a0<\/u><\/td>\n<\/tr>\n<tr>\n<td width=\"100%\">med foreningen er f\u00f8rst og fremmest at samle hjemsendt og tjenstg\u00f8rende personel, der har deltaget i missioner for FN, NATO, EU, og OSCE for derved at knytte og styrke de kammeratlige b\u00e5nd blandt medlemmerne. Dern\u00e6st er det foreningens form\u00e5l ogs\u00e5 at st\u00f8tte og oplyse om FN&#8217;s form\u00e5l og virke, herunder specielt de fredsbevarende\/-skabende aktiviteter.<\/td>\n<\/tr>\n<tr>\n<td width=\"100%\"><u>Foreningen \u00a0<\/u><\/td>\n<\/tr>\n<tr>\n<td width=\"100%\">har gennem \u00e5rene udviklet sig til en landsforening med 17 lokalforeninger fordelt over hele landet. Mere end 3.000 personer er i dag medlemmer af foreningen, som er i stadig v\u00e6kst.<\/td>\n<\/tr>\n<tr>\n<td width=\"100%\"><u>Lokalforeningerne \u00a0<\/u><\/td>\n<\/tr>\n<tr>\n<td width=\"100%\">afholder forskellige arrangementer i l\u00f8bet af \u00e5ret, f.eks. foredrag, virksomhedsbes\u00f8g, selskabelige sammenkomster, skydninger, parader etc. Til mange af arrangementerne har hele familien mulighed for at deltage.<\/td>\n<\/tr>\n<\/tbody>\n<\/table>\n","protected":false},"excerpt":{"rendered":"<p>Historie P\u00e5 opfordring af oberst Carl Engholm &#8211; chef for Gaza hold I &#8211; stiftede en gruppe FN-veteraner den 26.<\/p>\n","protected":false},"author":1,"featured_media":0,"parent":349,"menu_order":3,"comment_status":"closed","ping_status":"closed","template":"","meta":{"colormag_page_container_layout":"default_layout","colormag_page_sidebar_layout":"default_layout","footnotes":""},"class_list":["post-42","page","type-page","status-publish","hentry"],"_links":{"self":[{"href":"https:\/\/midtjylland.danmarksveteraner.dk\/wordpress\/index.php?rest_route=\/wp\/v2\/pages\/42"}],"collection":[{"href":"https:\/\/midtjylland.danmarksveteraner.dk\/wordpress\/index.php?rest_route=\/wp\/v2\/pages"}],"about":[{"href":"https:\/\/midtjylland.danmarksveteraner.dk\/wordpress\/index.php?rest_route=\/wp\/v2\/types\/page"}],"author":[{"embeddable":true,"href":"https:\/\/midtjylland.danmarksveteraner.dk\/wordpress\/index.php?rest_route=\/wp\/v2\/users\/1"}],"replies":[{"embeddable":true,"href":"https:\/\/midtjylland.danmarksveteraner.dk\/wordpress\/index.php?rest_route=%2Fwp%2Fv2%2Fcomments&post=42"}],"version-history":[{"count":2,"href":"https:\/\/midtjylland.danmarksveteraner.dk\/wordpress\/index.php?rest_route=\/wp\/v2\/pages\/42\/revisions"}],"predecessor-version":[{"id":110,"href":"https:\/\/midtjylland.danmarksveteraner.dk\/wordpress\/index.php?rest_route=\/wp\/v2\/pages\/42\/revisions\/110"}],"up":[{"embeddable":true,"href":"https:\/\/midtjylland.danmarksveteraner.dk\/wordpress\/index.php?rest_route=\/wp\/v2\/pages\/349"}],"wp:attachment":[{"href":"https:\/\/midtjylland.danmarksveteraner.dk\/wordpress\/index.php?rest_route=%2Fwp%2Fv2%2Fmedia&parent=42"}],"curies":[{"name":"wp","href":"https:\/\/api.w.org\/{rel}","templated":true}]}}