{"id":73,"date":"2016-05-14T15:46:28","date_gmt":"2016-05-14T13:46:28","guid":{"rendered":"http:\/\/test.danmarksveteraner.dk\/wordpress\/?page_id=73"},"modified":"2026-01-14T15:49:39","modified_gmt":"2026-01-14T14:49:39","slug":"organisation","status":"publish","type":"page","link":"https:\/\/midtjylland.danmarksveteraner.dk\/wordpress\/","title":{"rendered":"Forside"},"content":{"rendered":"<h4><a href=\"http:\/\/midtjylland.danmarksveteraner.dk\/wordpress\/wp-content\/uploads\/2017\/04\/Logo-DV-NYT.png\"><img loading=\"lazy\" decoding=\"async\" class=\"wp-image-1166 alignleft\" src=\"http:\/\/midtjylland.danmarksveteraner.dk\/wordpress\/wp-content\/uploads\/2017\/04\/Logo-DV-NYT-885x1024.png\" alt=\"\" width=\"115\" height=\"133\" srcset=\"https:\/\/midtjylland.danmarksveteraner.dk\/wordpress\/wp-content\/uploads\/2017\/04\/Logo-DV-NYT-885x1024.png 885w, https:\/\/midtjylland.danmarksveteraner.dk\/wordpress\/wp-content\/uploads\/2017\/04\/Logo-DV-NYT-259x300.png 259w, https:\/\/midtjylland.danmarksveteraner.dk\/wordpress\/wp-content\/uploads\/2017\/04\/Logo-DV-NYT-768x889.png 768w, https:\/\/midtjylland.danmarksveteraner.dk\/wordpress\/wp-content\/uploads\/2017\/04\/Logo-DV-NYT.png 1128w\" sizes=\"(max-width: 115px) 100vw, 115px\" \/><\/a>\u00a0 \u00a0 \u00a0 \u00a0 \u00a0 Velkommen til<a href=\"http:\/\/midtjylland.danmarksveteraner.dk\/wordpress\/wp-content\/uploads\/2017\/04\/Veteran-m\u00e6rke-Danmark-lille.png\"><img loading=\"lazy\" decoding=\"async\" class=\"wp-image-1169 alignright\" src=\"http:\/\/midtjylland.danmarksveteraner.dk\/wordpress\/wp-content\/uploads\/2017\/04\/Veteran-m\u00e6rke-Danmark-lille.png\" alt=\"\" width=\"120\" height=\"133\" \/><\/a><\/h4>\n<h2>\u00a0 \u00a0 \u00a0 \u00a0 Danmarks Veteraner<\/h2>\n<h3>\u00a0 \u00a0 \u00a0 \u00a0 \u00a0Lokalforening Midtjylland<\/h3>\n<h2><\/h2>\n<h2><\/h2>\n<h2><\/h2>\n<h4><\/h4>\n<h4><\/h4>\n<h4><\/h4>\n<h4><\/h4>\n<h4><\/h4>\n<h4><\/h4>\n<h5><\/h5>\n<h4><\/h4>\n<h4><\/h4>\n<h4><\/h4>\n<h4><\/h4>\n<h4><\/h4>\n<h4><\/h4>\n<h4><\/h4>\n<hr \/>\n<h4><\/h4>\n<hr \/>\n<h2><\/h2>\n<h2><strong>Det sker i december 2025:<\/strong><\/h2>\n<h5>Nyt medlemsmagasin &#8220;Danmarks Veteraner, nr. 4-2025<\/h5>\n<h5>Desv\u00e6rre mangler Midtjyllands indl\u00e6g i bladet. Der er forsvundet under redigering af bladet.<\/h5>\n<h5>Det manglende indl\u00e6g kan l\u00e6ses under Nyheder i h\u00f8jre kolonne eller p\u00e5 dette <a href=\"https:\/\/midtjylland.danmarksveteraner.dk\/wordpress\/wp-content\/uploads\/2025\/12\/Baretten-nr.-4-2025.docx\">LINK<\/a><\/h5>\n<h2><strong>Det sker i januar 2026:<\/strong><\/h2>\n<h5>Ingen arrangementer<\/h5>\n<h2><strong>Det sker i februar 2026:<\/strong><\/h2>\n<h5><strong>25. februar 2026.\u00a0 OBS, OBS, \u00c6NDRET DATO<\/strong><\/h5>\n<h5>Der indkaldes hermed til ordin\u00e6r generalforsamling onsdag d. 25. februar 2026, kl. 18.00 p\u00e5 Grimh\u00f8jvej 1, 8220 Brabrand. Dagsorden if\u00f8lge vedt\u00e6gterne. Endelig dagsorden kan l\u00e6ses p\u00e5 dette <a href=\"https:\/\/midtjylland.danmarksveteraner.dk\/wordpress\/wp-content\/uploads\/2026\/01\/Indkaldelse-GF-2026-NY.pdf\">LINK<\/a><\/h5>\n<div dir=\"auto\"><\/div>\n<div dir=\"auto\"><\/div>\n<div dir=\"auto\">\n<hr \/>\n<\/div>\n<div dir=\"auto\"><\/div>\n<div dir=\"auto\"><\/div>\n<div dir=\"auto\"><\/div>\n<div dir=\"auto\"><\/div>\n<div dir=\"auto\"><\/div>\n<div dir=\"auto\"><\/div>\n<div dir=\"auto\"><\/div>\n<div dir=\"auto\"><\/div>\n<div dir=\"auto\">&#8212;&#8212;&#8212;&#8212;&#8212;&#8212;&#8212;&#8212;&#8212;&#8212;&#8212;&#8212;&#8212;&#8212;&#8212;&#8212;&#8212;&#8212;&#8212;&#8211;<\/div>\n<div dir=\"auto\"><\/div>\n<div dir=\"auto\"><\/div>\n<div dir=\"auto\"><\/div>\n<div dir=\"auto\"><\/div>\n<div dir=\"auto\">\n<h4>Ledigt job<\/h4>\n<\/div>\n<h6>Vi s\u00f8ger en kandidat som p\u00e5 sigt vil kunne overtage kassererposten i foreningen.<\/h6>\n<h6>&#8212;&#8212;&#8212;&#8212;&#8212;&#8212;&#8212;&#8212;&#8212;&#8212;&#8212;&#8212;&#8212;&#8212;&#8212;&#8212;<\/h6>\n<hr \/>\n<h4>Ledigt job<\/h4>\n<p>Vi s\u00f8ger en person der har lyst til at vedligeholde \/ redigere lokalforeningens hjemmeside og aflaste formanden.<\/p>\n<p>Hjemmesiden redigeres i almindelig tekst i WordPress og opl\u00e6ring vil naturligvis finde sted. Alment PC-kendskab er nok n\u00f8dvendigt.<\/p>\n<p>Send en mail til\u00a0<a href=\"palle.stausholm@gmail.com\">palle.stausholm@gmail.com<\/a> og h\u00f8r n\u00e6rmere<\/p>\n<hr \/>\n<p>St\u00f8t Danmarks Veteraner med et bel\u00f8b p\u00e5 mindst 205,- kr. og opn\u00e5 skattefradrag!<br \/>\nDin pengegave er med til at g\u00f8re en forskel for Danmarks veteraner!<br \/>\nDu kan indbetale din gave enten ved en overf\u00f8rsel til<br \/>\nReg. 9570, Konto. 12527934 eller<br \/>\nmed MobilePay til nr. 10093.<br \/>\nHusk at opgive f\u00f8lgende hvis du er :<br \/>\nPrivatperson:<br \/>\nfulde navn<br \/>\nCPR-nr.<br \/>\nSamt skrive ordet Donation<br \/>\nFirmaer:<br \/>\nFirmaets navn<br \/>\nCVR-nr.<br \/>\nsamt skrive ordet Donation.<br \/>\nTak for dit bidrag!<br \/>\nDanmarks Veteraner bruger de indsamlede penge til velg\u00f8rende form\u00e5l for danske veteraner<\/p>\n<h2>\u00a0 \u00a0 \u00a0 \u00a0 \u00a0 \u00a0\u00a0 _________________________________<\/h2>\n<p><a href=\"http:\/\/midtjylland.danmarksveteraner.dk\/wordpress\/wp-content\/uploads\/2016\/11\/WP_20161114_15_18_38_Pro-a.jpg\">\u00a0<\/a>Vores form\u00e5l er at samle flest mulige af hjemsendt og tjenstg\u00f8rende personel,\u00a0der har v\u00e6ret\u00a0udsendt i en International Mission i rammen af FN, NATO, EU, OSCE\u00a0.\u00a0Herigennem at styrke og knytte de kammeratlige b\u00e5nd blandt medlemmerne. Midtjylland har eget hjemlokale Grimh\u00f8jvej 1, 8220 Brabrand. HJV distrikt \u00d8stjylland stiller herudover\u00a0lokaler til r\u00e5dighed for arrangementer afholdt af lokalforeningen p\u00e5 samme adresse.<\/p>\n","protected":false},"excerpt":{"rendered":"<p>\u00a0 \u00a0 \u00a0 \u00a0 \u00a0 Velkommen til \u00a0 \u00a0 \u00a0 \u00a0 Danmarks Veteraner \u00a0 \u00a0 \u00a0 \u00a0 \u00a0Lokalforening Midtjylland Det<\/p>\n","protected":false},"author":1,"featured_media":0,"parent":0,"menu_order":1,"comment_status":"closed","ping_status":"closed","template":"","meta":{"colormag_page_container_layout":"default_layout","colormag_page_sidebar_layout":"default_layout","footnotes":""},"class_list":["post-73","page","type-page","status-publish","hentry"],"_links":{"self":[{"href":"https:\/\/midtjylland.danmarksveteraner.dk\/wordpress\/index.php?rest_route=\/wp\/v2\/pages\/73"}],"collection":[{"href":"https:\/\/midtjylland.danmarksveteraner.dk\/wordpress\/index.php?rest_route=\/wp\/v2\/pages"}],"about":[{"href":"https:\/\/midtjylland.danmarksveteraner.dk\/wordpress\/index.php?rest_route=\/wp\/v2\/types\/page"}],"author":[{"embeddable":true,"href":"https:\/\/midtjylland.danmarksveteraner.dk\/wordpress\/index.php?rest_route=\/wp\/v2\/users\/1"}],"replies":[{"embeddable":true,"href":"https:\/\/midtjylland.danmarksveteraner.dk\/wordpress\/index.php?rest_route=%2Fwp%2Fv2%2Fcomments&post=73"}],"version-history":[{"count":454,"href":"https:\/\/midtjylland.danmarksveteraner.dk\/wordpress\/index.php?rest_route=\/wp\/v2\/pages\/73\/revisions"}],"predecessor-version":[{"id":4882,"href":"https:\/\/midtjylland.danmarksveteraner.dk\/wordpress\/index.php?rest_route=\/wp\/v2\/pages\/73\/revisions\/4882"}],"wp:attachment":[{"href":"https:\/\/midtjylland.danmarksveteraner.dk\/wordpress\/index.php?rest_route=%2Fwp%2Fv2%2Fmedia&parent=73"}],"curies":[{"name":"wp","href":"https:\/\/api.w.org\/{rel}","templated":true}]}}